{"id":182,"date":"2022-10-22T11:01:58","date_gmt":"2022-10-22T11:01:58","guid":{"rendered":"https:\/\/shop.bestudio.ee\/?page_id=182"},"modified":"2022-11-21T08:48:12","modified_gmt":"2022-11-21T08:48:12","slug":"privacy-policy-and-terms","status":"publish","type":"page","link":"https:\/\/shop.bestudio.ee\/et\/privacy-policy-and-terms\/","title":{"rendered":"M\u00fc\u00fcgitingimused"},"content":{"rendered":"<h2 class=\"wp-block-heading\">M\u00fc\u00fcgitingimused<\/h2>\n\n\n\n<p>Veebipoe shop.bestudio.ee omanik on De Sol Beauty O\u00dc, asukohaga J. Vilmsi 53b, 10147 Tallinn, Eesti.<\/p>\n\n\n\n<hr class=\"wp-block-separator has-alpha-channel-opacity\"\/>\n\n\n\n<p><strong>M\u00fc\u00fcgilepingu kehtivus, toote- ja hinnainfo<\/strong><\/p>\n\n\n\n<p>Veebipoes m\u00fc\u00fcdavate toodete hinnad on m\u00e4rgitud toodete juurde. Hind sisaldab tasu kauba kohaletoimetamise eest. Kauba kohaletoimetamise tasu s\u00f5ltub ostja asukohast ja kohaletoimetamise viisist. Tarnetasu kuvatakse ostjale tellimuse vormistamisel.<br>Info toote kohta on toodud Veebipoes vahetult toote juures.<br>Kauba ostu-m\u00fc\u00fcgileping loetakse s\u00f5lmituks p\u00e4rast Ostja poolt tellimuse esitamist ja tellimuse kinnitamist M\u00fc\u00fcja poolt. Tellimuse kinnitus saadetakse e-postiga.<\/p>\n\n\n\n<hr class=\"wp-block-separator has-alpha-channel-opacity\"\/>\n\n\n\n<p><strong>Tellimuse vormistamine<\/strong><\/p>\n\n\n\n<p>Kauba tellimiseks tuleb soovitud tooted ostukorvi lisada. Tellimuse vormistamiseks tuleb t\u00e4ita n\u00f5utud andmev\u00e4ljad ning valida sobiv toote kohaletoimetamise viis. Seej\u00e4rel kuvatakse ekraanile tasu suurus, mille saab tasuda pangalingi v\u00f5i muu makselahenduse kaudu. Pangalingiga tasumisel tuleb kindlasti vajutada panga lehel nuppu \u201cTagasi kaupmehe juurde\u201d.<\/p>\n\n\n\n<p>Tasumine toimub v\u00e4ljaspool shop.bestudio.ee turvalises keskkonnas \u2013 pangalingiga maksmisel vastava panga turvalises keskkonnas ning krediitkaardiga maksmisel Maksekeskus AS turvalises keskkonnas. M\u00fc\u00fcjal puudub ligip\u00e4\u00e4s kliendi panga- ja krediitkaardi andmetele.<\/p>\n\n\n\n<p>Leping j\u00f5ustub alates tasumisele kuuluva summa laekumisest Veebipoe arvelduskontole. Kui tellitud kaupa ei ole v\u00f5imalik kauba l\u00f5ppemise t\u00f5ttu v\u00f5i muul p\u00f5hjusel kohale toimetada, teavitatakse sellest ostjat esimesel v\u00f5imalusel ning tagastatakse viivitamata tasutud raha (sh kauba kohaletoimetamise kulud), kuid mitte hiljem kui 14 p\u00e4eva jooksul teate saatmisest.<\/p>\n\n\n\n<hr class=\"wp-block-separator has-alpha-channel-opacity\"\/>\n\n\n\n<p><strong>Kohaletoimetamine<\/strong><\/p>\n\n\n\n<p>Kaup saadetakse j\u00e4rgmistesse riikidesse: Eesti, Soome, L\u00e4ti.<br>Kauba saatmiskulud kannab ostja ning vastav hinnainfo kuvatakse saatmisviisi juures. Eestisisesed saadetised j\u00f5uavad \u00fcldjuhul ostja m\u00e4\u00e4ratud sihtkohta 1-7 t\u00f6\u00f6p\u00e4eva jooksul alates m\u00fc\u00fcgilepingu j\u00f5ustumisest. Rahvusvahelised saadetised j\u00f5uavad sihtkohta \u00fcldjuhul 2-7 t\u00f6\u00f6p\u00e4eva jooksul.<br>Erandjuhtudel on meil \u00f5igus kaup kohale toimetada 45 kalendrip\u00e4eva jooksul.<\/p>\n\n\n\n<p>Meie partnerid kohaletoimetamisel on: Omniva, SmartPost\/Itella, DPD<\/p>\n\n\n\n<p>Saadetis toimetatakse pakiautomaati.<\/p>\n\n\n\n<hr class=\"wp-block-separator has-alpha-channel-opacity\"\/>\n\n\n\n<p><strong>Maksed<\/strong><\/p>\n\n\n\n<p>De Sol Beauty O\u00dc on isikuandmete vastutav t\u00f6\u00f6tleja, De Sol Beauty O\u00dc edastab maksete tegemiseks vajalikud isikuandmed volitatud t\u00f6\u00f6tleja Maksekeskus AS-le. Maksete tegemine toimub Maksekeskus AS gateway (pangalingid), PayPali, otsepanga\u00fclekande v\u00f5i sularahas BE Studio salongis. Makseid k\u00e4sitletakse valuutas eurodes (EUR).<\/p>\n\n\n\n<p>Pangalingid (volitatud t\u00f6\u00f6tleja Maksekeskus AS): Swedbank, SEB, LHV, Luminor, Coop Pank, Citadele, Pocopay, Indivy, Liisi ID, Aktia, \u00c5landsbanken, Danske, Handelsbanken, Nordea, Oma S\u00e4\u00e4st\u00f6pankki, OP, POP Pankki, S-Pankki ja S\u00e4\u00e4stopankki.<\/p>\n\n\n\n<p><\/p>\n\n\n\n<p>Otsese panga\u00fclekande jaoks:<\/p>\n\n\n\n<p>De Sol Beauty O\u00dc<br>Aadress: Paasiku 22-204 13916 Tallinn Eesti<br>Pangakonto nr: EE751010220218399221<br>SWIFT-kood: EEUHEE2x<br>Panga nimi: SEB Pank<\/p>\n\n\n\n<hr class=\"wp-block-separator has-alpha-channel-opacity\"\/>\n\n\n\n<p><strong>Taganemis\u00f5igus<\/strong><\/p>\n\n\n\n<p>Peale tellimuse k\u00e4ttesaamist on ostjal \u00f5igus e-poes s\u00f5lmitud lepingust taganeda 14 p\u00e4eva jooksul. Avatud pakendiga kosmeetika- ja parf\u00fcmeeriatooteid tagastada ei saa. Tagastamisele ei kuulu ka tooted, mille kasutamist (v\u00f5i mittekasutamist) ei saa kontrollida. N\u00e4iteks meigitooted, mille s\u00e4ilivusaeg on suhteliselt l\u00fchike ja s\u00f5ltub otseselt toote avamise ajast. Taganemis\u00f5igus ei kehti, kui ostjaks on juriidiline isik. 14-p\u00e4evase tagastus\u00f5iguse kasutamiseks ei tohi tellitud kaupa kasutada muul viisil, kui on vajalik kauba olemuses, omadustes ja toimimises veendumiseks viisil, mis v\u00f5imaldab kaupa f\u00fc\u00fcsiliselt testida. kauplus. Kui kaupa on kasutatud muul otstarbel, kui on vajalik kauba olemuses, omadustes ja toimimises veendumiseks v\u00f5i sellel on kasutamise v\u00f5i kulumise m\u00e4rke, on Veebipoel \u00f5igus alandada tagastatavat tasu vastavalt kauba v\u00e4henemisele. kauba v\u00e4\u00e4rtuses. Kauba tagastamiseks tuleb esitada vabas vormis kauba ostmisest taganemise avaldus ning saata see e-posti aadressile info@bestudio.ee hiljemalt 14 p\u00e4eva jooksul kauba k\u00e4ttesaamisest. Kauba tagastamise kulud kannab ostja, v\u00e4lja arvatud juhul, kui tagastamise p\u00f5hjuseks on see, et tagastamisele kuuluv asi ei vasta tellitule (nt vale v\u00f5i defektiga kaup). Ostja peab kauba tagastama 14 p\u00e4eva jooksul peale avalduse esitamist v\u00f5i esitama t\u00f5endi, et on eelnimetatud perioodi jooksul kauba kauba vedajale \u00fcle andnud. Veebipood tagastab tagastatava kauba k\u00e4ttesaamisel ostjale viivitamatult, kuid mitte hiljem kui 14 p\u00e4eva jooksul p\u00e4rast taganemisavalduse k\u00e4ttesaamist, k\u00f5ik ostjalt lepingu alusel saadud tasud. Veebipood v\u00f5ib keelduda raha tagastamisest seni, kuni ta on lepingu esemeks oleva kauba k\u00e4tte saanud v\u00f5i kuni ostja on esitanud t\u00f5endid selle kohta, et ta on kauba tagastanud, olenevalt sellest, kumb toimub varem. Kui ostja on s\u00f5naselgelt valinud veebipoe pakutavast odavaimast tavap\u00e4rasest k\u00e4ttetoimetamise viisist erineva tarneviisi, ei pea Veebipood tarbijale tagastama kulu, mis \u00fcletab tavap\u00e4rase k\u00e4ttetoimetamise viisiga kaasnevat kulu. Veebipoel on \u00f5igus taganeda m\u00fc\u00fcgitehingust ja n\u00f5uda ostjalt kaup tagasi, kui kauba hind veebipoes on eksituse t\u00f5ttu m\u00e4rgitud oluliselt alla kauba turuhinna.<\/p>\n\n\n\n<hr class=\"wp-block-separator has-alpha-channel-opacity\"\/>\n\n\n\n<p><strong>Otseturundus ja isikuandmete t\u00f6\u00f6tlemine<\/strong><\/p>\n\n\n\n<p>Veebipood kasutab ostja poolt sisestatud isikuandmeid (sh nimi, telefoninumber, aadress, e-posti aadress, pangarekvisiidid) ainult tellimuse t\u00f6\u00f6tlemiseks ja kauba ostjale saatmiseks.<br>Veebipood edastab isikuandmeid transporditeenust osutavatele ettev\u00f5tetele kauba kohaletoimetamiseks.<br>Veebipood saadab ostjale uudiskirju ja pakkumisi ostja e-posti aadressile ainult juhul, kui ostja on selleks soovi avaldanud veebilehel e-posti aadressi sisestades ning andnud teada oma soovist saada otsepostitusteateid. Ostjal on igal ajal v\u00f5imalik loobuda e-postile saadetavatest pakkumistest ja uudiskirjadest, andes sellest meile teada e-posti aadressil info@bestudio.ee v\u00f5i j\u00e4rgides pakkumisi sisaldavas e-kirjas toodud juhiseid.<\/p>\n\n\n\n<p>Veebipood edastab isikuandmed volitatud t\u00f6\u00f6tlejatele:<\/p>\n\n\n\n<p>Itella<br>Omniva<br>DPD<br>Swedbank<br>SEB<br>Maksekeskus AS<\/p>\n\n\n\n<hr class=\"wp-block-separator has-alpha-channel-opacity\"\/>\n\n\n\n<p><strong>K\u00fcpsiste kasutamine<\/strong><\/p>\n\n\n\n<p>Kasutajate paremaks teenindamiseks kasutab shop.bestudio.ee veebileht k\u00fcpsiseid.<\/p>\n\n\n\n<hr class=\"wp-block-separator has-alpha-channel-opacity\"\/>\n\n\n\n<p><strong>K\u00fcpsiste kasutamisest keeldumine<\/strong><\/p>\n\n\n\n<p>Kasutajal on \u00f5igus keelduda k\u00fcpsiste arvutisse salvestamisest. Soovi korral peab kasutaja muutma oma veebilehitseja seadeid. Erinevad veebibrauserid kasutavad k\u00fcpsiste keelamiseks erinevaid meetodeid. T\u00e4psem info on kuvatud kodulehel http:\/\/www.aki.ee\/et\/kupsised. K\u00fcpsiste blokeerimisel peab kasutaja arvestama, et p\u00e4rast k\u00fcpsiste blokeerimist ei pruugi k\u00f5ik veebilehe funktsioonid kasutajale enam k\u00e4ttesaadavad olla.<\/p>\n\n\n\n<hr class=\"wp-block-separator has-alpha-channel-opacity\"\/>\n\n\n\n<p><strong>Mis on k\u00fcpsis?<\/strong><\/p>\n\n\n\n<p>K\u00fcpsis on tekstifail, mille saadavad ja salvestavad kasutaja arvutisse veebilehed, mida kasutaja k\u00fclastab. K\u00fcpsis salvestatakse kasutaja veebilehitseja failikataloogi. Kui kasutaja on veebilehte varem k\u00fclastanud, loeb veebilehitseja k\u00fcpsist ja edastab vastava teabe k\u00fcpsise algselt salvestanud veebilehele v\u00f5i elemendile. Lisateavet k\u00fcpsiste kohta leiate veebisaidilt http:\/\/www.aki.ee\/et\/kupsised. K\u00fcpsised v\u00f5imaldavad j\u00e4lgida veebisaidi kasutamise statistikat, jaotiste populaarsust ja muid veebisaidil tehtavaid toiminguid. K\u00fcpsisest saadud teavet kasutatakse veebisaidi kasutatavuse ja sisu parandamise eesm\u00e4rgil.<\/p>\n\n\n\n<hr class=\"wp-block-separator has-alpha-channel-opacity\"\/>\n\n\n\n<p><strong>Veebilehel kasutatavate k\u00fcpsiste t\u00fc\u00fcbid<\/strong><\/p>\n\n\n\n<p>P\u00fcsik\u00fcpsised on veebisaidil navigeerimiseks ja selle funktsioonide kasutamiseks h\u00e4davajalikud. P\u00fcsik\u00fcpsiste puudumisel ei saaks kasutaja kasutada k\u00f5iki veebisaidi funktsioone. Seansik\u00fcpsised v\u00f5imaldavad veebisaidil meeles pidada kasutaja varasemaid valikuid (n\u00e4iteks kasutajanimi, keelevalik jne) ning pakkuda seel\u00e4bi t\u00f5husamaid ja isikup\u00e4rasemaid funktsioone. J\u00e4lgimisk\u00fcpsised koguvad andmeid kasutaja k\u00e4itumise kohta veebisaidil. J\u00e4lgimisk\u00fcpsisest saadav teave v\u00f5imaldab suurendada veebisaidi kasutusmugavust. Reklaamik\u00fcpsised koguvad andmeid kasutaja sirvimisharjumuste kohta, mis omakorda v\u00f5imaldavad veebilehel esitada reklaamsisu vastavalt kasutaja eelistustele. Lisaks v\u00f5imaldab vastavat t\u00fc\u00fcpi k\u00fcpsis m\u00f5\u00f5ta reklaamikampaania efektiivsust.<\/p>\n\n\n\n<hr class=\"wp-block-separator has-alpha-channel-opacity\"\/>\n\n\n\n<p><strong>N\u00f5ude esitamise \u00f5igus<\/strong><\/p>\n\n\n\n<p>Veebipood vastutab ostjale m\u00fc\u00fcdud kauba lepingutingimustele mittevastavuse v\u00f5i puuduse eest, mis oli olemas juba asja \u00fcleandmise hetkel ja ilmneb kahe aasta jooksul alates kauba \u00fcleandmisest ostjale. ostja. Esimese kuue kuu jooksul alates asja \u00fcleandmisest ostjale eeldatakse, et puudus oli olemas juba kauba \u00fcleandmise hetkel. Veebipoe kohustus on vastav oletus \u00fcmber l\u00fckata. Ostjal on \u00f5igus puuduse ilmnemisel p\u00f6\u00f6rduda hiljemalt kahe kuu jooksul veebipoe poole, saates e-kirja aadressile info@bestudio.ee v\u00f5i helistades telefonil +372 5555 4437. Veebipood ei vastuta puuduste eest mis on tekkinud p\u00e4rast kauba ostjale \u00fcleandmist. Kui Veebipoest ostetud kaubal on puudused, mille eest Veebipood vastutab, parandab v\u00f5i asendab Veebipood puudusega kauba. Kui kaupa ei ole v\u00f5imalik parandada v\u00f5i asendada, tagastab Veebipood ostjale k\u00f5ik m\u00fc\u00fcgilepinguga kaasnevad tasud. Tarbija kaebusele vastab veebipood kirjalikult v\u00f5i kirjalikku taasesitamist v\u00f5imaldavas vormis 15 p\u00e4eva jooksul.<\/p>\n\n\n\n<hr class=\"wp-block-separator has-alpha-channel-opacity\"\/>\n\n\n\n<p><strong>Argumentide lahendamine<\/strong><\/p>\n\n\n\n<p>Kui ostjal on Veebipoe suhtes pretensioone, tuleb need saata aadressile info@bestudio.ee v\u00f5i helistada telefonil +372 5555 4437. Kui ostja ja Veebipood ei suuda vaidlust kokkuleppe teel lahendada, v\u00f5ib ostja p\u00f6\u00f6rduda tarbijavaidluste komisjoni poole. . Menetlustingimustega saab tutvuda ja avalduse esitada <a href=\"https:\/\/ttja.ee\/tarbijavaidluste-komisjon#esitaavaldus\" data-type=\"URL\" data-id=\"https:\/\/ttja.ee\/tarbijavaidluste-komisjon#esitaavaldus\" target=\"_blank\" rel=\"noreferrer noopener\">siin<\/a>. Tarbijavaidluste komisjoni p\u00e4devuses on lahendada ostja ja Veebipoe vahel s\u00f5lmitud lepingust tulenevaid vaidlusi. Ostja kaebuse l\u00e4bivaatamine komisjoni poolt on tasuta. Ostja saab p\u00f6\u00f6rduda Euroopa Liidu tarbijavaidluste lahendamise platvormi poole.<\/p>\n\n\n\n<p><\/p>","protected":false},"excerpt":{"rendered":"<p>Tingimused Veebipoe shop.bestudio.ee omanik on De Sol Beauty O\u00dc, asukohaga J. Vilmsi 53b,\u2026<\/p>","protected":false},"author":1,"featured_media":0,"parent":0,"menu_order":0,"comment_status":"closed","ping_status":"closed","template":"","meta":{"footnotes":""},"class_list":["post-182","page","type-page","status-publish","hentry"],"jetpack_sharing_enabled":true,"_links":{"self":[{"href":"https:\/\/shop.bestudio.ee\/et\/wp-json\/wp\/v2\/pages\/182","targetHints":{"allow":["GET"]}}],"collection":[{"href":"https:\/\/shop.bestudio.ee\/et\/wp-json\/wp\/v2\/pages"}],"about":[{"href":"https:\/\/shop.bestudio.ee\/et\/wp-json\/wp\/v2\/types\/page"}],"author":[{"embeddable":true,"href":"https:\/\/shop.bestudio.ee\/et\/wp-json\/wp\/v2\/users\/1"}],"replies":[{"embeddable":true,"href":"https:\/\/shop.bestudio.ee\/et\/wp-json\/wp\/v2\/comments?post=182"}],"version-history":[{"count":16,"href":"https:\/\/shop.bestudio.ee\/et\/wp-json\/wp\/v2\/pages\/182\/revisions"}],"predecessor-version":[{"id":9466,"href":"https:\/\/shop.bestudio.ee\/et\/wp-json\/wp\/v2\/pages\/182\/revisions\/9466"}],"wp:attachment":[{"href":"https:\/\/shop.bestudio.ee\/et\/wp-json\/wp\/v2\/media?parent=182"}],"curies":[{"name":"t\u00f6\u00f6leht","href":"https:\/\/api.w.org\/{rel}","templated":true}]}}