{"id":8717,"date":"2022-11-12T08:59:02","date_gmt":"2022-11-12T08:59:02","guid":{"rendered":"https:\/\/shop.bestudio.ee\/?page_id=8717"},"modified":"2023-12-01T22:07:59","modified_gmt":"2023-12-01T22:07:59","slug":"privacy-policy","status":"publish","type":"page","link":"https:\/\/shop.bestudio.ee\/et\/privacy-policy\/","title":{"rendered":"Privaatsuspoliitika"},"content":{"rendered":"<ol class=\"wp-block-list\">\n<li><strong>Kindral <\/strong><\/li>\n<\/ol>\n\n\n\n<p>1.1. K\u00e4esolev privaatsuspoliitika reguleerib isikuandmete kogumise, t\u00f6\u00f6tlemise ja s\u00e4ilitamise p\u00f5him\u00f5tteid. Isikuandmeid kogub, t\u00f6\u00f6tleb ja s\u00e4ilitab isikuandmete vastutav t\u00f6\u00f6tleja De Sol Beauty O\u00dc (edaspidi andmet\u00f6\u00f6tleja).<\/p>\n\n\n\n<p>1.2. Andmesubjekt privaatsuspoliitika m\u00f5istes on klient v\u00f5i muu f\u00fc\u00fcsiline isik, kelle isikuandmeid t\u00f6\u00f6tleb andmet\u00f6\u00f6tleja.<\/p>\n\n\n\n<p>1.3. Klient privaatsuspoliitika m\u00f5istes on iga\u00fcks, kes ostab kaupu v\u00f5i teenuseid andmet\u00f6\u00f6tleja veebilehelt.<\/p>\n\n\n\n<p>1.4. Andmet\u00f6\u00f6tleja j\u00e4rgib \u00f5igusaktides s\u00e4testatud andmet\u00f6\u00f6tluse p\u00f5him\u00f5tteid, muuhulgas t\u00f6\u00f6tleb andmet\u00f6\u00f6tleja isikuandmeid seaduslikult, \u00f5iglaselt ja turvaliselt. Andmet\u00f6\u00f6tlejal on v\u00f5imalik kinnitada, et isikuandmeid on t\u00f6\u00f6deldud koosk\u00f5las \u00f5igusaktides s\u00e4testatuga.<\/p>\n\n\n\n<hr class=\"wp-block-separator has-alpha-channel-opacity\"\/>\n\n\n\n<ol class=\"wp-block-list\" start=\"2\">\n<li><strong>Isikuandmete kogumine, t\u00f6\u00f6tlemine ja s\u00e4ilitamine<\/strong><\/li>\n<\/ol>\n\n\n\n<p>2.1. Isikuandmeid, mida andmet\u00f6\u00f6tleja kogub, t\u00f6\u00f6tleb ja s\u00e4ilitab, kogutakse elektrooniliselt, peamiselt veebilehe ja e-posti teel.<\/p>\n\n\n\n<p>2.2. Andmesubjekt annab oma isikuandmete jagamisega andmet\u00f6\u00f6tlejale \u00f5iguse koguda, korraldada, kasutada ja hallata privaatsuspoliitikas m\u00e4rgitud eesm\u00e4rkidel isikuandmeid, mida andmesubjekt kaupu ostes v\u00f5i kaudselt jagab andmet\u00f6\u00f6tlejaga v\u00f5i teenuseid veebisaidil.<\/p>\n\n\n\n<p>2.3. Andmesubjekt vastutab selle eest, et tema esitatud andmed oleksid t\u00e4psed, \u00f5iged ja t\u00e4ielikud. Teadlikult valeandmete esitamist loetakse privaatsuspoliitika rikkumiseks. Andmesubjekt on kohustatud viivitamatult teavitama andmet\u00f6\u00f6tlejat esitatud andmete muutumisest.<\/p>\n\n\n\n<p>2.4. Andmet\u00f6\u00f6tleja ei vastuta andmesubjektile v\u00f5i kolmandatele isikutele tekitatud kahju eest, mis on p\u00f5hjustatud andmesubjekti valeandmete esitamisest.<\/p>\n\n\n\n<hr class=\"wp-block-separator has-alpha-channel-opacity\"\/>\n\n\n\n<ol class=\"wp-block-list\" start=\"3\">\n<li><strong>Klientide isikuandmete t\u00f6\u00f6tlemine<\/strong><\/li>\n<\/ol>\n\n\n\n<p>3.1. Andmet\u00f6\u00f6tleja v\u00f5ib t\u00f6\u00f6delda j\u00e4rgmisi andmesubjekti isikuandmeid:<br>3.1.1. ees- ja perekonnanimi;<br>3.1.2. S\u00fcnnikuup\u00e4ev;<br>3.1.3. Telefoninumber;<br>3.1.4. E-posti aadress;<br>3.1.5. Saaja aadress;<br>3.1.6. arvelduskonto number;<br>3.1.7. Maksekaardi andmed;<\/p>\n\n\n\n<p>3.2. Lisaks eeltoodule on andmet\u00f6\u00f6tlejal \u00f5igus koguda kliendi kohta andmeid, mis on k\u00e4ttesaadavad avalikes registrites.<\/p>\n\n\n\n<p>3.3. Isikuandmete t\u00f6\u00f6tlemise \u00f5iguslik alus on isikuandmete kaitse \u00fcldm\u00e4\u00e4ruse artikli 6 l\u00f5ike 1 punktid a, b, c ja f:<\/p>\n\n\n\n<p>a) andmesubjekt on andnud n\u00f5usoleku oma isikuandmete t\u00f6\u00f6tlemiseks \u00fchel v\u00f5i mitmel konkreetsel eesm\u00e4rgil;<\/p>\n\n\n\n<p>b) isikuandmete t\u00f6\u00f6tlemine on vajalik andmesubjekti osalusel s\u00f5lmitud lepingu t\u00e4itmiseks v\u00f5i lepingu s\u00f5lmimisele eelnevate meetmete v\u00f5tmiseks vastavalt andmesubjekti soovile;<\/p>\n\n\n\n<p>c) isikuandmete t\u00f6\u00f6tlemine on vajalik andmet\u00f6\u00f6tleja juriidilise kohustuse t\u00e4itmiseks;<\/p>\n\n\n\n<p>f) isikuandmete t\u00f6\u00f6tlemine on vajalik vastutava t\u00f6\u00f6tleja v\u00f5i kolmanda isiku \u00f5igustatud huvi korral, v\u00e4lja arvatud juhul, kui see huvi kaalub \u00fcles andmesubjekti huvid v\u00f5i p\u00f5hi\u00f5igused ja -vabadused, mille nimel tuleb isikuandmeid kaitsta , eriti kui andmesubjekt on laps.<\/p>\n\n\n\n<p>3.4. Isikuandmete t\u00f6\u00f6tlemine vastavalt t\u00f6\u00f6tlemise eesm\u00e4rgile:<\/p>\n\n\n\n<p>3.4.1. T\u00f6\u00f6tlemise eesm\u00e4rk \u2013 turvalisus ja ohutus<br>Isikuandmete maksimaalne s\u00e4ilitamise aeg \u2013 vastavalt seaduses s\u00e4testatud t\u00e4htaegadele<\/p>\n\n\n\n<p>3.4.2. T\u00f6\u00f6tlemise eesm\u00e4rk \u2013 tellimuse t\u00f6\u00f6tlemine<br>Isikuandmete maksimaalne s\u00e4ilitamise aeg on 10 aastat.<\/p>\n\n\n\n<p>3.4.3. T\u00f6\u00f6tlemise eesm\u00e4rk \u2013 e-poe teenuste toimimise tagamine<br>Isikuandmete maksimaalne s\u00e4ilitamise aeg on 10 aastat.<\/p>\n\n\n\n<p>3.4.4. T\u00f6\u00f6tlemise eesm\u00e4rk \u2013 kliendihaldus<br>Isikuandmete maksimaalne s\u00e4ilitamise aeg on 10 aastat.<\/p>\n\n\n\n<p>3.4.5. T\u00f6\u00f6tlemise eesm\u00e4rk \u2013 finantstegevus, raamatupidamine<br>Isikuandmete maksimaalne s\u00e4ilitamise aeg \u2013 vastavalt seaduses s\u00e4testatud t\u00e4htaegadele<\/p>\n\n\n\n<p>3.4.6. T\u00f6\u00f6tlemise eesm\u00e4rk \u2013 turustamine<br>Isikuandmete maksimaalne s\u00e4ilitamise aeg on 10 aastat.<\/p>\n\n\n\n<p>3.5. Andmet\u00f6\u00f6tlejal on \u00f5igus jagada klientide isikuandmeid kolmandate isikutega, nagu volitatud andmet\u00f6\u00f6tlejad, raamatupidajad, transpordi- ja kullerfirmad, \u00fclekandeteenust osutavad ettev\u00f5tted. Isikuandmete vastutav t\u00f6\u00f6tleja on andmet\u00f6\u00f6tleja. Andmet\u00f6\u00f6tleja edastab maksete tegemiseks vajalikud isikuandmed volitatud t\u00f6\u00f6tleja Maksekeskus AS-le.<\/p>\n\n\n\n<p>3.6. Andmesubjekti isikuandmete t\u00f6\u00f6tlemisel ja s\u00e4ilitamisel rakendab andmet\u00f6\u00f6tleja organisatsioonilisi ja tehnilisi meetmeid, mis tagavad isikuandmete kaitse juhusliku v\u00f5i ebaseadusliku h\u00e4vimise, muutmise, avalikustamise ja igasuguse muu ebaseadusliku t\u00f6\u00f6tlemise eest.<\/p>\n\n\n\n<p>3.7. Andmet\u00f6\u00f6tleja s\u00e4ilitab andmesubjektide andmeid olenevalt t\u00f6\u00f6tlemise eesm\u00e4rgist, kuid mitte kauem kui 10 aastat.<\/p>\n\n\n\n<hr class=\"wp-block-separator has-alpha-channel-opacity\"\/>\n\n\n\n<ol class=\"wp-block-list\" start=\"4\">\n<li><strong>Andmesubjekti \u00f5igused<\/strong><\/li>\n<\/ol>\n\n\n\n<p>4.1. Andmesubjektil on \u00f5igus tutvuda oma isikuandmetega ja nendega tutvuda.<\/p>\n\n\n\n<p>4.2. Andmesubjektil on \u00f5igus saada teavet oma isikuandmete t\u00f6\u00f6tlemise kohta.<\/p>\n\n\n\n<p>4.3. Andmesubjektil on \u00f5igus ebat\u00e4psust t\u00e4iendada v\u00f5i parandada<\/p>","protected":false},"excerpt":{"rendered":"<p>1.1. K\u00e4esolev privaatsuspoliitika reguleerib isikuandmete kogumise, t\u00f6\u00f6tlemise ja s\u00e4ilitamise p\u00f5him\u00f5tteid. Isikuandmeid kogutakse,\u2026<\/p>","protected":false},"author":2,"featured_media":0,"parent":0,"menu_order":0,"comment_status":"closed","ping_status":"closed","template":"","meta":{"footnotes":""},"class_list":["post-8717","page","type-page","status-publish","hentry"],"jetpack_sharing_enabled":true,"_links":{"self":[{"href":"https:\/\/shop.bestudio.ee\/et\/wp-json\/wp\/v2\/pages\/8717","targetHints":{"allow":["GET"]}}],"collection":[{"href":"https:\/\/shop.bestudio.ee\/et\/wp-json\/wp\/v2\/pages"}],"about":[{"href":"https:\/\/shop.bestudio.ee\/et\/wp-json\/wp\/v2\/types\/page"}],"author":[{"embeddable":true,"href":"https:\/\/shop.bestudio.ee\/et\/wp-json\/wp\/v2\/users\/2"}],"replies":[{"embeddable":true,"href":"https:\/\/shop.bestudio.ee\/et\/wp-json\/wp\/v2\/comments?post=8717"}],"version-history":[{"count":5,"href":"https:\/\/shop.bestudio.ee\/et\/wp-json\/wp\/v2\/pages\/8717\/revisions"}],"predecessor-version":[{"id":10083,"href":"https:\/\/shop.bestudio.ee\/et\/wp-json\/wp\/v2\/pages\/8717\/revisions\/10083"}],"wp:attachment":[{"href":"https:\/\/shop.bestudio.ee\/et\/wp-json\/wp\/v2\/media?parent=8717"}],"curies":[{"name":"t\u00f6\u00f6leht","href":"https:\/\/api.w.org\/{rel}","templated":true}]}}