{"id":9141,"date":"2022-11-20T11:24:44","date_gmt":"2022-11-20T11:24:44","guid":{"rendered":"https:\/\/shop.bestudio.ee\/?page_id=9141"},"modified":"2022-11-20T11:30:44","modified_gmt":"2022-11-20T11:30:44","slug":"reseller-info","status":"publish","type":"page","link":"https:\/\/shop.bestudio.ee\/et\/reseller-info\/","title":{"rendered":"Edasim\u00fc\u00fcja teave"},"content":{"rendered":"<div style=\"height:100px\" aria-hidden=\"true\" class=\"wp-block-spacer\"><\/div>\n\n\n\n<p><strong>Kallid k\u00fc\u00fcnetehnikud ja edasim\u00fc\u00fcjad! <\/strong><\/p>\n\n\n\n<div style=\"height:100px\" aria-hidden=\"true\" class=\"wp-block-spacer\"><\/div>\n\n\n\n<p>Pange t\u00e4hele, et meil on teile pakkumiseks erihinnad. <\/p>\n\n\n\n<p>Mida see t\u00e4hendab? <\/p>\n\n\n\n<p>Teil on v\u00f5imalus meie tooteid edasi m\u00fc\u00fca ja soetada need palju soodsama hinnaga. <\/p>\n\n\n\n<p>Edasim\u00fc\u00fcgikontole juurdep\u00e4\u00e4su saamiseks toimige j\u00e4rgmiselt. <\/p>\n\n\n\n<p>- Registreerige tavaline konto <\/p>\n\n\n\n<p>\u2013 Saada soov e-posti teel aadressile info@bestudio.ee <\/p>\n\n\n\n<p>\u2013 Kinnitame ja avame teile edasim\u00fc\u00fcgikonto koos s\u00f5bralike hindadega. <\/p>\n\n\n\n<p><\/p>\n\n\n\n<p>Pange t\u00e4hele, et IBX Systemi toodete ostmisel on vajalik kehtiv IBX sertifikaat. <\/p>\n\n\n\n<p><\/p>\n\n\n\n<p>T\u00e4name ja naudi oma ostukogemust!\u00a0<\/p>\n\n\n\n<p><a href=\"https:\/\/shop.bestudio.ee\/et\/?customize_changeset_uuid=f003b774-b0dd-4b08-8db8-deb58f28c9e9&amp;trp-edit-translation=preview\"><\/a><\/p>\n\n\n\n<div style=\"height:100px\" aria-hidden=\"true\" class=\"wp-block-spacer\"><\/div>","protected":false},"excerpt":{"rendered":"<p>Kallid k\u00fc\u00fcnetehnikud ja edasim\u00fc\u00fcjad! Pange t\u00e4hele, et meil on teile pakkumiseks erihinnad. Mida see teeb\u2026<\/p>","protected":false},"author":1,"featured_media":0,"parent":0,"menu_order":0,"comment_status":"closed","ping_status":"closed","template":"","meta":{"footnotes":""},"class_list":["post-9141","page","type-page","status-publish","hentry"],"jetpack_sharing_enabled":true,"_links":{"self":[{"href":"https:\/\/shop.bestudio.ee\/et\/wp-json\/wp\/v2\/pages\/9141","targetHints":{"allow":["GET"]}}],"collection":[{"href":"https:\/\/shop.bestudio.ee\/et\/wp-json\/wp\/v2\/pages"}],"about":[{"href":"https:\/\/shop.bestudio.ee\/et\/wp-json\/wp\/v2\/types\/page"}],"author":[{"embeddable":true,"href":"https:\/\/shop.bestudio.ee\/et\/wp-json\/wp\/v2\/users\/1"}],"replies":[{"embeddable":true,"href":"https:\/\/shop.bestudio.ee\/et\/wp-json\/wp\/v2\/comments?post=9141"}],"version-history":[{"count":4,"href":"https:\/\/shop.bestudio.ee\/et\/wp-json\/wp\/v2\/pages\/9141\/revisions"}],"predecessor-version":[{"id":9469,"href":"https:\/\/shop.bestudio.ee\/et\/wp-json\/wp\/v2\/pages\/9141\/revisions\/9469"}],"wp:attachment":[{"href":"https:\/\/shop.bestudio.ee\/et\/wp-json\/wp\/v2\/media?parent=9141"}],"curies":[{"name":"t\u00f6\u00f6leht","href":"https:\/\/api.w.org\/{rel}","templated":true}]}}