{"id":10054,"date":"2023-11-28T19:08:35","date_gmt":"2023-11-28T17:08:35","guid":{"rendered":"https:\/\/shop.bestudio.ee\/?post_type=product&#038;p=10054"},"modified":"2025-12-01T00:24:49","modified_gmt":"2025-11-30T22:24:49","slug":"kera-base-keratin-strengthening-base-8ml","status":"publish","type":"product","link":"https:\/\/shop.bestudio.ee\/et\/toode\/kera-base-keratin-strengthening-base-8ml\/","title":{"rendered":"KERA BASE \u2013 keratiini tugevdav alus, 8ml"},"content":{"rendered":"<ul>\n<li>V\u00e4rvus: v\u00e4rvitu<\/li>\n<li>Konsistents: keskmise paksusega<\/li>\n<li>T\u00e4iusliku kujuga pintsel teeb toote pealekandmise lihtsaks ja mugavaks \u2013 ka v\u00e4ga raskesti ligip\u00e4\u00e4setavates kohtades, nt k\u00fc\u00fcnevoldi l\u00e4hedal.<\/li>\n<li>P\u00e4rast lambi sissel\u00fclitamist ei pea seda viilima.<\/li>\n<li>Maht: 8 ml<\/li>\n<\/ul>\n<p>LED lamp min. 48\u201360 sek; UV lamp 36W \u2013 120sek<\/p>\n<p>Kerabase on m\u00f5eldud ainult professionaalseks kasutamiseks.<\/p>\n<p>&nbsp;<\/p>\n<table border=\"0\" width=\"540\" cellspacing=\"0\" cellpadding=\"0\">\n<tbody>\n<tr>\n<td width=\"428\">POL\u00dcAKR\u00dc\u00dcLHAPE, ISOBORN\u00dc\u00dcLAKR\u00dcLAAT, TRIMET\u00dc\u00dcLBENSO\u00dc\u00dcLDIFEN\u00dc\u00dcLFOSFIOKSIID, H\u00dcDROL\u00dc\u00dcSITUD KERATIIN<\/td>\n<\/tr>\n<\/tbody>\n<\/table>","protected":false},"excerpt":{"rendered":"<p><strong>KERA BASE \u2013 keratiini tugevdav alus<\/strong><\/p>\n<p>MAKEAR Kera Base on keratiinp\u00f5hi, mis on m\u00f5eldud kasutamiseks \u00f5rnade ja rabedate k\u00fc\u00fcnte korral. MAKEAR Kera Base koosneb keratiinidest, mis loovad kaitsekihi. See kiht hoolitseb teie manik\u00fc\u00fcri ja k\u00fc\u00fcnte hea seisukorra eest.<\/p>\n<p>Kera Base tugevdab looduslikku plaati selle k\u00f5vaduse t\u00f5ttu. Samuti kaitseb see teie k\u00fc\u00fcsi mehaaniliste kahjustuste eest.<\/p>\n<p>Seda on ideaalne kasutada koos geeli, geellaki v\u00f5i akr\u00fc\u00fclgeeliga, kuna see parandab nende toodete nakkuvust.<\/p>\n<p>T\u00e4nu keskmise paksusele konsistentsile ja isetasanduvale omadusele on Kerabase&#039;i lihtne peale kanda. Kera Base on ka suurep\u00e4rane lahendus pedik\u00fc\u00fcri l\u00e4biviimiseks.<\/p>","protected":false},"featured_media":10055,"template":"","meta":[],"product_brand":[],"product_cat":[116,218,219,228,117,136],"product_tag":[],"class_list":{"0":"post-10054","1":"product","2":"type-product","3":"status-publish","4":"has-post-thumbnail","6":"product_cat-makear","7":"product_cat-nail-gel-polishes","8":"product_cat-base-and-top-coat","9":"product_cat-clear-base-and-top-coat","10":"product_cat-base","11":"product_cat-base-clear","13":"first","14":"instock","15":"taxable","16":"shipping-taxable","17":"purchasable","18":"product-type-simple"},"jetpack_sharing_enabled":true,"_links":{"self":[{"href":"https:\/\/shop.bestudio.ee\/et\/wp-json\/wp\/v2\/product\/10054","targetHints":{"allow":["GET"]}}],"collection":[{"href":"https:\/\/shop.bestudio.ee\/et\/wp-json\/wp\/v2\/product"}],"about":[{"href":"https:\/\/shop.bestudio.ee\/et\/wp-json\/wp\/v2\/types\/product"}],"wp:featuredmedia":[{"embeddable":true,"href":"https:\/\/shop.bestudio.ee\/et\/wp-json\/wp\/v2\/media\/10055"}],"wp:attachment":[{"href":"https:\/\/shop.bestudio.ee\/et\/wp-json\/wp\/v2\/media?parent=10054"}],"wp:term":[{"taxonomy":"product_brand","embeddable":true,"href":"https:\/\/shop.bestudio.ee\/et\/wp-json\/wp\/v2\/product_brand?post=10054"},{"taxonomy":"product_cat","embeddable":true,"href":"https:\/\/shop.bestudio.ee\/et\/wp-json\/wp\/v2\/product_cat?post=10054"},{"taxonomy":"product_tag","embeddable":true,"href":"https:\/\/shop.bestudio.ee\/et\/wp-json\/wp\/v2\/product_tag?post=10054"}],"curies":[{"name":"t\u00f6\u00f6leht","href":"https:\/\/api.w.org\/{rel}","templated":true}]}}