{"id":10130,"date":"2024-01-29T19:40:47","date_gmt":"2024-01-29T17:40:47","guid":{"rendered":"https:\/\/shop.bestudio.ee\/?post_type=product&#038;p=10130"},"modified":"2025-12-01T00:23:35","modified_gmt":"2025-11-30T22:23:35","slug":"jg01-jellygo-milky-pink-15ml","status":"publish","type":"product","link":"https:\/\/shop.bestudio.ee\/et\/toode\/jg01-jellygo-milky-pink-15ml\/","title":{"rendered":"JG01 Jelly&amp;go \u2013 Piimjasroosa, 15ml"},"content":{"rendered":"<p><strong>Kuidas kasutada:<\/strong><\/p>\n<ol>\n<li>Valmistage naturaalne k\u00fc\u00fcneplaat korralikult ette. Matti see, puhasta ja rasvatustage<\/li>\n<li>Kandke peale happevaba v\u00f5i happeline krunt<\/li>\n<li>Kandke alus ja kuivatage see UV\/LED-lambis<\/li>\n<li>L\u00f5ika ja sobita vorm k\u00fc\u00fcne vaba servaga<\/li>\n<li>Kandke \u00f5huke kiht geeli, valmistage raam ette ja kuivatage seda lambis 15-30 sekundit<\/li>\n<li>Kandke peale paksem kiht geeli ja viige l\u00e4bi korralik k\u00fc\u00fcnte ehitus \u2013 tipp, C-k\u00f5ver<\/li>\n<li>Kasutage Cleanerit ja viilige k\u00fc\u00fcs soovitud kuju saamiseks<\/li>\n<li>L\u00f5petage k\u00fc\u00fcnte stiliseerimine<\/li>\n<\/ol>\n<p><strong>Jelly&amp;Go by Makear on m\u00f5eldud professionaalseks kasutamiseks.<\/strong><\/p>\n<p>&nbsp;<\/p>\n<p>AKR\u00dcLAADIDE KOPOL\u00dcMEER, H\u00dcDROKS\u00dcPROP\u00dc\u00dcLMETAKR\u00dcLAAT, TSELLULOOSATSETAATBUT\u00dcRAAT, DIMETIKON, MIKROKRISTALLINE VAHA, Vilgukivi, ET\u00dc\u00dcLTRIMET\u00dc\u00dcBENSO\u00dc\u00dcLFEN\u00dc\u00dcLFOSFINAAT, CI 77891<strong><br \/>\n<\/strong><\/p>","protected":false},"excerpt":{"rendered":"<p><strong>Jelly&amp;Go<\/strong> \u2013 tarretisegeel, mis annab teile rohkem aega k\u00fc\u00fcnte stiliseerimise viimistlemiseks v\u00f5i m\u00f5ne k\u00fc\u00fcne \u00fche korraga ettevalmistamiseks.<br \/>\nV\u00e4ga paksu konsistentsiga geel, mis ei ole isetasanduv. T\u00e4nu sellele ei levi see \u00fcle k\u00fc\u00fcnenaha ja v\u00f5imaldab kulutada rohkem aega k\u00fc\u00fcntele v\u00f5i valmistada ette rohkem k\u00fc\u00fcsi \u00fche korraga. Geel, mis on tarretise konsistentsiga ja t\u00f6\u00f6tab pintsliga h\u00f5lpsalt. See on v\u00e4ga vastupidav ja vastupidav mehaanilistele kahjustustele. See toode on eriti soovitatav algajatele k\u00fc\u00fcnetehnikutele, aga ka neile, kes loovad teravaid kujundeid v\u00f5i \u00fclipikkasid k\u00fc\u00fcsi.<\/p>\n<p><strong>Peamised eelised:<\/strong><\/p>\n<ul>\n<li>Seda saab kasutada algajate k\u00fc\u00fcnestilistide jaoks<\/li>\n<li>See v\u00f5imaldab valmistada mitu k\u00fc\u00fcnt korraga<\/li>\n<li>Sellega on lihtne t\u00f6\u00f6tada. See ei levi k\u00fc\u00fcnenahale<\/li>\n<li>Pol\u00fcmerisatsiooni minimaalne temperatuur ei p\u00f5hjusta lambis valutamist<\/li>\n<li>See on m\u00f5eldud teravate vormide ja \u00fclipikkade k\u00fc\u00fcnte jaoks<\/li>\n<li>Seda saab kasutada kahe vormiga<\/li>\n<\/ul>\n<p><strong>Kasutamine: k\u00fc\u00fcnte pikendamine, k\u00fc\u00fcne\u00f5\u00f5ne t\u00e4itmine, k\u00fc\u00fcnte katmine, looduslike k\u00fc\u00fcnte tugevdamine<\/strong><\/p>\n<ul>\n<li>1-faasiline toode<\/li>\n<li>Konsistents: paks<\/li>\n<li>Paindlikkus: madal<\/li>\n<li>K\u00fc\u00fcnte pikendamine: jah<\/li>\n<li>K\u00fc\u00fcnte kattekiht: jah<\/li>\n<li>Isetasanduv: ei<\/li>\n<li>K\u00fc\u00fcnteplaadi t\u00fc\u00fcp: iga<\/li>\n<li>Katvus: 90%<\/li>\n<li>Dispersioonikiht: jah<\/li>\n<li>Pol\u00fcmerisatsiooni temperatuur: v\u00e4ga madal<\/li>\n<\/ul>\n<p>Pol\u00fcmerisatsioon: UV LED 48W \u2013 60s<\/p>","protected":false},"featured_media":10131,"template":"","meta":[],"product_brand":[],"product_cat":[116,119,253,222,252],"product_tag":[],"class_list":{"0":"post-10130","1":"product","2":"type-product","3":"status-publish","4":"has-post-thumbnail","6":"product_cat-makear","7":"product_cat-gel","8":"product_cat-jellygo-gel","9":"product_cat-sculpting-gel-acrygel","10":"product_cat-jellygo","12":"first","13":"instock","14":"taxable","15":"shipping-taxable","16":"purchasable","17":"product-type-simple"},"jetpack_sharing_enabled":true,"_links":{"self":[{"href":"https:\/\/shop.bestudio.ee\/et\/wp-json\/wp\/v2\/product\/10130","targetHints":{"allow":["GET"]}}],"collection":[{"href":"https:\/\/shop.bestudio.ee\/et\/wp-json\/wp\/v2\/product"}],"about":[{"href":"https:\/\/shop.bestudio.ee\/et\/wp-json\/wp\/v2\/types\/product"}],"wp:featuredmedia":[{"embeddable":true,"href":"https:\/\/shop.bestudio.ee\/et\/wp-json\/wp\/v2\/media\/10131"}],"wp:attachment":[{"href":"https:\/\/shop.bestudio.ee\/et\/wp-json\/wp\/v2\/media?parent=10130"}],"wp:term":[{"taxonomy":"product_brand","embeddable":true,"href":"https:\/\/shop.bestudio.ee\/et\/wp-json\/wp\/v2\/product_brand?post=10130"},{"taxonomy":"product_cat","embeddable":true,"href":"https:\/\/shop.bestudio.ee\/et\/wp-json\/wp\/v2\/product_cat?post=10130"},{"taxonomy":"product_tag","embeddable":true,"href":"https:\/\/shop.bestudio.ee\/et\/wp-json\/wp\/v2\/product_tag?post=10130"}],"curies":[{"name":"t\u00f6\u00f6leht","href":"https:\/\/api.w.org\/{rel}","templated":true}]}}