{"id":10138,"date":"2024-01-29T18:04:49","date_gmt":"2024-01-29T18:04:49","guid":{"rendered":"https:\/\/shop.bestudio.ee\/?post_type=product&#038;p=10138"},"modified":"2024-01-29T18:04:50","modified_gmt":"2024-01-29T18:04:50","slug":"makeart-black-5ml","status":"publish","type":"product","link":"https:\/\/shop.bestudio.ee\/et\/toode\/makeart-black-5ml\/","title":{"rendered":"Makeart Black, 5ml"},"content":{"rendered":"","protected":false},"excerpt":{"rendered":"<section id=\"projector_longdescription\" class=\"longdescription cm\" data-dictionary=\"true\"><strong>Makeart Black 5ml<\/strong><br \/>\n<strong>Makeart<\/strong><\/p>\n<p>Uus Makeart sari sobib suurep\u00e4raselt \u00fcli\u00f5hukeste kaunistuste, geomeetria, \u00fche t\u00f5mbega, varjutamiseks (valge beebibuumi jaoks<\/p>\n<div>\u00a0vajab ainult \u00fchte kihti) ja zhostovo jaoks. Need t\u00f6\u00f6tavad h\u00e4sti ka ikoonide ja maastike maalimisel.<\/div>\n<ul>\n<li>Super pigmenteeritud,<\/li>\n<li>Dispersioonikiht puudub, pole vaja Cleaneriga p\u00fchkida,<\/li>\n<li>M\u00e4rkus: toodet ei saa pigmentatsiooni t\u00f5ttu kasutada struktuursete ja k\u00f5rgendatud kaunistuste jaoks,<\/li>\n<li>Mahutavus: 5 ml,<\/li>\n<li>M\u00e4rgistus: Makeart Black.<\/li>\n<\/ul>\n<p>LED lamp min. 48W \u2013 1min. UV 36W lamp \u2013 2min.<\/p>\n<\/section>","protected":false},"featured_media":10139,"template":"","meta":[],"product_brand":[],"product_cat":[116,135,229],"product_tag":[],"class_list":{"0":"post-10138","1":"product","2":"type-product","3":"status-publish","4":"has-post-thumbnail","6":"product_cat-makear","7":"product_cat-makeart","8":"product_cat-nail-art","10":"first","11":"instock","12":"taxable","13":"shipping-taxable","14":"purchasable","15":"product-type-simple"},"jetpack_sharing_enabled":true,"_links":{"self":[{"href":"https:\/\/shop.bestudio.ee\/et\/wp-json\/wp\/v2\/product\/10138","targetHints":{"allow":["GET"]}}],"collection":[{"href":"https:\/\/shop.bestudio.ee\/et\/wp-json\/wp\/v2\/product"}],"about":[{"href":"https:\/\/shop.bestudio.ee\/et\/wp-json\/wp\/v2\/types\/product"}],"wp:featuredmedia":[{"embeddable":true,"href":"https:\/\/shop.bestudio.ee\/et\/wp-json\/wp\/v2\/media\/10139"}],"wp:attachment":[{"href":"https:\/\/shop.bestudio.ee\/et\/wp-json\/wp\/v2\/media?parent=10138"}],"wp:term":[{"taxonomy":"product_brand","embeddable":true,"href":"https:\/\/shop.bestudio.ee\/et\/wp-json\/wp\/v2\/product_brand?post=10138"},{"taxonomy":"product_cat","embeddable":true,"href":"https:\/\/shop.bestudio.ee\/et\/wp-json\/wp\/v2\/product_cat?post=10138"},{"taxonomy":"product_tag","embeddable":true,"href":"https:\/\/shop.bestudio.ee\/et\/wp-json\/wp\/v2\/product_tag?post=10138"}],"curies":[{"name":"t\u00f6\u00f6leht","href":"https:\/\/api.w.org\/{rel}","templated":true}]}}