{"id":10204,"date":"2024-05-06T15:36:23","date_gmt":"2024-05-06T15:36:23","guid":{"rendered":"https:\/\/shop.bestudio.ee\/?post_type=product&#038;p=10204"},"modified":"2025-12-01T00:21:54","modified_gmt":"2025-11-30T22:21:54","slug":"633-sage-uv-gel-polish-makear","status":"publish","type":"product","link":"https:\/\/shop.bestudio.ee\/et\/toode\/633-sage-uv-gel-polish-makear\/","title":{"rendered":"633 Salvei \u2013 UV-geel-lakk"},"content":{"rendered":"<p><strong>REGULAR COLLECTION \u2013 \u00fchtlase tooniga geellaki kollektsioon<\/strong><\/p>\n<p>MAKEARi geellakk on vastupidavuse ja t\u00f6\u00f6kindluse garantii. Kreemjas konsistents, k\u00f5rge pigmentatsioon ja t\u00e4iusliku kujuga pintsel muudavad teie t\u00f6\u00f6 lihtsamaks ja kiiremaks. Kuna meie pakkumises on \u00fcle 300 v\u00e4rvi, oleme kindlad, et suudame rahuldada paljusid kliente.<\/p>\n<ul>\n<li>Isetasanduv<\/li>\n<li>V\u00e4ga pigmenteerunud \u2013 suurep\u00e4rane katvus<\/li>\n<li>Kreemjas ja keskmise paksusega konsistents<\/li>\n<li>V\u00e4rvid ei j\u00e4ta triipe<\/li>\n<li>T\u00e4iusliku kujuga pintsel<\/li>\n<li>Korgi peal n\u00e4ha p\u00e4ris v\u00e4rvi<\/li>\n<li>Gel Polish on pakitud v\u00e4ikesesse pappkarpi, mis tagab geellaki ohutu transportimise<\/li>\n<li>Maht: 8 ml<\/li>\n<\/ul>\n<p>&nbsp;<\/p>\n<p>LED-lamp min 48W \u2013 30sek ; UV-lamp 36W \u2013 1min<\/p>\n<p>&nbsp;<\/p>\n<hr \/>\n<p>&nbsp;<\/p>\n<p><strong>MAKEAR\u2122<\/strong> on br\u00e4nd, mis \u00fcllatab pidevalt oma kliente ja on sellest tulenevalt t\u00f5usnud innovatsiooni liidriks.<\/p>\n<p><strong>MAKEAR\u2122<\/strong> Geellakk on valmistatud parimatest koostisosadest, et vastata meie klientide ootustele, isegi nendele, kes on t\u00f5eliselt n\u00f5udlikud.<\/p>\n<p>S\u00fcgav v\u00e4rvik\u00fcllastus, lai v\u00e4rvivalik ja vastupidavus on teinud <strong>MAKEAR\u2122<\/strong> k\u00fc\u00fcnet\u00f6\u00f6stuse liider<\/p>\n<p>&nbsp;<\/p>\n<p>KOOSTISOSAD: AKR\u00dcLAADIDE KOPOL\u00dcMEER, TRIMET\u00dc\u00dcLBENSO\u00dc\u00dcLDIFEN\u00dcLFOSIINOKSIID, H\u00dcDROKS\u00dcTS\u00dcKLOHEKS\u00dc\u00dcLFEN\u00dc\u00dcLKETOON, R\u00e4nidioksiid, +\/-: CI 45410, CI 15850, CI 19140,727,7974 CI 77891, CI 77288.<\/p>","protected":false},"excerpt":{"rendered":"<p><strong>633 Salvei \u2013 UV-geel-lakk \u2013 HEMAFREE<\/strong><\/p>\n<p>Lillev\u00e4rvide ilu firmalt MAKEAR. Peen v\u00e4rvipalett kollektsioonist &quot;Flovers&quot; t\u00e4iendab suurep\u00e4raselt kevadp\u00e4evade \u00f5hkkonda, muutes teie manik\u00fc\u00fcri t\u00e4is pastelsetes toonides. Valige \u00fcks meie kaheksast ainulaadsest toonist ja tunnetage oma peal kevade \u00f5rna tuult k\u00e4ed.<\/p>\n<p>MAKEARi pastelsed h\u00fcbriidk\u00fc\u00fcnelakid on tuntud oma t\u00e4ieliku katvuse ja triipudevaba viimistluse poolest. Keskmise paksusega konsistents h\u00f5lbustab pealekandmist, v\u00f5imaldades kiireid ja veatuid tulemusi. Valmistage oma k\u00fc\u00fcned kevadeks ette MAKEARi pastelsete h\u00fcbriidk\u00fc\u00fcnelakkide abil.<\/p>\n<p>MAKEARi h\u00fcbriidk\u00fc\u00fcnelakkidega saavutate vastupidavuse \u00fcle 3 n\u00e4dala.<\/p>","protected":false},"featured_media":10205,"template":"","meta":[],"product_brand":[],"product_cat":[116,131,254,218,262],"product_tag":[],"class_list":{"0":"post-10204","1":"product","2":"type-product","3":"status-publish","4":"has-post-thumbnail","6":"product_cat-makear","7":"product_cat-gel-polishes-makear","8":"product_cat-flovers-collection","9":"product_cat-nail-gel-polishes","10":"product_cat-flovers","12":"first","13":"instock","14":"taxable","15":"shipping-taxable","16":"purchasable","17":"product-type-simple"},"jetpack_sharing_enabled":true,"_links":{"self":[{"href":"https:\/\/shop.bestudio.ee\/et\/wp-json\/wp\/v2\/product\/10204","targetHints":{"allow":["GET"]}}],"collection":[{"href":"https:\/\/shop.bestudio.ee\/et\/wp-json\/wp\/v2\/product"}],"about":[{"href":"https:\/\/shop.bestudio.ee\/et\/wp-json\/wp\/v2\/types\/product"}],"wp:featuredmedia":[{"embeddable":true,"href":"https:\/\/shop.bestudio.ee\/et\/wp-json\/wp\/v2\/media\/10205"}],"wp:attachment":[{"href":"https:\/\/shop.bestudio.ee\/et\/wp-json\/wp\/v2\/media?parent=10204"}],"wp:term":[{"taxonomy":"product_brand","embeddable":true,"href":"https:\/\/shop.bestudio.ee\/et\/wp-json\/wp\/v2\/product_brand?post=10204"},{"taxonomy":"product_cat","embeddable":true,"href":"https:\/\/shop.bestudio.ee\/et\/wp-json\/wp\/v2\/product_cat?post=10204"},{"taxonomy":"product_tag","embeddable":true,"href":"https:\/\/shop.bestudio.ee\/et\/wp-json\/wp\/v2\/product_tag?post=10204"}],"curies":[{"name":"t\u00f6\u00f6leht","href":"https:\/\/api.w.org\/{rel}","templated":true}]}}