{"id":10225,"date":"2024-07-03T09:46:56","date_gmt":"2024-07-03T09:46:56","guid":{"rendered":"https:\/\/shop.bestudio.ee\/?post_type=product&#038;p=10225"},"modified":"2025-12-01T00:20:53","modified_gmt":"2025-11-30T22:20:53","slug":"top-coat-with-dispersion-layer","status":"publish","type":"product","link":"https:\/\/shop.bestudio.ee\/et\/toode\/top-coat-with-dispersion-layer\/","title":{"rendered":"Pealislakk dispersioonikihiga"},"content":{"rendered":"<p>Viimistlustoode, kogu stiil. Sellel on dispersioonikiht, mida tuleks puhastusvahendiga p\u00fchkida. Soovitatav inimestele, kes t\u00f6\u00f6tavad UV-lambiga.<\/p>","protected":false},"excerpt":{"rendered":"<ul>\n<li>Omadused: pealislakk h\u00fcbriidv\u00e4rvi jaoks v\u00f5i geel\/akr\u00fc\u00fcl,<\/li>\n<li>Paindlik pealispind, mis n\u00f5uab dispersioonikihi p\u00fchkimist,<\/li>\n<li>Annab stiilile l\u00e4ike ja vastupidavuse, kaitseb v\u00e4rve kollasuse eest, ei muuda v\u00e4rve \u2013 must p\u00e4rast katmist ei muutu tumesiniseks,<\/li>\n<li>T\u00e4iuslikult abiks mao naha kaunistamiseks, varjutamiseks,<\/li>\n<li>Konsistents: keskmiselt paks \/ isetasanduv,<\/li>\n<li><strong>Kuidas kasutada: <\/strong>Kandke kergete liigutustega peale keskmine kiht, kuivatage LED-\/kapellampis v\u00e4hemalt 60 sekundit. Me ei puuduta k\u00fc\u00fcnt kohe p\u00e4rast selle lambist v\u00e4ljav\u00f5tmist. Soovitame oodata umbes 15-20 sekundit, kuni pealmine osa jahtub, et v\u00e4ltida tuhmumist,<\/li>\n<li>Mahutavus: 8 ml,<\/li>\n<li>M\u00e4rgistus: pealislakk.<\/li>\n<\/ul>\n<p>LED lamp min. 48W \u2013 1min. 36W UV lamp \u2013 2min.<\/p>","protected":false},"featured_media":10226,"template":"","meta":[],"product_brand":[],"product_cat":[116,219,228,118],"product_tag":[],"class_list":{"0":"post-10225","1":"product","2":"type-product","3":"status-publish","4":"has-post-thumbnail","6":"product_cat-makear","7":"product_cat-base-and-top-coat","8":"product_cat-clear-base-and-top-coat","9":"product_cat-top-cover","11":"first","12":"instock","13":"taxable","14":"shipping-taxable","15":"purchasable","16":"product-type-simple"},"jetpack_sharing_enabled":true,"_links":{"self":[{"href":"https:\/\/shop.bestudio.ee\/et\/wp-json\/wp\/v2\/product\/10225","targetHints":{"allow":["GET"]}}],"collection":[{"href":"https:\/\/shop.bestudio.ee\/et\/wp-json\/wp\/v2\/product"}],"about":[{"href":"https:\/\/shop.bestudio.ee\/et\/wp-json\/wp\/v2\/types\/product"}],"wp:featuredmedia":[{"embeddable":true,"href":"https:\/\/shop.bestudio.ee\/et\/wp-json\/wp\/v2\/media\/10226"}],"wp:attachment":[{"href":"https:\/\/shop.bestudio.ee\/et\/wp-json\/wp\/v2\/media?parent=10225"}],"wp:term":[{"taxonomy":"product_brand","embeddable":true,"href":"https:\/\/shop.bestudio.ee\/et\/wp-json\/wp\/v2\/product_brand?post=10225"},{"taxonomy":"product_cat","embeddable":true,"href":"https:\/\/shop.bestudio.ee\/et\/wp-json\/wp\/v2\/product_cat?post=10225"},{"taxonomy":"product_tag","embeddable":true,"href":"https:\/\/shop.bestudio.ee\/et\/wp-json\/wp\/v2\/product_tag?post=10225"}],"curies":[{"name":"t\u00f6\u00f6leht","href":"https:\/\/api.w.org\/{rel}","templated":true}]}}