{"id":10227,"date":"2024-07-03T13:05:41","date_gmt":"2024-07-03T10:05:41","guid":{"rendered":"https:\/\/shop.bestudio.ee\/?post_type=product&#038;p=10227"},"modified":"2025-12-01T00:20:13","modified_gmt":"2025-11-30T22:20:13","slug":"metallic-gel-silver-5ml","status":"publish","type":"product","link":"https:\/\/shop.bestudio.ee\/et\/toode\/metallic-gel-silver-5ml\/","title":{"rendered":"Metallic Gel Silver, 5ml"},"content":{"rendered":"<p>Vedela metalli efektiga k\u00fc\u00fcnekunsti geel.<\/p>","protected":false},"excerpt":{"rendered":"<p><strong>Metallic Gel Silver firmalt MAKEAR \u2013 vapustav dekoratiivgeel, mis annab teie k\u00fc\u00fcntele vedela metalli k\u00fctkestava efekti.<\/strong><\/p>\n<p>Metallilised disainid on manik\u00fc\u00fcrimaailma tormiliselt vallutanud ja n\u00fc\u00fcd saate MAKEARi metallilise geeliga h\u00f5lpsalt moodsa ja avangardse v\u00e4limuse saavutada. T\u00f5stke oma stiili vedelate metallide aktsentidega elegantse rafineeritusega.<\/p>\n<p>T\u00e4nu oma vedelale konsistentsile muudab Metallic Gel \u00f5hukeste kujunduste ja t\u00e4psete kaunistuste loomise lihtsaks. Selle tugev pigmentatsioon tagab 100% katvuse.<\/p>\n<p>Parimate tulemuste saavutamiseks kandke peale \u00f5huke kiht Metallic Geli ja oodake 20 sekundit enne lambi all k\u00f5venemist.<\/p>\n<p>Kuidas seda kasutada:<\/p>\n<p>1. Kandke k\u00f5vastunud tootele ja peske k\u00fc\u00fcs puhastusvahendiga.<br \/>\n2. Kandke peale Metallic Gel MAKEAR, oodake 20 sekundit, seej\u00e4rel kuivatage 48W LED\/UV-lambi all 3 minutit.<br \/>\n3. L\u00f5puks kanna peale pealislakk kauakestva ja l\u00e4ikiva efekti saavutamiseks.<\/p>\n<hr \/>","protected":false},"featured_media":10228,"template":"","meta":[],"product_brand":[],"product_cat":[116,135,229],"product_tag":[],"class_list":{"0":"post-10227","1":"product","2":"type-product","3":"status-publish","4":"has-post-thumbnail","6":"product_cat-makear","7":"product_cat-makeart","8":"product_cat-nail-art","10":"first","11":"instock","12":"taxable","13":"shipping-taxable","14":"purchasable","15":"product-type-simple"},"jetpack_sharing_enabled":true,"_links":{"self":[{"href":"https:\/\/shop.bestudio.ee\/et\/wp-json\/wp\/v2\/product\/10227","targetHints":{"allow":["GET"]}}],"collection":[{"href":"https:\/\/shop.bestudio.ee\/et\/wp-json\/wp\/v2\/product"}],"about":[{"href":"https:\/\/shop.bestudio.ee\/et\/wp-json\/wp\/v2\/types\/product"}],"wp:featuredmedia":[{"embeddable":true,"href":"https:\/\/shop.bestudio.ee\/et\/wp-json\/wp\/v2\/media\/10228"}],"wp:attachment":[{"href":"https:\/\/shop.bestudio.ee\/et\/wp-json\/wp\/v2\/media?parent=10227"}],"wp:term":[{"taxonomy":"product_brand","embeddable":true,"href":"https:\/\/shop.bestudio.ee\/et\/wp-json\/wp\/v2\/product_brand?post=10227"},{"taxonomy":"product_cat","embeddable":true,"href":"https:\/\/shop.bestudio.ee\/et\/wp-json\/wp\/v2\/product_cat?post=10227"},{"taxonomy":"product_tag","embeddable":true,"href":"https:\/\/shop.bestudio.ee\/et\/wp-json\/wp\/v2\/product_tag?post=10227"}],"curies":[{"name":"t\u00f6\u00f6leht","href":"https:\/\/api.w.org\/{rel}","templated":true}]}}