{"id":10244,"date":"2024-07-03T10:53:53","date_gmt":"2024-07-03T10:53:53","guid":{"rendered":"https:\/\/shop.bestudio.ee\/?post_type=product&#038;p=10244"},"modified":"2025-12-01T00:20:26","modified_gmt":"2025-11-30T22:20:26","slug":"n34-uv-gel-polish","status":"publish","type":"product","link":"https:\/\/shop.bestudio.ee\/et\/toode\/n34-uv-gel-polish\/","title":{"rendered":"N34 UV geellakk"},"content":{"rendered":"<p>HEMAVABA<\/p>\n<p>&nbsp;<\/p>\n<p>KOOSTIS: H\u00dcDROKS\u00dcPROP\u00dc\u00dcLMETAKR\u00dcLAAT, ET\u00dc\u00dcLTRIMET\u00dc\u00dcLBENSO\u00dc\u00dcLFEN\u00dc\u00dcLFOSFINAAT, H\u00dcDROKS\u00dcC\u00dcKLOHEKS\u00dc\u00dcLFEN\u00dc\u00dcLKETOON, RIIDIMET\u00dc\u00dcLSIL\u00dcLAAT, Akr\u00fclaatide kopol\u00fcmeer +\/-1510,4CI40,40158 CI 77742, CI 77510, CI 77499, CI 77891, CI 77288<\/p>","protected":false},"excerpt":{"rendered":"<p><strong>Makear \u2122 UV \/ LED h\u00fcbriidk\u00fc\u00fcnelakk HEMAFREE<\/strong><\/p>\n<div><strong>SUVENEONID<\/strong><\/div>\n<div><\/div>\n<div><\/div>\n<div><strong>Erksate toonide entusiastidele loodud kollektsioonist leiate 6 erksat v\u00e4rvi, mis t\u00e4iuslikult r\u00f5hutavad teie isikup\u00e4ra ja lisavad teie stiilile energiat. Neoonid on suurep\u00e4rane valik suveks! Intensiivsed erksad v\u00e4rvid harmoneeruvad suurep\u00e4raselt p\u00e4ikesepaistega ja t\u00e4iendavad kaunilt p\u00e4ikesest suudlevat nahka, suurendades selle loomulikku s\u00e4ra ja s\u00e4ra. Olenemata sellest, kas veedate p\u00e4eva rannas v\u00f5i \u00f5htut peol, on meie neoonh\u00fcbriidk\u00fc\u00fcnelakkide kollektsioon teie t\u00e4iuslik kaaslane, andes teie k\u00fc\u00fcntele unustamatu suve v\u00f5lu.<br \/>\nSukeldu neoonv\u00e4rvidesse ja tunneta suvep\u00e4evade v\u00f5lu!<\/strong><\/div>\n<div><\/div>\n<div>\n<p><strong>NEONKOLLEKTSIOON <\/strong><\/p>\n<p>Energiline, k\u00fcllastunud h\u00fcbriidne k\u00fc\u00fcnelakk, mis v\u00f5lub oma pigmentatsiooniga, mis ei vaja valget h\u00fcbriidkrunti. K\u00f5ik vikerkaarev\u00e4rvid neoonv\u00e4ljaandes.<\/p>\n<\/div>\n<div><\/div>\n<ul>\n<li>M\u00f5eldud professionaalseks kasutamiseks,<\/li>\n<li>Tugev pigmentatsioon, kreemjas, keskmise paksusega konsistents muudavad toote meeldivaks ja mugavaks t\u00f6\u00f6tamise,<\/li>\n<li>K\u00f5rgl\u00e4ike,<\/li>\n<li>Geeli vastupidavus \u2013 mitmen\u00e4dalane toime,<\/li>\n<li>V\u00e4rvid ei j\u00e4ta triipe,<\/li>\n<li>3-vaba toode \u2013 vaba formaldeh\u00fc\u00fcdist, tolueenist ja DBP-st,<\/li>\n<li>T\u00e4iusliku kontuuriga pintsel,<\/li>\n<li>Korgi tegelik v\u00e4rv ja luksuslik pudel muudavad toote ainulaadseks,<\/li>\n<li>Lakk on pakendatud pappkarpi, mis tagab ohutuse transportimisel ning on samas t\u00e4ielikult biolagunev *,<\/li>\n<li>Mahutavus: 8 ml,<\/li>\n<li>M\u00e4rgistus: N02-N30.<\/li>\n<\/ul>\n<p>LED lambid min. 48W \u2013 1min. 36W UV lamp \u2013 2min.<\/p>\n<p>* Soovitatav on kasutada valget kruntv\u00e4rvi.<\/p>","protected":false},"featured_media":10245,"template":"","meta":[],"product_brand":[],"product_cat":[116,131,257,266],"product_tag":[],"class_list":{"0":"post-10244","1":"product","2":"type-product","3":"status-publish","4":"has-post-thumbnail","6":"product_cat-makear","7":"product_cat-gel-polishes-makear","8":"product_cat-summer-neons-gel-polishes-makear","9":"product_cat-summer-neons","11":"first","12":"instock","13":"taxable","14":"shipping-taxable","15":"purchasable","16":"product-type-simple"},"jetpack_sharing_enabled":true,"_links":{"self":[{"href":"https:\/\/shop.bestudio.ee\/et\/wp-json\/wp\/v2\/product\/10244","targetHints":{"allow":["GET"]}}],"collection":[{"href":"https:\/\/shop.bestudio.ee\/et\/wp-json\/wp\/v2\/product"}],"about":[{"href":"https:\/\/shop.bestudio.ee\/et\/wp-json\/wp\/v2\/types\/product"}],"wp:featuredmedia":[{"embeddable":true,"href":"https:\/\/shop.bestudio.ee\/et\/wp-json\/wp\/v2\/media\/10245"}],"wp:attachment":[{"href":"https:\/\/shop.bestudio.ee\/et\/wp-json\/wp\/v2\/media?parent=10244"}],"wp:term":[{"taxonomy":"product_brand","embeddable":true,"href":"https:\/\/shop.bestudio.ee\/et\/wp-json\/wp\/v2\/product_brand?post=10244"},{"taxonomy":"product_cat","embeddable":true,"href":"https:\/\/shop.bestudio.ee\/et\/wp-json\/wp\/v2\/product_cat?post=10244"},{"taxonomy":"product_tag","embeddable":true,"href":"https:\/\/shop.bestudio.ee\/et\/wp-json\/wp\/v2\/product_tag?post=10244"}],"curies":[{"name":"t\u00f6\u00f6leht","href":"https:\/\/api.w.org\/{rel}","templated":true}]}}