{"id":10264,"date":"2024-08-01T10:28:22","date_gmt":"2024-08-01T10:28:22","guid":{"rendered":"https:\/\/shop.bestudio.ee\/?post_type=product&#038;p=10264"},"modified":"2025-12-01T00:19:02","modified_gmt":"2025-11-30T22:19:02","slug":"nail-barrier","status":"publish","type":"product","link":"https:\/\/shop.bestudio.ee\/et\/toode\/nail-barrier\/","title":{"rendered":"K\u00fc\u00fcnte barj\u00e4\u00e4r"},"content":{"rendered":"<p>14 ml,<\/p>\n<p>KUIDAS SEDA KASUTADA:<br \/>\nPealislakina \u2013 kanda kaks korda n\u00e4dalas \u2013 kihtide vahel eemaldada.<\/p>\n<p>Aluslakina \u2013 kanna 1 kiht k\u00fc\u00fcnelaki alla.<\/p>\n<p>L\u00e4bipaistva lakina \u2013 kanda peale 2 kihti.<\/p>\n<p>KOOSTISOSAD:<\/p>\n<p>Et\u00fc\u00fclatsetaat, but\u00fc\u00fclatsetaat, nitrotselluloos, adipiinhappe\/neopent\u00fc\u00fclgl\u00fckooli\/trimellitanh\u00fcdriidi kopol\u00fcmeer, atset\u00fc\u00fcltribut\u00fc\u00fcltsitraat, isoprop\u00fc\u00fclalkohol, etokr\u00fcleen, N-but\u00fc\u00fclalkohol, heksanaal, trimet\u00fc\u00fclpentaandi\u00fc\u00fcldibensoaat, violetne 2, tokoferool<\/p>","protected":false},"excerpt":{"rendered":"<p>ETTEVAATUST PROFESSIONAALIDE HINDADEGA \u2013 PALUN LOGI SISSE!<\/p>\n<p>Multifunktsionaalne lakk k\u00fc\u00fcnte t\u00f5husaks transformeerimiseks, taastamiseks ja tugevdamiseks heksanaali ja E-vitamiiniga.<\/p>\n<p>Ideaalne nii tervete k\u00fc\u00fcnte jaoks, neid tugevdades ja kaitstes ning pehmete, \u00f5hukeste ja kahjustatud k\u00fc\u00fcnte jaoks, neid taastades ja haprust v\u00e4ltides.<\/p>\n<p>Nail Barrier ei sisalda formaldeh\u00fc\u00fcdi, formaldeh\u00fc\u00fcdvaiku, DBP-d, tolueeni, kamprit, et\u00fc\u00fcltos\u00fc\u00fclamiidi, ks\u00fcleeni ja muid m\u00fcrgiseid komponente.<\/p>\n<p>100% vegan.<\/p>\n<p>AKTIIVSED KOMPONENDID:<\/p>\n<p>Et\u00fc\u00fclatsetaat on lahusti, mis aitab lakil pudelis vedelaks j\u00e4\u00e4da, k\u00fc\u00fcntele kandmisel aurustub, mist\u00f5ttu lakk k\u00f5vastub ja kuivab. Komponent on meeldiva puuviljase aroomiga, l\u00f5hnab k\u00fc\u00fcnelakis tugevamalt, annab sellele iseloomuliku l\u00f5hna.<\/p>\n<p>Nitrotselluloos on \u00fcks ohutumaid ja kvaliteetsemaid kilet moodustavaid pol\u00fcmeere. P\u00e4rast lahustite aurustumist lakk k\u00f5vastub ja moodustab k\u00fc\u00fcne pinnale kile.<\/p>\n<p>Adipiinhappe\/neopent\u00fc\u00fclgl\u00fckooli\/trimelliitanh\u00fcdriidi kopol\u00fcmeer on kilet moodustav pol\u00fcmeer. Koos nitrotselluloosiga soodustab laki nakkumist k\u00fc\u00fcne pinnaga, suurendab vastupidavust.<\/p>\n<p>Hexanal taastab k\u00fc\u00fcne keratiinkihi struktuuri, remineraliseerib k\u00fc\u00fcneplaati ja tugevdab seda, parandab kahjustatud k\u00fc\u00fcnte seisundit, kiirendab nende kasvu.<\/p>","protected":false},"featured_media":10266,"template":"","meta":[],"product_brand":[],"product_cat":[99,97,98,239,244,246,245],"product_tag":[],"class_list":{"0":"post-10264","1":"product","2":"type-product","3":"status-publish","4":"has-post-thumbnail","6":"product_cat-straderm","7":"product_cat-personal-use","8":"product_cat-professional-use","9":"product_cat-nail-care-products","10":"product_cat-pedicure","11":"product_cat-homecare-products-pedicure","12":"product_cat-professional-products","14":"first","15":"instock","16":"taxable","17":"shipping-taxable","18":"purchasable","19":"product-type-simple"},"jetpack_sharing_enabled":true,"_links":{"self":[{"href":"https:\/\/shop.bestudio.ee\/et\/wp-json\/wp\/v2\/product\/10264","targetHints":{"allow":["GET"]}}],"collection":[{"href":"https:\/\/shop.bestudio.ee\/et\/wp-json\/wp\/v2\/product"}],"about":[{"href":"https:\/\/shop.bestudio.ee\/et\/wp-json\/wp\/v2\/types\/product"}],"wp:featuredmedia":[{"embeddable":true,"href":"https:\/\/shop.bestudio.ee\/et\/wp-json\/wp\/v2\/media\/10266"}],"wp:attachment":[{"href":"https:\/\/shop.bestudio.ee\/et\/wp-json\/wp\/v2\/media?parent=10264"}],"wp:term":[{"taxonomy":"product_brand","embeddable":true,"href":"https:\/\/shop.bestudio.ee\/et\/wp-json\/wp\/v2\/product_brand?post=10264"},{"taxonomy":"product_cat","embeddable":true,"href":"https:\/\/shop.bestudio.ee\/et\/wp-json\/wp\/v2\/product_cat?post=10264"},{"taxonomy":"product_tag","embeddable":true,"href":"https:\/\/shop.bestudio.ee\/et\/wp-json\/wp\/v2\/product_tag?post=10264"}],"curies":[{"name":"t\u00f6\u00f6leht","href":"https:\/\/api.w.org\/{rel}","templated":true}]}}