{"id":10304,"date":"2024-11-08T12:36:33","date_gmt":"2024-11-08T10:36:33","guid":{"rendered":"https:\/\/shop.bestudio.ee\/?post_type=product&#038;p=10304"},"modified":"2025-12-01T00:18:27","modified_gmt":"2025-11-30T22:18:27","slug":"builderbottle-bg08-gel-in-a-bottle-with-brush-makear-15ml","status":"publish","type":"product","link":"https:\/\/shop.bestudio.ee\/et\/toode\/builderbottle-bg08-gel-in-a-bottle-with-brush-makear-15ml\/","title":{"rendered":"Builder&amp;Bottle BG08 \u2013 geel pudelis pintsliga MAKEAR, 15ml"},"content":{"rendered":"<p><strong>Toote \u00fcksikasjad:<\/strong><br \/>\n\u2022 V\u00e4rviline: 80\u201390% katvus<br \/>\n\u2022 Konsistents: keskmise paksusega<br \/>\n\u2022 Mahutavus: 15 ml<br \/>\n\u2022 HEMAVABA toode<br \/>\n\u2022 K\u00f5venemisaeg: LED-lamp (min. 48W) \u2013 1 min<\/p>\n<p>&nbsp;<\/p>\n<p class=\"s4\"><strong>MAKEAR\u2122\ufe0f<\/strong>\u00a0on br\u00e4nd, mis \u00fcllatab pidevalt oma kliente, tehes sellest innovatsiooni liidri.<br \/>\n<strong>MAKEAR\u2122\ufe0f<\/strong>\u00a0geellakid on valmistatud k\u00f5rgeima kvaliteediga komponentidest, et vastata k\u00f5ige n\u00f5udlikumate klientide ootustele. S\u00fcgav v\u00e4rvik\u00fcllastus, lai ja mitmekesine v\u00e4rvivalik ning vastupidavus on teinud\u00a0<strong>Makear<\/strong>\u00a0liider olemasolevate kaubam\u00e4rkide seas.<\/p>\n<hr \/>\n<p class=\"s4\">Koostis: akr\u00fclaatide kopol\u00fcmeer, pol\u00fcmet\u00fc\u00fclmetakr\u00fclaat, h\u00fcdroks\u00fcts\u00fckloheks\u00fc\u00fclfen\u00fc\u00fclketoon +\/- CI 77499, CI 14700, CI 77891, CI 47000, CI 42090<\/p>\n<p>&nbsp;<\/p>\n<p><img loading=\"lazy\" decoding=\"async\" class=\"wp-image-10293 aligncenter\" src=\"https:\/\/shop.bestudio.ee\/wp-content\/uploads\/2024\/11\/MAKEAR_BuilderBottle_STEP_BY_STEP_IG_ENG-300x300.png\" alt=\"\" width=\"631\" height=\"631\" srcset=\"https:\/\/shop.bestudio.ee\/wp-content\/uploads\/2024\/11\/MAKEAR_BuilderBottle_STEP_BY_STEP_IG_ENG-300x300.png 300w, https:\/\/shop.bestudio.ee\/wp-content\/uploads\/2024\/11\/MAKEAR_BuilderBottle_STEP_BY_STEP_IG_ENG-400x400.png 400w, https:\/\/shop.bestudio.ee\/wp-content\/uploads\/2024\/11\/MAKEAR_BuilderBottle_STEP_BY_STEP_IG_ENG-100x100.png 100w, https:\/\/shop.bestudio.ee\/wp-content\/uploads\/2024\/11\/MAKEAR_BuilderBottle_STEP_BY_STEP_IG_ENG-600x600.png 600w, https:\/\/shop.bestudio.ee\/wp-content\/uploads\/2024\/11\/MAKEAR_BuilderBottle_STEP_BY_STEP_IG_ENG-1024x1024.png 1024w, https:\/\/shop.bestudio.ee\/wp-content\/uploads\/2024\/11\/MAKEAR_BuilderBottle_STEP_BY_STEP_IG_ENG-150x150.png 150w, https:\/\/shop.bestudio.ee\/wp-content\/uploads\/2024\/11\/MAKEAR_BuilderBottle_STEP_BY_STEP_IG_ENG-768x768.png 768w, https:\/\/shop.bestudio.ee\/wp-content\/uploads\/2024\/11\/MAKEAR_BuilderBottle_STEP_BY_STEP_IG_ENG-12x12.png 12w, https:\/\/shop.bestudio.ee\/wp-content\/uploads\/2024\/11\/MAKEAR_BuilderBottle_STEP_BY_STEP_IG_ENG.png 1500w\" sizes=\"auto, (max-width: 631px) 100vw, 631px\" \/><\/p>","protected":false},"excerpt":{"rendered":"<p class=\"s4\"><strong><span class=\"s3\">Ehitaja ja pudel<\/span><span class=\"s3\"> \u2013 Pintsliga pudelis geel MAKEAR 15ml<\/span><\/strong><\/p>\n<p class=\"s4\">Kas otsite lahendust oma t\u00f6\u00f6 kiirendamiseks, pakkudes samas kauakestvat ja vastupidavat geelmanik\u00fc\u00fcri? Builder&amp;Bottle on t\u00f5eline pudelis geel, mis \u00fchendab endas geellaki pealekandmise lihtsuse ehitusgeeli vastupidavusega.<\/p>\n<p class=\"s4\">See isetasanduv geel sobib suurep\u00e4raselt naturaalse k\u00fc\u00fcneplaadi ehitamiseks, pikendamiseks, tugevdamiseks, samuti t\u00e4itmiseks ja parandamiseks, ilma aluslakki kasutamata.<\/p>\n<hr \/>\n<p class=\"s4\"><strong><span class=\"s3\">V\u00f5ti<\/span> <span class=\"s3\">Kasu<\/span><span class=\"s3\">:<\/span><\/strong><\/p>\n<div class=\"s5\">\u25cf <span class=\"s3\">Kiirem stiil:<\/span> Pintsliga pudelis olev geel v\u00f5imaldab v\u00e4hendada t\u00f6\u00f6aega kuni 25 minuti v\u00f5rra! Kandke seda nagu geellakki, kuid saavutage traditsioonilise geeli tulemused.<\/div>\n<div class=\"s6\">\u25cf <span class=\"s3\">Isetasanduv valem:<\/span> Geel jaotub \u00fchtlaselt \u00fcle k\u00fc\u00fcne, luues sileda pinna ilma viilimiseta. T\u00e4iuslik hele joon on valmis kohe p\u00e4rast toote pealekandmist.<\/div>\n<div class=\"s6\">\u25cf <span class=\"s3\">Paindlikkus ja vastupidavus:<\/span> Geel on elastne, keskmise k\u00f5vadusega ja suurep\u00e4rase nakkuvusega, muutes manik\u00fc\u00fcri kahjustustele vastupidavaks isegi \u00f5hukestel ja n\u00f5rkadel k\u00fc\u00fcntel.<\/div>\n<div class=\"s6\">\u25cf <span class=\"s3\">Mitmek\u00fclgsus:<\/span> Builder&amp;Bottle sobib ideaalselt k\u00fc\u00fcnte pikendamiseks, loomuliku k\u00fc\u00fcneplaadi tugevdamiseks, t\u00e4itmiseks ja parandamiseks.<\/div>\n<div class=\"s7\">\u25cf <span class=\"s3\">\u00dchefaasiline toode:<\/span> Pole vaja t\u00e4iendavat aluskihti, mis lihtsustab kogu protsessi.<\/div>\n<p class=\"s4\">Pudelis olev geel on saadaval 10 toonis, v\u00f5imaldades v\u00e4rvi sobitada erinevate nahatoonidega, tagades igale kliendile t\u00e4iusliku v\u00e4rvi. Ja mis k\u00f5ige t\u00e4htsam \u2013 see on t\u00f5eline geel, mis ei lahustu atsetoonis, kinnitades selle k\u00f5rget kvaliteeti.<\/p>\n<p class=\"s4\">Valige Builder&amp;Bottle ja nautige kiiremat, mugavamat manik\u00fc\u00fcri erakordse vastupidavuse ja veatu viimistlusega!<\/p>","protected":false},"featured_media":10305,"template":"","meta":[],"product_brand":[],"product_cat":[116,119,259,222,258],"product_tag":[],"class_list":{"0":"post-10304","1":"product","2":"type-product","3":"status-publish","4":"has-post-thumbnail","6":"product_cat-makear","7":"product_cat-gel","8":"product_cat-builderbottle-bottle-gel-gel","9":"product_cat-sculpting-gel-acrygel","10":"product_cat-builderbottle-bottle-gel","12":"first","13":"outofstock","14":"taxable","15":"shipping-taxable","16":"purchasable","17":"product-type-simple"},"jetpack_sharing_enabled":true,"_links":{"self":[{"href":"https:\/\/shop.bestudio.ee\/et\/wp-json\/wp\/v2\/product\/10304","targetHints":{"allow":["GET"]}}],"collection":[{"href":"https:\/\/shop.bestudio.ee\/et\/wp-json\/wp\/v2\/product"}],"about":[{"href":"https:\/\/shop.bestudio.ee\/et\/wp-json\/wp\/v2\/types\/product"}],"wp:featuredmedia":[{"embeddable":true,"href":"https:\/\/shop.bestudio.ee\/et\/wp-json\/wp\/v2\/media\/10305"}],"wp:attachment":[{"href":"https:\/\/shop.bestudio.ee\/et\/wp-json\/wp\/v2\/media?parent=10304"}],"wp:term":[{"taxonomy":"product_brand","embeddable":true,"href":"https:\/\/shop.bestudio.ee\/et\/wp-json\/wp\/v2\/product_brand?post=10304"},{"taxonomy":"product_cat","embeddable":true,"href":"https:\/\/shop.bestudio.ee\/et\/wp-json\/wp\/v2\/product_cat?post=10304"},{"taxonomy":"product_tag","embeddable":true,"href":"https:\/\/shop.bestudio.ee\/et\/wp-json\/wp\/v2\/product_tag?post=10304"}],"curies":[{"name":"t\u00f6\u00f6leht","href":"https:\/\/api.w.org\/{rel}","templated":true}]}}