{"id":10370,"date":"2024-11-08T13:54:47","date_gmt":"2024-11-08T11:54:47","guid":{"rendered":"https:\/\/shop.bestudio.ee\/?post_type=product&#038;p=10370"},"modified":"2025-12-01T00:16:34","modified_gmt":"2025-11-30T22:16:34","slug":"cl04-paris-midnight-uv-gel-polish-8ml","status":"publish","type":"product","link":"https:\/\/shop.bestudio.ee\/et\/toode\/cl04-paris-midnight-uv-gel-polish-8ml\/","title":{"rendered":"CL04 Paris Midnight UV geellakk, 8ml"},"content":{"rendered":"<ul>\n<li>K\u00f5rgl\u00e4ikega<\/li>\n<li>Geeli vastupidavus \u2013 kauakestev toime<\/li>\n<li>HEMA VABA, TPO VABA, DI-HEMA VABA<\/li>\n<li>T\u00e4iusliku kujuga pintsel<\/li>\n<li>Realistlik v\u00e4rv korgil ja luksuslik pudel muudavad toote ainulaadseks<\/li>\n<li>Poleerimisvahend on pakendatud pappkarpi, tagades ohutuse transpordi ajal ja t\u00e4ielikult biolagunev<\/li>\n<li>Magneth\u00fcbriidne kassisilmaefektiga k\u00fc\u00fcnelakk<\/li>\n<li>Efekt saavutatakse spetsiaalse magnetiga<\/li>\n<li>M\u00c4RKUS: Enne pealekandmist loksutage pudelit korralikult (osakesed settivad p\u00f5hja)<\/li>\n<li>Mahutavus: 8 ml<\/li>\n<li>LED\/UV lamp min. 48W \u2013 30 sek.<\/li>\n<\/ul>\n<hr \/>\n<h3>MAKEAR\u2122 on br\u00e4nd, mis \u00fcllatab pidevalt oma kliente, saades innovatsiooni liidriks.<\/h3>\n<p>MAKEAR\u2122 k\u00fc\u00fcnelakid on valmistatud k\u00f5rgeima kvaliteediga komponentidest, et vastata k\u00f5ige n\u00f5udlikumate klientide ootustele. S\u00fcgav v\u00e4rvik\u00fcllastus, lai ja mitmekesine v\u00e4rvipalett ning vastupidavus on teinud Makearist praeguste kaubam\u00e4rkide seas liidri.<\/p>\n<hr \/>\n<h3>Makeari h\u00fcbriidk\u00fc\u00fcnelakid on m\u00f5eldud professionaalseks kasutamiseks.<\/h3>\n<hr \/>\n<p>KOOSTIS: H\u00dcDROKS\u00dcPROP\u00dc\u00dcLMETAKR\u00dcLAAT, ET\u00dc\u00dcLTRIMET\u00dc\u00dcLBENSO\u00dc\u00dcLFEN\u00dc\u00dcLFOSFINAAT, H\u00dcDROKS\u00dcC\u00dcKLOHEKS\u00dc\u00dcLFEN\u00dc\u00dcLKETOON, RIIDIMET\u00dc\u00dcLSIL\u00dcLAAT, Akr\u00fclaatide kopol\u00fcmeer +\/-1510,4CI40,40158 CI 77742, CI 77510, CI 77499, CI 77891, CI 77288<\/p>","protected":false},"excerpt":{"rendered":"<div class=\"group\/conversation-turn relative flex w-full min-w-0 flex-col agent-turn\">\n<div class=\"group\/conversation-turn relative flex w-full min-w-0 flex-col agent-turn\">\n<div class=\"flex-col gap-1 md:gap-3\">\n<div class=\"flex flex-grow flex-col max-w-full\">\n<div class=\"min-h-[20px] text-message flex flex-col items-start whitespace-pre-wrap break-words [.text-message+&amp;]:mt-5 juice:w-full juice:items-end overflow-x-auto gap-2\" data-message-author-role=\"assistant\" data-message-id=\"b74c2f4c-0a94-48ef-8209-faef4cfdc2cf\">\n<div class=\"flex w-full flex-col gap-1 juice:empty:hidden juice:first:pt-[3px]\">\n<div class=\"markdown prose w-full break-words dark:prose-invert light\">\n<h3>CL04 Makear\u2122 Hybrid Nail Polish UV\/LED<\/h3>\n<p><strong>HEMA FREE PRODUCT<\/strong><\/p>\n<p>&nbsp;<\/p>\n<\/div>\n<\/div>\n<\/div>\n<\/div>\n<\/div>\n<\/div>\n<\/div>\n<div class=\"group\/conversation-turn relative flex w-full min-w-0 flex-col agent-turn\">\n<div class=\"flex-col gap-1 md:gap-3\">\n<div class=\"flex flex-grow flex-col max-w-full\">\n<div class=\"min-h-[20px] text-message flex flex-col items-start whitespace-pre-wrap break-words [.text-message+&amp;]:mt-5 juice:w-full juice:items-end overflow-x-auto gap-2\" data-message-author-role=\"assistant\" data-message-id=\"b74c2f4c-0a94-48ef-8209-faef4cfdc2cf\">\n<div class=\"flex w-full flex-col gap-1 juice:empty:hidden juice:first:pt-[3px]\">\n<div class=\"markdown prose w-full break-words dark:prose-invert light\">\n<p>Glow in the dark with the Highlight Gel Polish Collection<br \/>\nThe Highlight collection is the perfect combination of delicate colours, incredible glow in the dark and magnetic effects. Imagine your nails shining both in the light of day and in the dark of night. With the Highlight collection, you can have nails that are subtle and elegant during the day and magically glow in the dark. Add a touch of mystery and spectacular glow to your style.<\/p>\n<p>The collection features 6 unique summer-inspired colours.<\/p>\n<p><strong>Glow in the Dark:<\/strong><\/p>\n<ul>\n<li>Glow-in-the-dark polishes will make you stand out in any situation.<\/li>\n<li>Cat Eye Effect: Metallic particles create a mesmerizing &#8220;cat eye&#8221; effect.<\/li>\n<li>Perfect for Summer: Ideal for summer evenings, adding sparkle to your style.<\/li>\n<\/ul>\n<p><strong>Trendy Colors:<\/strong><\/p>\n<ul>\n<li>Six subtle, trendy shades.<\/li>\n<\/ul>\n<p>Step into the world of Highlight with MAKEAR, and let your nails dazzle both day and night!<\/p>\n<\/div>\n<\/div>\n<\/div>\n<\/div>\n<\/div>\n<\/div>\n","protected":false},"featured_media":10371,"template":"","meta":[],"product_brand":[],"product_cat":[131,261,264,116,218],"product_tag":[],"class_list":{"0":"post-10370","1":"product","2":"type-product","3":"status-publish","4":"has-post-thumbnail","6":"product_cat-gel-polishes-makear","7":"product_cat-highlight-gel-polishes-makear","8":"product_cat-highlight","9":"product_cat-makear","10":"product_cat-nail-gel-polishes","12":"first","13":"instock","14":"taxable","15":"shipping-taxable","16":"purchasable","17":"product-type-simple"},"jetpack_sharing_enabled":true,"_links":{"self":[{"href":"https:\/\/shop.bestudio.ee\/et\/wp-json\/wp\/v2\/product\/10370","targetHints":{"allow":["GET"]}}],"collection":[{"href":"https:\/\/shop.bestudio.ee\/et\/wp-json\/wp\/v2\/product"}],"about":[{"href":"https:\/\/shop.bestudio.ee\/et\/wp-json\/wp\/v2\/types\/product"}],"wp:featuredmedia":[{"embeddable":true,"href":"https:\/\/shop.bestudio.ee\/et\/wp-json\/wp\/v2\/media\/10371"}],"wp:attachment":[{"href":"https:\/\/shop.bestudio.ee\/et\/wp-json\/wp\/v2\/media?parent=10370"}],"wp:term":[{"taxonomy":"product_brand","embeddable":true,"href":"https:\/\/shop.bestudio.ee\/et\/wp-json\/wp\/v2\/product_brand?post=10370"},{"taxonomy":"product_cat","embeddable":true,"href":"https:\/\/shop.bestudio.ee\/et\/wp-json\/wp\/v2\/product_cat?post=10370"},{"taxonomy":"product_tag","embeddable":true,"href":"https:\/\/shop.bestudio.ee\/et\/wp-json\/wp\/v2\/product_tag?post=10370"}],"curies":[{"name":"t\u00f6\u00f6leht","href":"https:\/\/api.w.org\/{rel}","templated":true}]}}