{"id":10530,"date":"2025-02-10T13:11:52","date_gmt":"2025-02-10T11:11:52","guid":{"rendered":"https:\/\/shop.bestudio.ee\/?post_type=product&#038;p=10530"},"modified":"2025-03-24T23:51:27","modified_gmt":"2025-03-24T21:51:27","slug":"cuticle-softener-for-sensitive-cuticle","status":"publish","type":"product","link":"https:\/\/shop.bestudio.ee\/et\/toode\/cuticle-softener-for-sensitive-cuticle\/","title":{"rendered":"K\u00fc\u00fcnenaha pehmendaja tundlikule k\u00fc\u00fcnenahale"},"content":{"rendered":"<p>100 ml,<\/p>\n<p><strong>Kasutamine:<\/strong><\/p>\n<section class=\"product-description-section block-section\">\n<div class=\"section-content\">\n<div class=\"product-description\">\n<div class=\"rte-content\">\n<p>Kandke toode k\u00fc\u00fcnenaha\/k\u00fc\u00fcnevoldile, oodake 1-3 minutit ja j\u00e4tkake seej\u00e4rel puhastamisetapiga. Enne j\u00e4rgmisse etappi j\u00e4tkamist peate k\u00fc\u00fcneplaadi rasvatustama.<\/p>\n<div><\/div>\n<\/div>\n<\/div>\n<\/div>\n<\/section>\n<section id=\"product-details-wrapper\" class=\"product-details-section block-section empty-product-details\">\n<h4 class=\"section-title\"><\/h4>\n<\/section>\n<p>&nbsp;<\/p>","protected":false},"excerpt":{"rendered":"<p>T\u00c4HELEPANU! TOODET M\u00dc\u00dcAKSE AINULT PROFESSIONAALIDELE! HINNA N\u00c4GEMISEKS LOGI SISSE!<\/p>\n<h4 class=\"section-title\">Kirjeldus<\/h4>\n<div class=\"section-content\">\n<div class=\"product-description\">\n<div class=\"rte-content\">\n<p><strong>Uue koostisega pehmendav lahus k\u00fc\u00fcnenahale.<\/strong>\u00a0See toode v\u00f5imaldab kergesti ja t\u00f5husalt pehmendada ja eemaldada k\u00fc\u00fcnenahku. Taimsete ekstraktide, vitamiinide ja antiseptiliste omadustega rikastatud toode taastab rakkude ainevahetuse ja rahustab nahka, samas kui selle vedel geelvalem v\u00e4hendab oluliselt vigastuste ja l\u00f5ikehaavade ohtu manik\u00fc\u00fcri v\u00f5i pedik\u00fc\u00fcri ajal.<\/p>\n<p>Sobib igat t\u00fc\u00fcpi manik\u00fc\u00fcriks ja pedik\u00fc\u00fcriks. M\u00f5eldud tundlikule nahale. Ei p\u00f5hjusta \u00e4rritust ja punetust!<\/p>\n<p><strong>Aktiivsed koostisosad<\/strong><\/p>\n<p>Uurea<\/p>\n<p>Punutiste ekstrakt on antimikroobne aine, soodustab k\u00fc\u00fcnenaha ja elastsuse taastumist p\u00e4rast protseduuri.<\/p>\n<p>Piimhape niisutab nahka \u00fchtlaselt kogu epidermise ulatuses, j\u00f5udes s\u00fcgavaimatesse kihtidesse, stimuleerib fibroblastide tootmist, suurendades seel\u00e4bi h\u00fcaluroonhappe \u2013 v\u00f5imsa loodusliku niisutaja \u2013 loomulikku s\u00fcnteesi. See looduslik t\u00e4iteaine hoiab naha sileda ja elastsena.<\/p>\n<p>Saialille\u00f5ie ekstrakt rahustab manik\u00fc\u00fcri\/pedik\u00fc\u00fcri ajal \u00e4rritunud ja tundlikke k\u00fc\u00fcnenahku, omab bakteritsiidseid ja antiseptilisi omadusi.<\/p>\n<p>Antimikroobne aine hapuobliku taime ekstraktiga, soodustab k\u00fc\u00fcnenaha ja elastsuse taastamist p\u00e4rast protseduuri.<\/p>\n<p>Keratiin m\u00f5jub k\u00fc\u00fcneplaadi maatriksile, kaitseb k\u00fc\u00fcnepinda protseduuri ajal.<\/p>\n<p>Rahustav aine bisabolool, v\u00e4hendab nahakahjustuste riski kui ka p\u00f5letiku tekkimise t\u00f5en\u00e4osust, hoiab \u00e4ra \u00e4rrituse ja rahustab nahka peale manik\u00fc\u00fcri\/pedik\u00fc\u00fcri, on p\u00f5letikuvastase toimega.<\/p>\n<p>Panthenool tagab s\u00fcgava niisutuse, muudab manik\u00fc\u00fcri turvalisemaks, h\u00f5lbustades t\u00e4pset l\u00f5ikamist manik\u00fc\u00fcri ja automaatmanik\u00fc\u00fcri kombineerimisel, st takistab k\u00fc\u00fcnenaha purunemist.<\/p>\n<p>Veeslahustuvate vitamiinide kompleks Biotin+ B3 v\u00e4hendab\/hoiab \u00e4ra kuivamist ja ketendamist, hoides k\u00fc\u00fcnenaha h\u00fcdreeritud ja pehmena p\u00e4rast manik\u00fc\u00fcri\/pedik\u00fc\u00fcri protseduuri, moodustades kaitsva lipiidse mantli.<\/p>\n<\/div>\n<\/div>\n<\/div>","protected":false},"featured_media":10533,"template":"","meta":[],"product_brand":[],"product_cat":[99,98,227,244,245],"product_tag":[],"class_list":{"0":"post-10530","1":"product","2":"type-product","3":"status-publish","4":"has-post-thumbnail","6":"product_cat-straderm","7":"product_cat-professional-use","8":"product_cat-liquids-and-prep","9":"product_cat-pedicure","10":"product_cat-professional-products","12":"first","13":"instock","14":"taxable","15":"shipping-taxable","16":"product-type-simple"},"jetpack_sharing_enabled":true,"_links":{"self":[{"href":"https:\/\/shop.bestudio.ee\/et\/wp-json\/wp\/v2\/product\/10530","targetHints":{"allow":["GET"]}}],"collection":[{"href":"https:\/\/shop.bestudio.ee\/et\/wp-json\/wp\/v2\/product"}],"about":[{"href":"https:\/\/shop.bestudio.ee\/et\/wp-json\/wp\/v2\/types\/product"}],"wp:featuredmedia":[{"embeddable":true,"href":"https:\/\/shop.bestudio.ee\/et\/wp-json\/wp\/v2\/media\/10533"}],"wp:attachment":[{"href":"https:\/\/shop.bestudio.ee\/et\/wp-json\/wp\/v2\/media?parent=10530"}],"wp:term":[{"taxonomy":"product_brand","embeddable":true,"href":"https:\/\/shop.bestudio.ee\/et\/wp-json\/wp\/v2\/product_brand?post=10530"},{"taxonomy":"product_cat","embeddable":true,"href":"https:\/\/shop.bestudio.ee\/et\/wp-json\/wp\/v2\/product_cat?post=10530"},{"taxonomy":"product_tag","embeddable":true,"href":"https:\/\/shop.bestudio.ee\/et\/wp-json\/wp\/v2\/product_tag?post=10530"}],"curies":[{"name":"t\u00f6\u00f6leht","href":"https:\/\/api.w.org\/{rel}","templated":true}]}}