{"id":10547,"date":"2025-03-19T19:24:31","date_gmt":"2025-03-19T17:24:31","guid":{"rendered":"https:\/\/shop.bestudio.ee\/?post_type=product&#038;p=10547"},"modified":"2026-02-12T22:35:30","modified_gmt":"2026-02-12T20:35:30","slug":"active-care-solution","status":"publish","type":"product","link":"https:\/\/shop.bestudio.ee\/et\/toode\/active-care-solution\/","title":{"rendered":"Aktiivhoolduse lahus"},"content":{"rendered":"<p>30 ml,<\/p>\n<p>3D h\u00fcaluroonhape aktiveerib naha uuenemist k\u00f5igil tasanditel, aitab paraneda haavu. Stimuleerib kollageeni tootmist, parandab ainevahetusprotsesse ja niisutab intensiivselt.<\/p>\n<p>Eukal\u00fcpti\u00f5li stimuleerib haavade paranemist, leevendab naha\u00e4rritust. Sellel on antiseptiline, antibakteriaalne ja p\u00f5letikuvastane toime. Sellel on lokaalanesteetiline toime.<\/p>\n<p>Melaleucal on seenevastane toime, takistab bakterite kasvu.<\/p>\n<p>Panthenool on p\u00f5letikuvastase toimega, niisutab ja soodustab naha paranemist ja taastumist, leevendab s\u00fcgelust ja \u00e4rritust.<\/p>\n<p>Bisabolool rahustab \u00e4rritunud nahka, noorendab ja pehmendab, on antimikroobse toimega.<\/p>\n<p>Kastoor\u00f5li ravib mikropragusid, tugevdab naha struktuuri, kiirendab k\u00fc\u00fcnte kasvu, takistab nende kihistumist.<\/p>\n<p>Biotiin stimuleerib naha paranemist.<\/p>\n<p>Rahustab ja leevendab \u00e4rritust, kiirendab regeneratiivseid protsesse. Parandab kiiresti epidermise ja k\u00fc\u00fcneplaadi seisundit, tugevdab k\u00fc\u00fcneplaati, t\u00f6\u00f6tades k\u00fc\u00fcnte kasvu suunas. Niatsiinamiid stimuleerib vereringet, k\u00e4ivitades regeneratiivsed protsessid. Leevendab p\u00f5letikku ja naha ketendust, \u00e4rritust ja deh\u00fcdratsiooni.<\/p>\n<p>Keratiini valk toimib ehitusmaterjalina, kombineerides loodusliku keratiiniga, tungib kergesti l\u00e4bi naha ja k\u00fc\u00fcnte struktuuri, taastades nende kahjustatud alad.<\/p>\n<p>Makadaamia\u00f5li toidab tungides s\u00fcgavale nahka, rahustab \u00e4rritusi, rahustab, leevendab ketendust ja kuivust. Stimuleerib k\u00fc\u00fcneplaadi kasvu.<\/p>\n<p>Magusa mandli \u00f5li reguleerib vee-lipiidide tasakaalu, kiirendab rakkude taastumist, stimuleerib k\u00fc\u00fcneplaadi kasvu.<\/p>\n<p>Aktiivne hapnik transpordib aktiivsed komponendid epidermise rakkudesse, h\u00e4vitab mikroobid, leevendab \u00e4rritust, kiirendab haavade paranemist ja naha taastumist p\u00e4rast infektsioone, on antiseptilise toimega.<\/p>\n<p>Kandke kaks korda p\u00e4evas puhtale k\u00fc\u00fcneplaadile ja\/v\u00f5i kahjustatud alale ja selle alla. Kasutuskuur alates 4 n\u00e4dalast. Kandke tilgad ennetavalt kaks korda n\u00e4dalas.<\/p>","protected":false},"excerpt":{"rendered":"<p>ETTEVAATUST PROFESSIONAALIDE HINDADEGA \u2013 PALUN LOGI SISSE!<\/p>\n<p>Tilkade aktiivne valem sisaldab v\u00f5imsat galeeniliste preparaatide ja BAS-i kompleksi, mis on rikastatud h\u00fcaluroonhappe, keratiini ja aktiivse hapnikuga. Nad lahendavad t\u00f5husalt k\u00fc\u00fcne- ja nahaprobleeme. V\u00f5ib kasutada on\u00fchhol\u00fc\u00fcsi, k\u00fc\u00fcne- ja nahaseene, randmete ja jalgade ekseemi ennetamiseks ja raviks. Pragude ja l\u00f5ikehaavade kiire paranemine, p\u00f5letiku leevendamine. H\u00e4vitab mikroobid, omab antibakteriaalset toimet. Taasta ja niisuta k\u00fc\u00fcnenaha p\u00e4rast manik\u00fc\u00fcri\/pedik\u00fc\u00fcri.<\/p>","protected":false},"featured_media":10548,"template":"","meta":[],"product_brand":[],"product_cat":[99,97,98,234,239,244,246,245],"product_tag":[],"class_list":{"0":"post-10547","1":"product","2":"type-product","3":"status-publish","4":"has-post-thumbnail","6":"product_cat-straderm","7":"product_cat-personal-use","8":"product_cat-professional-use","9":"product_cat-homecare-products","10":"product_cat-nail-care-products","11":"product_cat-pedicure","12":"product_cat-homecare-products-pedicure","13":"product_cat-professional-products","15":"first","16":"instock","17":"taxable","18":"shipping-taxable","19":"purchasable","20":"product-type-simple"},"jetpack_sharing_enabled":true,"_links":{"self":[{"href":"https:\/\/shop.bestudio.ee\/et\/wp-json\/wp\/v2\/product\/10547","targetHints":{"allow":["GET"]}}],"collection":[{"href":"https:\/\/shop.bestudio.ee\/et\/wp-json\/wp\/v2\/product"}],"about":[{"href":"https:\/\/shop.bestudio.ee\/et\/wp-json\/wp\/v2\/types\/product"}],"wp:featuredmedia":[{"embeddable":true,"href":"https:\/\/shop.bestudio.ee\/et\/wp-json\/wp\/v2\/media\/10548"}],"wp:attachment":[{"href":"https:\/\/shop.bestudio.ee\/et\/wp-json\/wp\/v2\/media?parent=10547"}],"wp:term":[{"taxonomy":"product_brand","embeddable":true,"href":"https:\/\/shop.bestudio.ee\/et\/wp-json\/wp\/v2\/product_brand?post=10547"},{"taxonomy":"product_cat","embeddable":true,"href":"https:\/\/shop.bestudio.ee\/et\/wp-json\/wp\/v2\/product_cat?post=10547"},{"taxonomy":"product_tag","embeddable":true,"href":"https:\/\/shop.bestudio.ee\/et\/wp-json\/wp\/v2\/product_tag?post=10547"}],"curies":[{"name":"t\u00f6\u00f6leht","href":"https:\/\/api.w.org\/{rel}","templated":true}]}}