{"id":10610,"date":"2025-10-01T02:28:17","date_gmt":"2025-09-30T23:28:17","guid":{"rendered":"https:\/\/shop.bestudio.ee\/?post_type=product&#038;p=10610"},"modified":"2026-02-12T22:30:02","modified_gmt":"2026-02-12T20:30:02","slug":"x-bond-bonding-gel","status":"publish","type":"product","link":"https:\/\/shop.bestudio.ee\/et\/toode\/x-bond-bonding-gel\/","title":{"rendered":"X-Bondi sidumisgeel"},"content":{"rendered":"<h3 class=\"station-tabs-tabtitle\"><span id=\"station-tabs-tab_ht-i0-t25\" class=\"station-tabs-tab mod-last is-active\" role=\"button\" aria-controls=\"station-tabs-tabpanel_ht-i0-t25\" data-slug=\"recommended-use\" aria-expanded=\"true\"><span class=\"station-tabs-tabtext\">SOOVITATAV KASUTUS:<\/span><\/span><\/h3>\n<div id=\"station-tabs-tabpanel_ht-i0-t25\" class=\"station-tabs-tabpanel is-active\" role=\"region\" aria-labelledby=\"station-tabs-tab_ht-i0-t25\" aria-hidden=\"false\">\n<div class=\"station-tabs-tabcontent\">\n<p><strong>1. samm: p\u00e4rast k\u00fc\u00fcnte ettevalmistamist<\/strong><br \/>\nP\u00e4rast tavap\u00e4rase k\u00fc\u00fcnte ettevalmistusprotseduuri, mis h\u00f5lmab k\u00fc\u00fcnenaha t\u00f6\u00f6tlemist, k\u00fc\u00fcneplaadi s\u00f6\u00f6vitamist, puhastamist Akzentz Prep &amp; Wipe&#039;iga ja kruntv\u00e4rvi pealekandmist (valikuline), kandke k\u00fc\u00fcnte pinnale v\u00e4ga \u00f5huke ja kontrollitud kiht X-Bondi.<\/p>\n<p><strong>2. samm: ravi<\/strong><br \/>\nK\u00f5vasta 30 sekundit Akz\u00e9ntz LED-lambis. Optimaalsete tulemuste saavutamiseks soovitame kasutada Akz\u00e9ntz LED-lampi.<\/p>\n<p><strong>3. samm: Koostaja v\u00f5i v\u00e4rvimine\u00a0<\/strong><br \/>\nP\u00e4rast k\u00f5venemist \u00e4rge k\u00fc\u00fcntelt inhibeerimiskihti p\u00fchkige. Kandke peale oma valitud ehitus- v\u00f5i v\u00e4rvigeel.<\/p>\n<p><strong>Ainult professionaalseks kasutamiseks.<br \/>\n15 ml \/ 0,5 untsi<\/strong><\/p>\n<p><strong>KOOSTISOSAD:<\/strong> DI-HEMA-TRIMET\u00dc\u00dcLHEKS\u00dc\u00dcLDIKARBAMAAT, H\u00dcDROKS\u00dcPROP\u00dc\u00dcLMETAKR\u00dcLAAT, HEMA-MALEAAT, H\u00dcDROKS\u00dcTS\u00dcKLOHEKS\u00dc\u00dcLFEN\u00dc\u00dcLKETOON, ET\u00dc\u00dcLTRIMET\u00dc\u00dcLBENSOO\u00dcLFEN\u00dc\u00dcLFOSFINAAT, \u00d5UNHAPE, BIS(GL\u00dcTSER\u00dc\u00dcLDIMETAKR\u00dcLAAT)P\u00dcROMELLITAAT, P-H\u00dcDROKS\u00dcANISOOL<\/p>\n<\/div>\n<\/div>","protected":false},"excerpt":{"rendered":"<p>Universaalselt \u00fchilduv alusgeel, mis on loodud t\u00f6\u00f6tama nii soak-off- kui ka k\u00f5vade geelidega. X-Bond on loodud asendama tavalist alusgeeli (Luxio Base, Pro-Formance Adhere, Options Base v\u00f5i Options Opti-Bond), et pikendada p\u00fcsivust klientidel, kellel on probleeme k\u00fc\u00fcnte p\u00fcsimisega, n\u00e4iteks kergitusega. X-Bond on eriti kasulik klientidele, kellel on \u00f5hukesed, \u00fcleliia t\u00e4idetud v\u00f5i kahjustatud (\u00fclehappelised) k\u00fc\u00fcned.<strong><br \/>\n<\/strong><\/p>\n<p><strong>Toote esilet\u00f5stmised:\u00a0<\/strong><\/p>\n<ul>\n<li>Alusgeel \u00f5hukestele\/\u00fclet\u00e4itunud\/kahjustatud k\u00fc\u00fcntele<\/li>\n<li>Toimib iga Akz\u00e9ntz geeliga<\/li>\n<li>\u00d5huke konsistents<\/li>\n<li>30-sekundiline LED-k\u00f5vendus<\/li>\n<li>100% puhas geel<\/li>\n<li>Lahustivaba ja 10-vaba<\/li>\n<li>Lihtne pealekandmine<\/li>\n<li>Leotamiseks m\u00f5eldud valem<\/li>\n<li>Usaldusv\u00e4\u00e4rsed ja j\u00e4rjepidevad tulemused<\/li>\n<li>Valmistatud Kanadas (Euroopa ja P\u00f5hja-Ameerika koostisosadest)<\/li>\n<\/ul>","protected":false},"featured_media":10611,"template":"","meta":[],"product_brand":[],"product_cat":[267,273,290],"product_tag":[],"class_list":{"0":"post-10610","1":"product","2":"type-product","3":"status-publish","4":"has-post-thumbnail","6":"product_cat-akzentz","7":"product_cat-specialty-gels","8":"product_cat-x-bond","10":"first","11":"instock","12":"taxable","13":"shipping-taxable","14":"purchasable","15":"product-type-simple"},"jetpack_sharing_enabled":true,"_links":{"self":[{"href":"https:\/\/shop.bestudio.ee\/et\/wp-json\/wp\/v2\/product\/10610","targetHints":{"allow":["GET"]}}],"collection":[{"href":"https:\/\/shop.bestudio.ee\/et\/wp-json\/wp\/v2\/product"}],"about":[{"href":"https:\/\/shop.bestudio.ee\/et\/wp-json\/wp\/v2\/types\/product"}],"wp:featuredmedia":[{"embeddable":true,"href":"https:\/\/shop.bestudio.ee\/et\/wp-json\/wp\/v2\/media\/10611"}],"wp:attachment":[{"href":"https:\/\/shop.bestudio.ee\/et\/wp-json\/wp\/v2\/media?parent=10610"}],"wp:term":[{"taxonomy":"product_brand","embeddable":true,"href":"https:\/\/shop.bestudio.ee\/et\/wp-json\/wp\/v2\/product_brand?post=10610"},{"taxonomy":"product_cat","embeddable":true,"href":"https:\/\/shop.bestudio.ee\/et\/wp-json\/wp\/v2\/product_cat?post=10610"},{"taxonomy":"product_tag","embeddable":true,"href":"https:\/\/shop.bestudio.ee\/et\/wp-json\/wp\/v2\/product_tag?post=10610"}],"curies":[{"name":"t\u00f6\u00f6leht","href":"https:\/\/api.w.org\/{rel}","templated":true}]}}