{"id":10612,"date":"2025-10-01T02:52:47","date_gmt":"2025-09-30T23:52:47","guid":{"rendered":"https:\/\/shop.bestudio.ee\/?post_type=product&#038;p=10612"},"modified":"2025-12-01T00:14:55","modified_gmt":"2025-11-30T22:14:55","slug":"nail-prep-480ml-16oz","status":"publish","type":"product","link":"https:\/\/shop.bestudio.ee\/et\/toode\/nail-prep-480ml-16oz\/","title":{"rendered":"K\u00dc\u00dcNE ETTEVALMISTUS 480ml\/16oz"},"content":{"rendered":"<p>480 ml,<\/p>\n<p>Koostis: isoprop\u00fc\u00fclalkohol, et\u00fc\u00fclatsetaat, parf\u00fc\u00fcm.<\/p>","protected":false},"excerpt":{"rendered":"<p>PREP &amp; WIPE on 2-\u00fches toode, mida kasutatakse k\u00fc\u00fcne puhastamiseks ja ettevalmistamiseks enne toote pealekandmist ning dispersioonkihi eemaldamiseks p\u00e4rast pealekandmist.<\/p>\n<p>\u2022 Sisaldab seenevastaseid omadusi<br \/>\n\u2022 V\u00e4rske ja kerge l\u00f5hn<br \/>\n\u2022 Kuivatab k\u00fc\u00fcnepinda maksimaalse haarduvuse saavutamiseks<br \/>\n\u2022 2-\u00fches \u2013 ettevalmistus- ja viimistluslahus + geelpintsli puhastusvahend<\/p>","protected":false},"featured_media":10613,"template":"","meta":[],"product_brand":[],"product_cat":[267,275,294],"product_tag":[],"class_list":{"0":"post-10612","1":"product","2":"type-product","3":"status-publish","4":"has-post-thumbnail","6":"product_cat-akzentz","7":"product_cat-basics","8":"product_cat-liquids","10":"first","11":"instock","12":"taxable","13":"shipping-taxable","14":"purchasable","15":"product-type-simple"},"jetpack_sharing_enabled":true,"_links":{"self":[{"href":"https:\/\/shop.bestudio.ee\/et\/wp-json\/wp\/v2\/product\/10612","targetHints":{"allow":["GET"]}}],"collection":[{"href":"https:\/\/shop.bestudio.ee\/et\/wp-json\/wp\/v2\/product"}],"about":[{"href":"https:\/\/shop.bestudio.ee\/et\/wp-json\/wp\/v2\/types\/product"}],"wp:featuredmedia":[{"embeddable":true,"href":"https:\/\/shop.bestudio.ee\/et\/wp-json\/wp\/v2\/media\/10613"}],"wp:attachment":[{"href":"https:\/\/shop.bestudio.ee\/et\/wp-json\/wp\/v2\/media?parent=10612"}],"wp:term":[{"taxonomy":"product_brand","embeddable":true,"href":"https:\/\/shop.bestudio.ee\/et\/wp-json\/wp\/v2\/product_brand?post=10612"},{"taxonomy":"product_cat","embeddable":true,"href":"https:\/\/shop.bestudio.ee\/et\/wp-json\/wp\/v2\/product_cat?post=10612"},{"taxonomy":"product_tag","embeddable":true,"href":"https:\/\/shop.bestudio.ee\/et\/wp-json\/wp\/v2\/product_tag?post=10612"}],"curies":[{"name":"t\u00f6\u00f6leht","href":"https:\/\/api.w.org\/{rel}","templated":true}]}}