{"id":10618,"date":"2025-10-01T10:59:39","date_gmt":"2025-10-01T07:59:39","guid":{"rendered":"https:\/\/shop.bestudio.ee\/?post_type=product&#038;p=10618"},"modified":"2026-01-16T20:10:39","modified_gmt":"2026-01-16T18:10:39","slug":"prep-wipe-480ml-16oz","status":"publish","type":"product","link":"https:\/\/shop.bestudio.ee\/et\/toode\/prep-wipe-480ml-16oz\/","title":{"rendered":"ETTEVALMISTUS JA PUHASTUS 480ml\/16oz"},"content":{"rendered":"<p>480 ml,<\/p>\n<p>Koostis: isoprop\u00fc\u00fclalkohol, et\u00fc\u00fclatsetaat, l\u00f5hnaaine, FD&amp;C Blue #1<\/p>","protected":false},"excerpt":{"rendered":"<p>K\u00dc\u00dcNEETTEVALMISTAMISE toode on m\u00f5eldud naturaalsete k\u00fc\u00fcnte rasvaeemalduseks, desinfitseerimiseks ja kuivatamiseks. See aitab kaasa materjali paremale nakkumisele k\u00fc\u00fcne pinnaga.<\/p>","protected":false},"featured_media":10619,"template":"","meta":[],"product_brand":[],"product_cat":[267,275,294],"product_tag":[],"class_list":{"0":"post-10618","1":"product","2":"type-product","3":"status-publish","4":"has-post-thumbnail","6":"product_cat-akzentz","7":"product_cat-basics","8":"product_cat-liquids","10":"first","11":"instock","12":"taxable","13":"shipping-taxable","14":"purchasable","15":"product-type-simple"},"jetpack_sharing_enabled":true,"_links":{"self":[{"href":"https:\/\/shop.bestudio.ee\/et\/wp-json\/wp\/v2\/product\/10618","targetHints":{"allow":["GET"]}}],"collection":[{"href":"https:\/\/shop.bestudio.ee\/et\/wp-json\/wp\/v2\/product"}],"about":[{"href":"https:\/\/shop.bestudio.ee\/et\/wp-json\/wp\/v2\/types\/product"}],"wp:featuredmedia":[{"embeddable":true,"href":"https:\/\/shop.bestudio.ee\/et\/wp-json\/wp\/v2\/media\/10619"}],"wp:attachment":[{"href":"https:\/\/shop.bestudio.ee\/et\/wp-json\/wp\/v2\/media?parent=10618"}],"wp:term":[{"taxonomy":"product_brand","embeddable":true,"href":"https:\/\/shop.bestudio.ee\/et\/wp-json\/wp\/v2\/product_brand?post=10618"},{"taxonomy":"product_cat","embeddable":true,"href":"https:\/\/shop.bestudio.ee\/et\/wp-json\/wp\/v2\/product_cat?post=10618"},{"taxonomy":"product_tag","embeddable":true,"href":"https:\/\/shop.bestudio.ee\/et\/wp-json\/wp\/v2\/product_tag?post=10618"}],"curies":[{"name":"t\u00f6\u00f6leht","href":"https:\/\/api.w.org\/{rel}","templated":true}]}}