{"id":10632,"date":"2025-10-02T22:32:47","date_gmt":"2025-10-02T19:32:47","guid":{"rendered":"https:\/\/shop.bestudio.ee\/?post_type=product&#038;p=10632"},"modified":"2025-12-01T00:14:02","modified_gmt":"2025-11-30T22:14:02","slug":"luxio-gel-build-honey-15ml-5oz","status":"publish","type":"product","link":"https:\/\/shop.bestudio.ee\/et\/toode\/luxio-gel-build-honey-15ml-5oz\/","title":{"rendered":"LUXIO GEEL \u2013 MESI EHITAMISEKS 15ml\/.5oz"},"content":{"rendered":"<h3 class=\"station-tabs-tabtitle\"><span id=\"station-tabs-tab_ht-i0-t11\" class=\"station-tabs-tab is-active\" tabindex=\"0\" role=\"button\" aria-controls=\"station-tabs-tabpanel_ht-i0-t11\" data-slug=\"product-highlightsnbsp\" aria-expanded=\"true\"><span class=\"station-tabs-tabtext\">TOOTE T\u00c4HELEPANU:<\/span><\/span><\/h3>\n<div id=\"station-tabs-tabpanel_ht-i0-t11\" class=\"station-tabs-tabpanel is-active\" role=\"region\" aria-labelledby=\"station-tabs-tab_ht-i0-t11\" aria-hidden=\"false\">\n<div class=\"station-tabs-tabcontent\">\n<ul>\n<li>100% puhas geel<\/li>\n<li>TPO-vaba, HEMA-vaba, 10-vaba, lahustivaba, l\u00f5hnavaba<\/li>\n<li>Isetasanduv ehitusgeelvalem<\/li>\n<li>Lihtne pealekandmine<\/li>\n<li>Ideaalne struktureeritud manik\u00fc\u00fcri lisamiseks Luxio teenusesse<\/li>\n<li>Loomuliku v\u00e4limusega kattekiht<\/li>\n<li>\u00c4\u00e4rmiselt vastupidavad ja kauakestvad tulemused<\/li>\n<li>Ei pragune, ei kooru ega l\u00f5hene<\/li>\n<li>Saab Akz\u00e9ntz Soak-Off Solutioniga kergesti maha immutada.<\/li>\n<li>Valmistatud Kanadas (Euroopa ja P\u00f5hja-Ameerika koostisosadest)<\/li>\n<\/ul>\n<p>_________________________________________________________________<\/p>\n<h3 class=\"station-tabs-tabtitle\"><span id=\"station-tabs-tab_ht-i0-t27\" class=\"station-tabs-tab mod-last is-active\" tabindex=\"0\" role=\"button\" aria-controls=\"station-tabs-tabpanel_ht-i0-t27\" data-slug=\"recommended-use\" aria-expanded=\"true\"><span class=\"station-tabs-tabtext\">SOOVITATAV KASUTUS:<\/span><\/span><\/h3>\n<div id=\"station-tabs-tabpanel_ht-i0-t27\" class=\"station-tabs-tabpanel is-active\" role=\"region\" aria-labelledby=\"station-tabs-tab_ht-i0-t27\" aria-hidden=\"false\">\n<div class=\"station-tabs-tabcontent\">\n<p><strong>1. samm: K\u00fc\u00fcnte ettevalmistamine<\/strong><br \/>\nAlusta naturaalsete k\u00fc\u00fcnte p\u00f5hjalikust ettevalmistamisest: puhasta Akz\u00e9ntz Prep &amp; Wipe&#039;iga, l\u00fckka k\u00fc\u00fcnenahad tagasi v\u00f5i eemalda need ja poleeri k\u00fc\u00fcneplaati, eemaldades kogu l\u00e4ike. Soovitame kasutada 180-teralist viili.<\/p>\n<p><strong>2. samm: baasrakendus<\/strong><br \/>\nKanna k\u00fc\u00fcne keskele \u00f5huke ja \u00fchtlane kiht Luxio\u00ae Base&#039;i, l\u00fckates pintslit ettevaatlikult k\u00fc\u00fcnenahani seda puudutamata. Silu baasi kerge k\u00e4ega vaba serva suunas, tagades k\u00fc\u00fcneplaadi t\u00e4ieliku katvuse. Lase 30 sekundit k\u00f5veneda.<\/p>\n<p><strong>3. samm: rakenduse loomine<\/strong><br \/>\nVali soovitud Luxio\u00ae Build toon. Kanna \u00f5huke kiht kogu k\u00fc\u00fcneplaadile \u2013 \u00e4ra lase kuivada. Seej\u00e4rel kanna k\u00fc\u00fcne keskele Luxio\u00ae Buildi tilgake, et luua tugev tipp, ja lase tootel isetasanduda, et pind oleks sile ja \u00fchtlane. Kasuta Luxio\u00ae pintslit (lainerpintslit) \u00f5rnalt vajalike paranduste tegemiseks ja lase lakkil 30 sekundit Akzentz LED-lambis kuivada.<\/p>\n<p><strong>4. samm: vormimine ja viilimine (valikuline)<\/strong><br \/>\nP\u00e4rast k\u00f5venemist p\u00fchkige k\u00fc\u00fcnte pinda Prep &amp; Wipe lahusega niisutatud ebemevaba geelsalvr\u00e4tikuga. Vormige ja viilige k\u00fc\u00fcned soovitud kujule, kasutades Akzentz k\u00fc\u00fcneviili\/poleerimisvahendit. Kui olete l\u00f5petanud, p\u00fchkige tolm uuesti Prep &amp; Wipe&#039;iga.<\/p>\n<p><strong>5. samm: l\u00f5peta<\/strong><br \/>\nL\u00f5peta teenus kauakestva l\u00e4ikiva viimistluse saavutamiseks Luxio\u00ae Glossi pealekandmisega. Lase 30 sekundit kuivada ja seej\u00e4rel eemalda kleepuv kiht Akz\u00e9ntz Prep &amp; Wipe&#039;iga. Kui eelistad mittenakkuvat pealispinda, kasuta Akz\u00e9ntz Shine-On&#039;i. Mati efekti saab saavutada ka Akz\u00e9ntz Matte-On&#039;iga.<\/p>\n<p><strong>Ainult professionaalseks kasutamiseks.<br \/>\n15 ml \/ 0,5 untsi<\/strong><\/p>\n<p><strong>Koostis:<\/strong> DI-HEMA TRIMET\u00dc\u00dcLHEKS\u00dc\u00dcLDIKARBAMAAT, H\u00dcDROKS\u00dcPROP\u00dc\u00dcLMETAKR\u00dcLAAT, ET\u00dc\u00dcLTRIMET\u00dc\u00dcLBENSOO\u00dcLFEN\u00dc\u00dcLFOSFINAAT; P-H\u00dcDROKS\u00dcANISOOL, R\u00c4NIDIOKSIID, R\u00c4NIDIOKSILAAT [+\/-: C|77891, C|77491, C|77499, C|77492]<\/p>\n<\/div>\n<\/div>\n<\/div>\n<\/div>","protected":false},"excerpt":{"rendered":"<h3 class=\"station-tabs-tabtitle\"><span id=\"station-tabs-tab_ht-i0-t5\" class=\"station-tabs-tab mod-first is-active\" tabindex=\"0\" role=\"button\" aria-controls=\"station-tabs-tabpanel_ht-i0-t5\" data-slug=\"soak-off-builder-gelnbsp\" aria-expanded=\"true\"><span class=\"station-tabs-tabtext\">IMMUTAV EHITUSGEEL:\u00a0<\/span><\/span><\/h3>\n<div id=\"station-tabs-tabpanel_ht-i0-t5\" class=\"station-tabs-tabpanel is-active\" role=\"region\" aria-labelledby=\"station-tabs-tab_ht-i0-t5\" aria-hidden=\"false\">\n<div class=\"station-tabs-tabcontent\">\n<p>Rikkalik soe bee\u017e toon.<\/p>\n<p><strong>Keskmise viskoossusega imenduv ehituskiht geelpudelis<br \/>\n<b>Tugevus: <\/b><\/strong>5\/5<strong><b><br \/>\nKatvus:\u00a0<\/b><\/strong>3\/5<strong><br \/>\n<b>Viskoossus:\u00a0<\/b><\/strong>3\/5<\/p>\n<p>_______________________________________________________________<\/p>\n<h3 class=\"station-tabs-tabtitle\"><span id=\"station-tabs-tab_ht-i0-t15\" class=\"station-tabs-tab is-active\" tabindex=\"0\" role=\"button\" aria-controls=\"station-tabs-tabpanel_ht-i0-t15\" data-slug=\"aboutnbsp\" aria-expanded=\"true\"><span class=\"station-tabs-tabtext\">INFO:\u00a0<\/span><\/span><\/h3>\n<div id=\"station-tabs-tabpanel_ht-i0-t15\" class=\"station-tabs-tabpanel is-active\" role=\"region\" aria-labelledby=\"station-tabs-tab_ht-i0-t15\" aria-hidden=\"false\">\n<div class=\"station-tabs-tabcontent\">\n<p>Muutke n\u00f5rgad, painduvad v\u00f5i haprad k\u00fc\u00fcned vastupidavateks, k\u00f5vadeks ja vastupidavateks geelk\u00fc\u00fcnteks Luxio\u00ae Buildi abil. See vastupidav kate annab tugeva ja k\u00f5va aluse Luxio\u00ae v\u00e4rvide pealekandmiseks v\u00f5i seda saab kanda \u00fcksi tugevdava pealiskihina.<\/p>\n<\/div>\n<\/div>\n<\/div>\n<\/div>","protected":false},"featured_media":10633,"template":"","meta":[],"product_brand":[],"product_cat":[267,271],"product_tag":[],"class_list":{"0":"post-10632","1":"product","2":"type-product","3":"status-publish","4":"has-post-thumbnail","6":"product_cat-akzentz","7":"product_cat-luxio-build","9":"first","10":"instock","11":"taxable","12":"shipping-taxable","13":"purchasable","14":"product-type-simple"},"jetpack_sharing_enabled":true,"_links":{"self":[{"href":"https:\/\/shop.bestudio.ee\/et\/wp-json\/wp\/v2\/product\/10632","targetHints":{"allow":["GET"]}}],"collection":[{"href":"https:\/\/shop.bestudio.ee\/et\/wp-json\/wp\/v2\/product"}],"about":[{"href":"https:\/\/shop.bestudio.ee\/et\/wp-json\/wp\/v2\/types\/product"}],"wp:featuredmedia":[{"embeddable":true,"href":"https:\/\/shop.bestudio.ee\/et\/wp-json\/wp\/v2\/media\/10633"}],"wp:attachment":[{"href":"https:\/\/shop.bestudio.ee\/et\/wp-json\/wp\/v2\/media?parent=10632"}],"wp:term":[{"taxonomy":"product_brand","embeddable":true,"href":"https:\/\/shop.bestudio.ee\/et\/wp-json\/wp\/v2\/product_brand?post=10632"},{"taxonomy":"product_cat","embeddable":true,"href":"https:\/\/shop.bestudio.ee\/et\/wp-json\/wp\/v2\/product_cat?post=10632"},{"taxonomy":"product_tag","embeddable":true,"href":"https:\/\/shop.bestudio.ee\/et\/wp-json\/wp\/v2\/product_tag?post=10632"}],"curies":[{"name":"t\u00f6\u00f6leht","href":"https:\/\/api.w.org\/{rel}","templated":true}]}}