{"id":10692,"date":"2025-10-03T01:03:44","date_gmt":"2025-10-02T22:03:44","guid":{"rendered":"https:\/\/shop.bestudio.ee\/?post_type=product&#038;p=10692"},"modified":"2025-12-01T00:13:13","modified_gmt":"2025-11-30T22:13:13","slug":"main-photo-luxio-gel-base-buff-15ml-5oz","status":"publish","type":"product","link":"https:\/\/shop.bestudio.ee\/et\/toode\/main-photo-luxio-gel-base-buff-15ml-5oz\/","title":{"rendered":"P\u00f5hifoto LUXIO GEL \u2013 BASE BUFF 15ml\/.5oz"},"content":{"rendered":"<h3 class=\"station-tabs-tabtitle\"><span id=\"station-tabs-tab_ht-i0-t9\" class=\"station-tabs-tab is-active\" tabindex=\"0\" role=\"button\" aria-controls=\"station-tabs-tabpanel_ht-i0-t9\" data-slug=\"product-highlightsnbsp\" aria-expanded=\"true\"><span class=\"station-tabs-tabtext\">TOOTE T\u00c4HELEPANU:\u00a0<\/span><\/span><\/h3>\n<div id=\"station-tabs-tabpanel_ht-i0-t9\" class=\"station-tabs-tabpanel is-active\" role=\"region\" aria-labelledby=\"station-tabs-tab_ht-i0-t9\" aria-hidden=\"false\">\n<div class=\"station-tabs-tabcontent\">\n<ul>\n<li>100% Pure Gel Ethos<\/li>\n<li>TPO-vaba, HEMA-vaba, 10-vaba, lahustivaba, l\u00f5hnavaba<\/li>\n<li>Isetasanduv valem<\/li>\n<li>T\u00e4iustab k\u00fc\u00fcnepinda sujuvaks v\u00e4rvimiseks v\u00f5i pealekandmiseks<\/li>\n<li>Katab naturaalsed k\u00fc\u00fcned ja ei kahjusta neid<\/li>\n<li>Valmistatud Kanadas (Euroopa ja P\u00f5hja-Ameerika koostisosadest)<\/li>\n<\/ul>\n<p>_________________________________________________________________<\/p>\n<h3 class=\"station-tabs-tabtitle\"><span id=\"station-tabs-tab_ht-i0-t21\" class=\"station-tabs-tab mod-last is-active\" tabindex=\"0\" role=\"button\" aria-controls=\"station-tabs-tabpanel_ht-i0-t21\" data-slug=\"recommended-use\" aria-expanded=\"true\"><span class=\"station-tabs-tabtext\">SOOVITATAV KASUTUS:<\/span><\/span><\/h3>\n<div id=\"station-tabs-tabpanel_ht-i0-t21\" class=\"station-tabs-tabpanel is-active\" role=\"region\" aria-labelledby=\"station-tabs-tab_ht-i0-t21\" aria-hidden=\"false\">\n<div class=\"station-tabs-tabcontent\">\n<ol>\n<li>P\u00e4rast k\u00fc\u00fcnte ettevalmistamist kandke naturaalsetele k\u00fc\u00fcntele \u00f5huke kontrollitud kiht. \u00c4rge laske Luxio\u00ae baasil puutuda k\u00fc\u00fcnenahkade ega \u00fcmbritseva nahaga ning toode ei tohi kerkida, mis v\u00f5ib p\u00f5hjustada \u00e4rritust.<\/li>\n<li>K\u00f5vasta 30 sekundit Akz\u00e9ntz LED-lambis. \u00c4ra p\u00fchi.<\/li>\n<li>J\u00e4tka Luxio\u00ae Colour v\u00f5i Luxio\u00ae Build v\u00e4rvidega v\u00f5i kata Luxio\u00ae Glossiga.<\/li>\n<\/ol>\n<p><strong>Ideaalne<br \/>\n<\/strong>Tavalised, painduvad v\u00f5i kahjustatud looduslikud k\u00fc\u00fcned.<\/p>\n<p><strong>Ainult professionaalseks kasutamiseks.<\/strong><\/p>\n<p><strong>Koostis:<\/strong> DI-HEMA TRIMET\u00dc\u00dcLHEKS\u00dc\u00dcLDIKARBAMAAT, H\u00dcDROKS\u00dcPROP\u00dc\u00dcLMETAKR\u00dcLAAT, HEMA MALEAAT, H\u00dcDROKS\u00dcTS\u00dcKLOHEKS\u00dc\u00dcLFEN\u00dc\u00dcLKETOON, ET\u00dc\u00dcLTRIMET\u00dc\u00dcLBENSOO\u00dcLFEN\u00dc\u00dcLFOSFINAAT, BIS(GL\u00dcTSER\u00dc\u00dcLDIMETAKR\u00dcLAAT)P\u00dcROMELLITAAT, MALEIINHAPPE, P-H\u00dcDROKS\u00dcANISOOL, R\u00c4NIDIOKSILAAT, [+\/-: C|77891, C|73360, C|77491, C|77492, C|77499, C|15850, C|60725, C|17200]<\/p>\n<\/div>\n<\/div>\n<\/div>\n<\/div>","protected":false},"excerpt":{"rendered":"<h3>IMMUTAMISEGA TOONITUD ALUSLAK<\/h3>\n<p>_______________________________________________________________<\/p>\n<h3 class=\"station-tabs-tabtitle\"><span id=\"station-tabs-tab_ht-i0-t13\" class=\"station-tabs-tab is-active\" tabindex=\"0\" role=\"button\" aria-controls=\"station-tabs-tabpanel_ht-i0-t13\" data-slug=\"aboutnbsp\" aria-expanded=\"true\"><span class=\"station-tabs-tabtext\">INFO:<\/span><\/span><\/h3>\n<div id=\"station-tabs-tabpanel_ht-i0-t13\" class=\"station-tabs-tabpanel is-active\" role=\"region\" aria-labelledby=\"station-tabs-tab_ht-i0-t13\" aria-hidden=\"false\">\n<div class=\"station-tabs-tabcontent\">\n<p>Luxio toonitud aluslakki soovitatakse kasutada siis, kui on vaja kerget katvust v\u00f5i varjavat efekti k\u00fc\u00fcntel, kasutades Luxio tooteid nagu Luxio Colour ja Luxio Build. Luxio toonitud aluslakki p\u00fcsib k\u00fc\u00fcntel suurep\u00e4raselt ja j\u00e4\u00e4b elastseks, andes samal ajal k\u00fc\u00fcntele loomuliku ja t\u00e4iusliku v\u00e4limuse kerge katvuse abil. Seda saab k\u00fc\u00fcntele kanda tugevdava ja tugevdava vahendina ning kui v\u00e4rvi pole vaja, katta Luxio Glossiga.<\/p>\n<\/div>\n<\/div>","protected":false},"featured_media":10693,"template":"","meta":[],"product_brand":[],"product_cat":[267,268,270],"product_tag":[],"class_list":{"0":"post-10692","1":"product","2":"type-product","3":"status-publish","4":"has-post-thumbnail","6":"product_cat-akzentz","7":"product_cat-luxio","8":"product_cat-luxio-base","10":"first","11":"instock","12":"taxable","13":"shipping-taxable","14":"purchasable","15":"product-type-simple"},"jetpack_sharing_enabled":true,"_links":{"self":[{"href":"https:\/\/shop.bestudio.ee\/et\/wp-json\/wp\/v2\/product\/10692","targetHints":{"allow":["GET"]}}],"collection":[{"href":"https:\/\/shop.bestudio.ee\/et\/wp-json\/wp\/v2\/product"}],"about":[{"href":"https:\/\/shop.bestudio.ee\/et\/wp-json\/wp\/v2\/types\/product"}],"wp:featuredmedia":[{"embeddable":true,"href":"https:\/\/shop.bestudio.ee\/et\/wp-json\/wp\/v2\/media\/10693"}],"wp:attachment":[{"href":"https:\/\/shop.bestudio.ee\/et\/wp-json\/wp\/v2\/media?parent=10692"}],"wp:term":[{"taxonomy":"product_brand","embeddable":true,"href":"https:\/\/shop.bestudio.ee\/et\/wp-json\/wp\/v2\/product_brand?post=10692"},{"taxonomy":"product_cat","embeddable":true,"href":"https:\/\/shop.bestudio.ee\/et\/wp-json\/wp\/v2\/product_cat?post=10692"},{"taxonomy":"product_tag","embeddable":true,"href":"https:\/\/shop.bestudio.ee\/et\/wp-json\/wp\/v2\/product_tag?post=10692"}],"curies":[{"name":"t\u00f6\u00f6leht","href":"https:\/\/api.w.org\/{rel}","templated":true}]}}