{"id":10725,"date":"2025-10-04T22:06:53","date_gmt":"2025-10-04T19:06:53","guid":{"rendered":"https:\/\/shop.bestudio.ee\/?post_type=product&#038;p=10725"},"modified":"2025-12-01T00:11:40","modified_gmt":"2025-11-30T22:11:40","slug":"luxio-delightful-15ml-5oz","status":"publish","type":"product","link":"https:\/\/shop.bestudio.ee\/et\/toode\/luxio-delightful-15ml-5oz\/","title":{"rendered":"LUXIO \u2013 MEELDIV 15 ml\/0,5 untsi"},"content":{"rendered":"<h3 class=\"station-tabs-tabtitle\"><span id=\"station-tabs-tab_ht-i0-t11\" class=\"station-tabs-tab is-active\" tabindex=\"0\" role=\"button\" aria-controls=\"station-tabs-tabpanel_ht-i0-t11\" data-slug=\"product-highlightsnbsp\" aria-expanded=\"true\"><span class=\"station-tabs-tabtext\">TOOTE T\u00c4HELEPANU:\u00a0<\/span><\/span><\/h3>\n<div id=\"station-tabs-tabpanel_ht-i0-t11\" class=\"station-tabs-tabpanel is-active\" role=\"region\" aria-labelledby=\"station-tabs-tab_ht-i0-t11\" aria-hidden=\"false\">\n<div class=\"station-tabs-tabcontent\">\n<ul>\n<li>100% puhas geel<\/li>\n<li>TPO-vaba, HEMA-vaba, 10-vaba, lahustivaba, l\u00f5hnavaba<\/li>\n<li>Isetasanduv valem<\/li>\n<li>Lihtne pealekandmine<\/li>\n<li>Mittekahanev<\/li>\n<li>Suurep\u00e4rase ja sujuva katvusega v\u00e4rvid<\/li>\n<li>\u00c4\u00e4rmiselt vastupidavad ja kauakestvad tulemused<\/li>\n<li>Ei pragune, ei kooru ega l\u00f5hene<\/li>\n<li>Saab Akz\u00e9ntz Soak-Off Solutioniga kergesti maha immutada.<\/li>\n<li>Valmistatud Kanadas (Euroopa ja P\u00f5hja-Ameerika koostisosadest)<\/li>\n<\/ul>\n<p>_________________________________________________________________<\/p>\n<h3 class=\"station-tabs-tabtitle\"><span id=\"station-tabs-tab_ht-i0-t37\" class=\"station-tabs-tab mod-last is-active\" tabindex=\"0\" role=\"button\" aria-controls=\"station-tabs-tabpanel_ht-i0-t37\" data-slug=\"recommended-use\" aria-expanded=\"true\"><span class=\"station-tabs-tabtext\">SOOVITATAV KASUTUS:<\/span><\/span><\/h3>\n<div id=\"station-tabs-tabpanel_ht-i0-t37\" class=\"station-tabs-tabpanel is-active\" role=\"region\" aria-labelledby=\"station-tabs-tab_ht-i0-t37\" aria-hidden=\"false\">\n<div class=\"station-tabs-tabcontent\">\n<p><strong>1. samm: K\u00fc\u00fcnte ettevalmistamine<\/strong><br \/>\nAlusta naturaalsete k\u00fc\u00fcnte p\u00f5hjalikust ettevalmistamisest: puhasta Akz\u00e9ntz Prep &amp; Wipe&#039;iga, l\u00fckka k\u00fc\u00fcnenahad tagasi v\u00f5i eemalda need ja poleeri k\u00fc\u00fcneplaati, eemaldades kogu l\u00e4ike. Soovitame kasutada 180-teralist viili.<\/p>\n<p><strong>2. samm: baasrakendus<\/strong><br \/>\nKanna k\u00fc\u00fcne keskele \u00f5huke ja \u00fchtlane kiht Luxio\u00ae Base&#039;i, l\u00fckates pintslit ettevaatlikult k\u00fc\u00fcnenahani seda puudutamata. Silu baasi kerge k\u00e4ega vaba serva suunas, tagades k\u00fc\u00fcneplaadi t\u00e4ieliku katvuse. Lase 30 sekundit k\u00f5veneda.<\/p>\n<p><strong>3. samm: v\u00e4rvi pealekandmine<\/strong><br \/>\nVali soovitud Luxio\u00ae v\u00e4rv. Kasutades sama tehnikat, kanna v\u00e4rv peale, l\u00fckates pintslit k\u00fc\u00fcnenaha poole ja t\u00f5mmates seda \u00fchtlaselt k\u00fc\u00fcnele alla. Lase 30 sekundit kuivada.<\/p>\n<p><strong>4. samm: Teine v\u00e4rvikiht<\/strong><br \/>\nTeise kihi v\u00e4rvimiseks korrake v\u00e4rvi pealekandmise protsessi. Edasij\u00f5udnud k\u00fc\u00fcnekunstnikele soovitame t\u00e4iusliku tulemuse saavutamiseks kasutada peent laineripintslit, et kanda v\u00e4rv k\u00fc\u00fcnenahale v\u00f5imalikult l\u00e4hedale, ilma et see sellega kokku puutuks. Laske 30 sekundit kuivada.<\/p>\n<p><strong>5. samm: l\u00f5peta<\/strong><br \/>\nL\u00f5peta teenus kauakestva l\u00e4ikiva viimistluse saavutamiseks Luxio\u00ae Glossi pealekandmisega. Lase 30 sekundit kuivada ja seej\u00e4rel eemalda kleepuv kiht Akz\u00e9ntz Prep &amp; Wipe&#039;iga. Kui eelistad mittenakkuvat pealispinda, kasuta Akz\u00e9ntz Shine-On&#039;i. Mati efekti saab saavutada ka Akz\u00e9ntz Matte-On&#039;iga.<\/p>\n<p>&nbsp;<\/p>\n<p><strong>Ideaalne: <\/strong>L\u00fchikesed, haprad, n\u00f5rgad v\u00f5i pehmed ja painduvad k\u00fc\u00fcned. Sobib igat t\u00fc\u00fcpi k\u00fc\u00fcnetele.<\/p>\n<p><strong>Ainult professionaalseks kasutamiseks.<br \/>\n15 ml \/ 0,5 untsi<\/strong><\/p>\n<p>Koostis: Di-HEMA trimet\u00fc\u00fclheks\u00fc\u00fcldikarbamaat, h\u00fcdroks\u00fcprop\u00fc\u00fclmetakrilaat, HEMA, h\u00fcdroks\u00fcts\u00fckloheks\u00fc\u00fclfen\u00fc\u00fclketoon, trimet\u00fc\u00fclbenso\u00fc\u00fcldifen\u00fc\u00fclfosfiinoksiid, pol\u00fcuretaan-11, P-h\u00fcdroks\u00fcanisool, r\u00e4nidioksiidsil\u00fclaat, [+\/-: C|77891, C|19140, C|45410]<\/p>\n<\/div>\n<\/div>\n<\/div>\n<\/div>","protected":false},"excerpt":{"rendered":"<h3 class=\"station-tabs-tabtitle\"><span id=\"station-tabs-tab_ht-i0-t5\" class=\"station-tabs-tab mod-first is-active\" tabindex=\"0\" role=\"button\" aria-controls=\"station-tabs-tabpanel_ht-i0-t5\" data-slug=\"soak-off-gel-polish\" aria-expanded=\"true\"><span class=\"station-tabs-tabtext\">IMMUTAV GEELLAKK<\/span><\/span><\/h3>\n<div id=\"station-tabs-tabpanel_ht-i0-t5\" class=\"station-tabs-tabpanel is-active\" role=\"region\" aria-labelledby=\"station-tabs-tab_ht-i0-t5\" aria-hidden=\"false\">\n<div class=\"station-tabs-tabcontent\">\n<p>Meeldiv, erksalt jahe roosa.<\/p>\n<\/div>\n<\/div>\n<p>Luxio on 100% puhas geel, mis on l\u00f5hnatu ja lahustivaba. See on loodud naturaalse k\u00fc\u00fcne katmiseks ja kaitsmiseks. Luxio pealekandmine on lihtne ja tagab maksimaalse kontrolli, mist\u00f5ttu on see ideaalne valik kauap\u00fcsiva geelmanik\u00fc\u00fcri v\u00f5i -pedik\u00fc\u00fcri jaoks.<\/p>\n<p>\u2022 L\u00f5hnatu<br \/>\n\u2022 100% geeli koostis<br \/>\n\u2022 Lahustivaba<br \/>\n\u2022 Ainult professionaalidele<br \/>\n\u2022 Ohutu ja lihtne peale kanda<br \/>\n\u2022 Rikkalikud, \u00fclipigmenteerunud v\u00e4rvid<br \/>\n\u2022 Kreemjas konsistents, mis on loodud t\u00e4iusliku kontrolli tagamiseks<br \/>\n\u2022 Valmistatud Kanadas ainult P\u00f5hja-Ameerika ja Euroopa koostisosadest<\/p>","protected":false},"featured_media":10729,"template":"","meta":[],"product_brand":[],"product_cat":[267,268,269],"product_tag":[],"class_list":{"0":"post-10725","1":"product","2":"type-product","3":"status-publish","4":"has-post-thumbnail","6":"product_cat-akzentz","7":"product_cat-luxio","8":"product_cat-luxio-colour","10":"first","11":"instock","12":"taxable","13":"shipping-taxable","14":"purchasable","15":"product-type-simple"},"jetpack_sharing_enabled":true,"_links":{"self":[{"href":"https:\/\/shop.bestudio.ee\/et\/wp-json\/wp\/v2\/product\/10725","targetHints":{"allow":["GET"]}}],"collection":[{"href":"https:\/\/shop.bestudio.ee\/et\/wp-json\/wp\/v2\/product"}],"about":[{"href":"https:\/\/shop.bestudio.ee\/et\/wp-json\/wp\/v2\/types\/product"}],"wp:featuredmedia":[{"embeddable":true,"href":"https:\/\/shop.bestudio.ee\/et\/wp-json\/wp\/v2\/media\/10729"}],"wp:attachment":[{"href":"https:\/\/shop.bestudio.ee\/et\/wp-json\/wp\/v2\/media?parent=10725"}],"wp:term":[{"taxonomy":"product_brand","embeddable":true,"href":"https:\/\/shop.bestudio.ee\/et\/wp-json\/wp\/v2\/product_brand?post=10725"},{"taxonomy":"product_cat","embeddable":true,"href":"https:\/\/shop.bestudio.ee\/et\/wp-json\/wp\/v2\/product_cat?post=10725"},{"taxonomy":"product_tag","embeddable":true,"href":"https:\/\/shop.bestudio.ee\/et\/wp-json\/wp\/v2\/product_tag?post=10725"}],"curies":[{"name":"t\u00f6\u00f6leht","href":"https:\/\/api.w.org\/{rel}","templated":true}]}}