{"id":10749,"date":"2025-10-04T22:48:47","date_gmt":"2025-10-04T19:48:47","guid":{"rendered":"https:\/\/shop.bestudio.ee\/?post_type=product&#038;p=10749"},"modified":"2025-12-01T00:10:38","modified_gmt":"2025-11-30T22:10:38","slug":"luxio-sentiment-15ml-5oz","status":"publish","type":"product","link":"https:\/\/shop.bestudio.ee\/et\/toode\/luxio-sentiment-15ml-5oz\/","title":{"rendered":"LUXIO \u2013 SENTIMENT 15ml\/.5oz"},"content":{"rendered":"<h3><strong>T\u00c4HTIS M\u00c4RKUS<\/strong><\/h3>\n<p>Enne kasutamist segada.<\/p>\n<p>V\u00e4rvide visualiseerimine toimub digitaalses keskkonnas ja varjundite esitus v\u00f5ib teie ekraanis\u00e4tetest olenevalt veidi erineda. Tegelik v\u00e4rvitoon v\u00f5ib reaalsetes tingimustes erineda.<\/p>\n<p>_________________________________________________________________<\/p>\n<h3><strong>SOOVITATAV KASUTUS:<\/strong><\/h3>\n<p><strong>1. samm: K\u00fc\u00fcnte ettevalmistamine<\/strong><br \/>\nAlusta naturaalsete k\u00fc\u00fcnte p\u00f5hjalikust ettevalmistamisest: puhasta Akz\u00e9ntz Prep &amp; Wipe&#039;iga, l\u00fckka k\u00fc\u00fcnenahad tagasi v\u00f5i eemalda need ja poleeri k\u00fc\u00fcneplaati, eemaldades kogu l\u00e4ike. Soovitame kasutada 180-teralist viili.<\/p>\n<p><strong>2. samm: baasrakendus<\/strong><br \/>\nKanna k\u00fc\u00fcne keskele \u00f5huke ja \u00fchtlane kiht Luxio\u00ae Base&#039;i, l\u00fckates pintslit ettevaatlikult k\u00fc\u00fcnenahani seda puudutamata. Silu baasi kerge k\u00e4ega vaba serva suunas, tagades k\u00fc\u00fcneplaadi t\u00e4ieliku katvuse. Lase 30 sekundit k\u00f5veneda.<\/p>\n<p><strong>3. samm: v\u00e4rvi pealekandmine<\/strong><br \/>\nVali soovitud Luxio\u00ae v\u00e4rv. Kasutades sama tehnikat, kanna v\u00e4rv peale, l\u00fckates pintslit k\u00fc\u00fcnenaha poole ja t\u00f5mmates seda \u00fchtlaselt k\u00fc\u00fcnele alla. Lase 30 sekundit kuivada.<\/p>\n<p><strong>4. samm: Teine v\u00e4rvikiht<\/strong><br \/>\nTeise kihi v\u00e4rvimiseks korrake v\u00e4rvi pealekandmise protsessi. Edasij\u00f5udnud k\u00fc\u00fcnekunstnikele soovitame t\u00e4iusliku tulemuse saavutamiseks kasutada peent laineripintslit, et kanda v\u00e4rv k\u00fc\u00fcnenahale v\u00f5imalikult l\u00e4hedale, ilma et see sellega kokku puutuks. Laske 30 sekundit kuivada.<\/p>\n<p><strong>5. samm: l\u00f5peta<\/strong><br \/>\nL\u00f5peta teenus kauakestva l\u00e4ikiva viimistluse saavutamiseks Luxio\u00ae Glossi pealekandmisega. Lase 30 sekundit kuivada ja seej\u00e4rel eemalda kleepuv kiht Akz\u00e9ntz Prep &amp; Wipe&#039;iga. Kui eelistad mittenakkuvat pealispinda, kasuta Akz\u00e9ntz Shine-On&#039;i. Mati efekti saab saavutada ka Akz\u00e9ntz Matte-On&#039;iga.<\/p>\n<p><strong>Ideaalne:\u00a0<\/strong>L\u00fchikesed, haprad, n\u00f5rgad v\u00f5i pehmed ja painduvad k\u00fc\u00fcned. Sobib igat t\u00fc\u00fcpi k\u00fc\u00fcnetele.<\/p>\n<p><strong>Ainult professionaalseks kasutamiseks.<br \/>\n15 ml \/ 0,5 untsi<\/strong><\/p>\n<p><strong>KOOSTISOSAD:<\/strong> BIS-H\u00dcDROKS\u00dcET\u00dc\u00dcLAKR\u00dcLAAT POL\u00dc(NEOPENT\u00dc\u00dcLGL\u00dcKOOLADIPAAT)\/IPDI KOPOL\u00dcMEER, H\u00dcDROKS\u00dcPROP\u00dc\u00dcLMETAKR\u00dcLAAT, ET\u00dc\u00dcLTRIMET\u00dc\u00dcLBENSOO\u00dcLFEN\u00dc\u00dcLFOSFINAAT; P-H\u00dcDROKS\u00dcANISOOL, R\u00c4NIDIOKSILAAT, [+\/-: C|15850, C|17200, C|19140, C|42090, C|45410, C|47005, C|60725, C|73360, C|77007, C|77288, C|77491, C|77492, C|77499, C|77510, C|77742, C|77891]<\/p>","protected":false},"excerpt":{"rendered":"<h3><strong>IMMUTAV GEELLAKK<\/strong><\/h3>\n<p>Sentiment, siidine bee\u017e.<\/p>\n<p>_______________________________________________________________<\/p>\n<h3><strong>TOOTE T\u00c4HELEPANU:<\/strong><\/h3>\n<ul>\n<li>100% puhas geel<\/li>\n<li>TPO-vaba, HEMA-vaba, 10-vaba, lahustivaba, l\u00f5hnavaba<\/li>\n<li>Isetasanduv valem<\/li>\n<li>Lihtne pealekandmine<\/li>\n<li>Mittekahanev<\/li>\n<li>Suurep\u00e4rase ja sujuva katvusega v\u00e4rvid<\/li>\n<li>\u00c4\u00e4rmiselt vastupidavad ja kauakestvad tulemused<\/li>\n<li>Ei pragune, ei kooru ega l\u00f5hene<\/li>\n<li>Saab Akz\u00e9ntz Soak-Off Solutioniga kergesti maha immutada.<\/li>\n<li>Valmistatud Kanadas (Euroopa ja P\u00f5hja-Ameerika koostisosadest)<\/li>\n<\/ul>\n<p>_______________________________________________________________<\/p>\n<h3><strong>INFO:<\/strong><\/h3>\n<p>Luxio\u00ae by Akzentz on puhas luksus pudelis. Meie signatuurne, kreemjas ja rikkalikult pigmenteerunud koostis tagab iga kord sujuva ja \u00fchtlase katvuse. Luxio\u00ae on puhas geeljas koostis, mis v\u00f5imaldab h\u00f5lpsat pealekandmist ja \u00fcletamatut vastupidavust, s\u00e4ilitades samal ajal naturaalsete k\u00fc\u00fcnte tervise. Luxio\u00ae pakub k\u00f5ige luksuslikumat kogemust mitte ainult k\u00fc\u00fcnekunstnikule, vaid ka k\u00f5ige n\u00f5udlikumatele klientidele.<\/p>","protected":false},"featured_media":10752,"template":"","meta":[],"product_brand":[],"product_cat":[267,268,269],"product_tag":[],"class_list":{"0":"post-10749","1":"product","2":"type-product","3":"status-publish","4":"has-post-thumbnail","6":"product_cat-akzentz","7":"product_cat-luxio","8":"product_cat-luxio-colour","10":"first","11":"instock","12":"taxable","13":"shipping-taxable","14":"purchasable","15":"product-type-simple"},"jetpack_sharing_enabled":true,"_links":{"self":[{"href":"https:\/\/shop.bestudio.ee\/et\/wp-json\/wp\/v2\/product\/10749","targetHints":{"allow":["GET"]}}],"collection":[{"href":"https:\/\/shop.bestudio.ee\/et\/wp-json\/wp\/v2\/product"}],"about":[{"href":"https:\/\/shop.bestudio.ee\/et\/wp-json\/wp\/v2\/types\/product"}],"wp:featuredmedia":[{"embeddable":true,"href":"https:\/\/shop.bestudio.ee\/et\/wp-json\/wp\/v2\/media\/10752"}],"wp:attachment":[{"href":"https:\/\/shop.bestudio.ee\/et\/wp-json\/wp\/v2\/media?parent=10749"}],"wp:term":[{"taxonomy":"product_brand","embeddable":true,"href":"https:\/\/shop.bestudio.ee\/et\/wp-json\/wp\/v2\/product_brand?post=10749"},{"taxonomy":"product_cat","embeddable":true,"href":"https:\/\/shop.bestudio.ee\/et\/wp-json\/wp\/v2\/product_cat?post=10749"},{"taxonomy":"product_tag","embeddable":true,"href":"https:\/\/shop.bestudio.ee\/et\/wp-json\/wp\/v2\/product_tag?post=10749"}],"curies":[{"name":"t\u00f6\u00f6leht","href":"https:\/\/api.w.org\/{rel}","templated":true}]}}