{"id":10852,"date":"2025-10-16T23:55:30","date_gmt":"2025-10-16T20:55:30","guid":{"rendered":"https:\/\/shop.bestudio.ee\/?post_type=product&#038;p=10852"},"modified":"2025-12-18T00:38:33","modified_gmt":"2025-12-17T22:38:33","slug":"kerafix-14ml","status":"publish","type":"product","link":"https:\/\/shop.bestudio.ee\/et\/toode\/kerafix-14ml\/","title":{"rendered":"KeraFix, 14ml"},"content":{"rendered":"<p>14 ml,<\/p>\n<p><strong>KOOSTISOSAD:<\/strong> DENATUREERITUD ALKOHOL, VESI, POL\u00dcAKR\u00dcLAADI RISTPOL\u00dcMEER 6, GL\u00dcKOOLHAPE, PARF\u00dc\u00dcM, GL\u00dcKONOLAKTOONI, PHAEODACTYLUM TRICORNUTUM EKSTRAKT, PENT\u00dcLEENGL\u00dcKOOL, BIOOTIIN.<\/p>\n<p><strong>SOOVITATAV KASUTUS<\/strong><\/p>\n<p>Kasutada iga p\u00e4ev v\u00e4hemalt 1-2 n\u00e4dalat (v\u00f5i kauem, olenevalt k\u00fc\u00fcnte esialgsest seisukorrast). Kanna esimene kiht peale ja lase sel 30 sekundit imenduda. Kanna teine kiht peale ja oota, kuni see t\u00e4ielikult imendub.<\/p>\n<p><strong>ETTEVAATUST<\/strong><\/p>\n<p>Ainult v\u00e4lispidiseks kasutamiseks. Hoida lastele k\u00e4ttesaamatus kohas.<\/p>","protected":false},"excerpt":{"rendered":"<p>ETTEVAATUST PROFESSIONAALIDE HINDADEGA \u2013 PALUN LOGI SISSE!<\/p>\n<p><strong>INTENSIIVNE K\u00dc\u00dcNEPARANDUSKONTSENTRAAT<\/strong><\/p>\n<p>K\u00fc\u00fcneplaadi taastav ja hooldav kontsentraat parandab k\u00fc\u00fcneplaadi kvaliteeti, aitab kaasa selle taastumisele ja stimuleerib selle tervet kasvu. Ideaalne pausiks manik\u00fc\u00fcride vahel. Mereline r\u00e4nidioksiid, biotiin ja orgaaniliste puuviljade aktiivsed koostisosad toimivad s\u00fcnergiliselt, et taastada, toita, elavdada ja stimuleerida tervete k\u00fc\u00fcnte kasvu. KeraFixi kerge tekstuur tagab toimeainete kiire imendumise ja kohese kuivamise ilma l\u00e4ikiva j\u00e4\u00e4gita, muutes hoolduse n\u00e4htamatuks ja mugavaks.<\/p>\n<p><strong>TOIMEAINED<\/strong><\/p>\n<p><strong>Mereline r\u00e4nidioksiid<\/strong>Kergesti biosaadav r\u00e4nidioksiidi vorm, mis suurendab keratiini s\u00fcnteesi, tugevdab k\u00fc\u00fcneplaati ning suurendab selle tihedust ja tugevust, ennetades k\u00fc\u00fcne haprust ja l\u00f5henemist. Merelised komponendid toetavad k\u00fc\u00fcnte veetasakaalu.<\/p>\n<p><strong>Biotiin<\/strong>Vees lahustuv koostis, mis tungib kergesti k\u00fc\u00fcnestruktuuri, soodustab keratiini moodustumist ning aitab taastada ja parandada k\u00fc\u00fcneplaadi tekstuuri. Toimides rakutasandil seestpoolt, tugevdab see k\u00fc\u00fcnemaatriksit, stimuleerides tervete k\u00fc\u00fcnte kasvu.<\/p>\n<p><strong>AHA- ja PHA-happed<\/strong>Kahest erinevat t\u00fc\u00fcpi molekulist koosnev kompleks toimib k\u00fc\u00fcnepinnal \u00f5rna koorijana, stimuleerides k\u00fc\u00fcnealuse uuenemist ja uute tervete rakkude moodustumist, ning niisutajana, tungides s\u00fcgavamatesse kihtidesse, meelitades ligi ja hoides vett, mis muudab k\u00fc\u00fcnepinna toidetuks, siledaks, elastseks ja terveks. Kompleks sobib igale k\u00fc\u00fcneplaadile, isegi v\u00e4ga tundlikule.<\/p>","protected":false},"featured_media":10857,"template":"","meta":[],"product_brand":[],"product_cat":[99,97,98,234,239,244,246,245],"product_tag":[],"class_list":{"0":"post-10852","1":"product","2":"type-product","3":"status-publish","4":"has-post-thumbnail","6":"product_cat-straderm","7":"product_cat-personal-use","8":"product_cat-professional-use","9":"product_cat-homecare-products","10":"product_cat-nail-care-products","11":"product_cat-pedicure","12":"product_cat-homecare-products-pedicure","13":"product_cat-professional-products","15":"first","16":"instock","17":"taxable","18":"shipping-taxable","19":"purchasable","20":"product-type-simple"},"jetpack_sharing_enabled":true,"_links":{"self":[{"href":"https:\/\/shop.bestudio.ee\/et\/wp-json\/wp\/v2\/product\/10852","targetHints":{"allow":["GET"]}}],"collection":[{"href":"https:\/\/shop.bestudio.ee\/et\/wp-json\/wp\/v2\/product"}],"about":[{"href":"https:\/\/shop.bestudio.ee\/et\/wp-json\/wp\/v2\/types\/product"}],"wp:featuredmedia":[{"embeddable":true,"href":"https:\/\/shop.bestudio.ee\/et\/wp-json\/wp\/v2\/media\/10857"}],"wp:attachment":[{"href":"https:\/\/shop.bestudio.ee\/et\/wp-json\/wp\/v2\/media?parent=10852"}],"wp:term":[{"taxonomy":"product_brand","embeddable":true,"href":"https:\/\/shop.bestudio.ee\/et\/wp-json\/wp\/v2\/product_brand?post=10852"},{"taxonomy":"product_cat","embeddable":true,"href":"https:\/\/shop.bestudio.ee\/et\/wp-json\/wp\/v2\/product_cat?post=10852"},{"taxonomy":"product_tag","embeddable":true,"href":"https:\/\/shop.bestudio.ee\/et\/wp-json\/wp\/v2\/product_tag?post=10852"}],"curies":[{"name":"t\u00f6\u00f6leht","href":"https:\/\/api.w.org\/{rel}","templated":true}]}}