{"id":10858,"date":"2025-10-17T00:11:40","date_gmt":"2025-10-16T21:11:40","guid":{"rendered":"https:\/\/shop.bestudio.ee\/?post_type=product&#038;p=10858"},"modified":"2026-03-05T11:03:45","modified_gmt":"2026-03-05T09:03:45","slug":"diamond-shine-on-15ml-5oz","status":"publish","type":"product","link":"https:\/\/shop.bestudio.ee\/et\/toode\/diamond-shine-on-15ml-5oz\/","title":{"rendered":"TEEMANTL\u00c4IKE 15ml\/.5oz"},"content":{"rendered":"<p><strong>KOOSTISOSAD: <\/strong>PPG-3 GL\u00dcTSER\u00dc\u00dcLEETERTRIAKR\u00dcLAAT, BIS-HEMA POL\u00dc(1,4-BUTAANDIOOL)-9\/IPDI KOPOL\u00dcMEER, PENTAER\u00dcTRIT\u00dc\u00dcLTETRAMERKAPTOPROPIONAAT, BIS-HEMA POL\u00dc(1,4-BUTAANDIOOL)-9\/SMDI KOPOL\u00dcMEER, DIET\u00dcLEENGL\u00dcKOOLDIMETAKR\u00dcLAAT, TRIMET\u00dc\u00dcLBENSOO\u00dcLDITOL\u00dc\u00dcLFOSFIINOKSIID, ISOPROP\u00dc\u00dcLFEN\u00dc\u00dcLDIMETIKOON, C|60725<\/p>\n<p><strong>1. samm: P\u00e4rast ehituslaki v\u00f5i v\u00e4rvigeeli pealekandmist<\/strong><br \/>\nP\u00e4rast Akz\u00e9ntzi geeliprotseduuri l\u00f5petamist kandke Shine-On Diamond lakki \u00fchtlaselt kogu k\u00fc\u00fcnte pinnale, l\u00fckates pintslit ettevaatlikult k\u00fc\u00fcnenahani seda puudutamata. Laske sellel hetkeks tasaneda, luues ideaalselt sileda ja klaasja pinna.<\/p>\n<p><strong>2. samm: ravi<\/strong><br \/>\nK\u00f5vastage 30 sekundit Akz\u00e9ntz LED-lambis. Optimaalsete tulemuste saavutamiseks soovitame kasutada Akz\u00e9ntz LED-lampi. Kui kasutate teist marki k\u00f5venduslampi, v\u00f5ib k\u00f5venemisaeg olla pikem.<\/p>\n<p><strong>3. samm: L\u00f5peta<\/strong><br \/>\nP\u00e4rast k\u00f5venemist saavutatakse ilus m\u00e4rg l\u00e4ige. Pole vaja p\u00fchkida ega muid samme teha.<\/p>\n<p><strong>Ideaalne:\u00a0<\/strong>K\u00f5ik geelk\u00fc\u00fcnehooldused, mille puhul soovitakse k\u00f5ige l\u00e4ikivamat ja kauap\u00fcsivamat l\u00e4iget. Ei ole soovitatav teenuste puhul, mille puhul on vaja geelk\u00fc\u00fcnelaki soak-off eemaldamist, v\u00e4lja arvatud juhul, kui see enne soak-off protseduuri alustamist maha viilitakse.<\/p>","protected":false},"excerpt":{"rendered":"<p>Tutvustame meie auhinnatud ja mittenakkuva pealislaki j\u00e4rgmise p\u00f5lvkonna toodet: Diamond Shine-On\u2122. T\u00e4iesti uus koostis t\u00e4hendab, et see on meie k\u00f5ige l\u00e4ikivam ja vastupidavam pealislakk l\u00e4bi aegade \u2013 v\u00f5rratu s\u00e4ra, parema kriimustuskindluse ja suurema optilise selgusega. Sujuvam ja kontrollitum viskoossus, mis peidab iseenesest t\u00e4iuslikkuseni j\u00f5udvad vead, ning n\u00fc\u00fcd on see t\u00e4iesti HEMA- ja TPO-vaba. K\u00f5ik see sama hinnaga kui varem.<br \/>\nSama s\u00e4rav uuendus kui teemandid.<\/p>\n<p>Suurus: 15 ml \/ 0,5 untsi<\/p>\n<p><em><strong>*Oluline m\u00e4rkus:<\/strong>\u00a0<\/em>Diamond Shine-Onil on l\u00e4ikivam ja libedam koostis, mis ei sobi kroomi-\/efektpulbritega, n\u00e4iteks Gel-Play Pearlescent Powdersiga. Kroomi-\/efektpulbrite pealekandmiseks soovitame kasutada Shine-On\u2122 originaalset koostist.<\/p>\n<h3><strong>Toote esilet\u00f5stmised:\u00a0<\/strong><\/h3>\n<ul>\n<li>Laboris m\u00f5\u00f5detud l\u00e4ige on 95 GU (l\u00e4ike\u00fchikud), mis on meie k\u00f5igi aegade k\u00f5rgeim tulemus ja k\u00f5rgem kui konkurentide l\u00e4igetel (originaall\u00e4ike \u00fchikul on m\u00f5\u00f5detud l\u00e4ige 88 GU).<\/li>\n<li>Keskmise viskoossusega ja suurema libisemisega<\/li>\n<li>Iset\u00e4iustuv koostis siledama viimistluse saavutamiseks<\/li>\n<li>Meie kauakestvaim ja vastupidavaim l\u00e4ige<\/li>\n<li>Lihtne pealekandmine<\/li>\n<li>Toimib iga Akz\u00e9ntz geeliga<\/li>\n<li>Mittekahanev<\/li>\n<li>Ei kolletu ega muuda v\u00e4rvi<\/li>\n<li>Ei pragune, ei hakka ega kooru<\/li>\n<li>K\u00f5veneb ilma inhibeerimiskihita<\/li>\n<li>Usaldusv\u00e4\u00e4rsed ja j\u00e4rjepidevad tulemused<\/li>\n<\/ul>\n<h3><strong>Valemi teave:\u00a0<\/strong><\/h3>\n<ul>\n<li>100% puhas geel<\/li>\n<li>TPO-vaba, HEMA-vaba, lahustivaba, 10-vaba,<\/li>\n<li>K\u00f5va geeli koostis<\/li>\n<li>Valmistatud Kanadas (Euroopa ja P\u00f5hja-Ameerika koostisosadest)<\/li>\n<li>Ainult professionaalseks kasutamiseks<\/li>\n<\/ul>","protected":false},"featured_media":10865,"template":"","meta":[],"product_brand":[],"product_cat":[267,277],"product_tag":[],"class_list":{"0":"post-10858","1":"product","2":"type-product","3":"status-publish","4":"has-post-thumbnail","6":"product_cat-akzentz","7":"product_cat-diamond-shine-on","9":"first","10":"instock","11":"sale","12":"taxable","13":"shipping-taxable","14":"purchasable","15":"product-type-simple"},"jetpack_sharing_enabled":true,"_links":{"self":[{"href":"https:\/\/shop.bestudio.ee\/et\/wp-json\/wp\/v2\/product\/10858","targetHints":{"allow":["GET"]}}],"collection":[{"href":"https:\/\/shop.bestudio.ee\/et\/wp-json\/wp\/v2\/product"}],"about":[{"href":"https:\/\/shop.bestudio.ee\/et\/wp-json\/wp\/v2\/types\/product"}],"wp:featuredmedia":[{"embeddable":true,"href":"https:\/\/shop.bestudio.ee\/et\/wp-json\/wp\/v2\/media\/10865"}],"wp:attachment":[{"href":"https:\/\/shop.bestudio.ee\/et\/wp-json\/wp\/v2\/media?parent=10858"}],"wp:term":[{"taxonomy":"product_brand","embeddable":true,"href":"https:\/\/shop.bestudio.ee\/et\/wp-json\/wp\/v2\/product_brand?post=10858"},{"taxonomy":"product_cat","embeddable":true,"href":"https:\/\/shop.bestudio.ee\/et\/wp-json\/wp\/v2\/product_cat?post=10858"},{"taxonomy":"product_tag","embeddable":true,"href":"https:\/\/shop.bestudio.ee\/et\/wp-json\/wp\/v2\/product_tag?post=10858"}],"curies":[{"name":"t\u00f6\u00f6leht","href":"https:\/\/api.w.org\/{rel}","templated":true}]}}