{"id":10918,"date":"2025-10-19T19:46:40","date_gmt":"2025-10-19T16:46:40","guid":{"rendered":"https:\/\/shop.bestudio.ee\/?post_type=product&#038;p=10918"},"modified":"2026-01-16T20:06:36","modified_gmt":"2026-01-16T18:06:36","slug":"pearlescent-powder-silver-1g-035oz","status":"publish","type":"product","link":"https:\/\/shop.bestudio.ee\/et\/toode\/pearlescent-powder-silver-1g-035oz\/","title":{"rendered":"P\u00c4RTLIK PULBER \u2013 H\u00d5BE 1g\/.035oz"},"content":{"rendered":"<p><strong>KOOSTISOSAD: <\/strong>KALTISUMALUMIINIUMBOORSILIKAAT, R\u00c4NIDIOKSIID, TINAOKSIID [+\/-: C|77891]<\/p>\n<h3><strong>SOOVITATAV KASUTUSALAD:<\/strong><\/h3>\n<div><strong>1.<\/strong>\u00a0Kanna peale valitud Akz\u00e9ntz geel (Gel-Play, Options, Luxio v\u00f5i Pro-Formance) ja lase kuivada nagu tavaliselt.<\/div>\n<div><strong>2.<\/strong>\u00a0Kanna peale \u00fcks kiht Akz\u00e9ntz Shine-On p\u00fchkimisvastast pealislakki. Lase k\u00f5veneda.<br \/>\n<strong>3.<\/strong>\u00a0Kanna mikrokiudaplikaatori v\u00f5i kindaga s\u00f5rmega tugeva survega peale kiht p\u00e4rlmutterpuudrit. T\u00f6\u00f6ta kiirete ringjate liigutustega.<br \/>\n<strong>4.<\/strong>\u00a0Kanna peale \u00fcks kiht Akzentz Shine-On p\u00fchkimisvastast pealislakki. Lase kuivada.<\/div>","protected":false},"excerpt":{"rendered":"<h3><b>GLASUURITUD EFEKTI PULBER:<\/b><\/h3>\n<p><b>Viimistlus: <\/b>P\u00e4rlmutter\/glasuuritud<br \/>\n<b>pH:\u00a0<\/b>Pole kohaldatav<\/p>\n<p class=\"\" data-start=\"245\" data-end=\"650\"><strong>Gel-Play Pearlescent Powder h\u00f5bedane annab l\u00e4bipaistva, p\u00e4rlmutterja efekti.\u00a0<\/strong>\u00a0Professionaalse kvaliteediga efektpuuder, mis annab ihaldatud &quot;glasuuritud&quot; viimistluse, mille on kuulsaks teinud viiruslikud k\u00fc\u00fcnetrendid. See \u00fclipeen, k\u00f5rgl\u00e4ikega pigment loob sileda, p\u00e4rlmutterl\u00e4ike, kui seda kanda kuivanud, p\u00fchkimist mittevajavale pealislakile. Olenemata sellest, kas seda kasutatakse pehmete l\u00e4bipaistvate v\u00e4rvide, piimvalgete v\u00f5i julgete toonide peal, muudab p\u00e4rlmutterpuuder iga komplekti ebamaise, valgustpeegeldava s\u00e4raga.<\/p>\n<p class=\"\" data-start=\"652\" data-end=\"786\">See puuder, mis on loodud vaevata pealekandmiseks ja siidiselt sileda viimistluse saavutamiseks, on ideaalne viimane lihv elegantsetele ja moodsatele k\u00fc\u00fcntele.<\/p>\n<h3><strong data-end=\"1941\" data-start=\"1921\">SOBIB:<\/strong><\/h3>\n<p><strong data-end=\"1941\" data-start=\"1921\">Glasuuritud efektid:<\/strong>\u00a0Kasutage koos mis tahes Akz\u00e9ntz geeliga, sh Luxio\u00ae, Pro-Formance\u00ae, Options\u2122 v\u00f5i Gel-Play\u2122.<\/p>\n<p><strong>Ainult professionaalseks kasutamiseks.<br \/>\n1g<\/strong><\/p>","protected":false},"featured_media":10923,"template":"","meta":[],"product_brand":[],"product_cat":[267,274,292],"product_tag":[],"class_list":{"0":"post-10918","1":"product","2":"type-product","3":"status-publish","4":"has-post-thumbnail","6":"product_cat-akzentz","7":"product_cat-gel-play","8":"product_cat-gel-play-pearlescent-powder","10":"first","11":"instock","12":"taxable","13":"shipping-taxable","14":"purchasable","15":"product-type-simple"},"jetpack_sharing_enabled":true,"_links":{"self":[{"href":"https:\/\/shop.bestudio.ee\/et\/wp-json\/wp\/v2\/product\/10918","targetHints":{"allow":["GET"]}}],"collection":[{"href":"https:\/\/shop.bestudio.ee\/et\/wp-json\/wp\/v2\/product"}],"about":[{"href":"https:\/\/shop.bestudio.ee\/et\/wp-json\/wp\/v2\/types\/product"}],"wp:featuredmedia":[{"embeddable":true,"href":"https:\/\/shop.bestudio.ee\/et\/wp-json\/wp\/v2\/media\/10923"}],"wp:attachment":[{"href":"https:\/\/shop.bestudio.ee\/et\/wp-json\/wp\/v2\/media?parent=10918"}],"wp:term":[{"taxonomy":"product_brand","embeddable":true,"href":"https:\/\/shop.bestudio.ee\/et\/wp-json\/wp\/v2\/product_brand?post=10918"},{"taxonomy":"product_cat","embeddable":true,"href":"https:\/\/shop.bestudio.ee\/et\/wp-json\/wp\/v2\/product_cat?post=10918"},{"taxonomy":"product_tag","embeddable":true,"href":"https:\/\/shop.bestudio.ee\/et\/wp-json\/wp\/v2\/product_tag?post=10918"}],"curies":[{"name":"t\u00f6\u00f6leht","href":"https:\/\/api.w.org\/{rel}","templated":true}]}}