{"id":10924,"date":"2025-10-19T19:55:41","date_gmt":"2025-10-19T16:55:41","guid":{"rendered":"https:\/\/shop.bestudio.ee\/?post_type=product&#038;p=10924"},"modified":"2026-02-12T22:31:31","modified_gmt":"2026-02-12T20:31:31","slug":"uv-led-gel-play-magnetic-clear-silver-10g-0-35oz","status":"publish","type":"product","link":"https:\/\/shop.bestudio.ee\/et\/toode\/uv-led-gel-play-magnetic-clear-silver-10g-0-35oz\/","title":{"rendered":"UV\/LED GEELLAKK \u2013 MAGNETILINE L\u00c4BIPAISTEV H\u00d5BEDANE 10g\/.0.35oz"},"content":{"rendered":"<div class=\"woocommerce-tabs wc-tabs-wrapper\">\n<div id=\"tab-description\" class=\"woocommerce-Tabs-panel woocommerce-Tabs-panel--description panel entry-content wc-tab\" role=\"tabpanel\" aria-labelledby=\"tab-title-description\">\n<div id=\"station-tabs-tabpanel_ht-i0-t19\" class=\"station-tabs-tabpanel is-active\" role=\"region\" aria-labelledby=\"station-tabs-tab_ht-i0-t19\" aria-hidden=\"false\">\n<div class=\"station-tabs-tabcontent\">\n<p><strong>INGREDIENTS:<\/strong> BIS-HYDROXYETHYL ACRYLATE POLY(NEOPENTYL GLYCOL ADIPATE)\/IPDI COPOLYMER, HYDROXYPROPYL METHACRYLATE, ETHYL TRIMETHYLBENZOYL PHENYLPHOSPHINATE; P-HYDROXYANISOLE, SILICA SILYLATE,\u00a0 [+\/-:C|77499, C|77000, C|77891]<\/p>\n<h3><strong>IMPORTANT NOTE!<\/strong><\/h3>\n<p>Stir before Use.<\/p>\n<p>Color visualization occurs in a digital environment, and shade representation may vary slightly depending on your screen settings. The actual color tone may differ in real-life conditions.<\/p>\n<h3><strong>ABOUT GEL-PLAY POLISH:<\/strong><\/h3>\n<p>The Evolution of Gel-Play by Akz\u00e9ntz \u2013 Gel Play\u2122 Polish. This new format has been highly requested and opens up an entirely new way to create stunning nail art. The new gel polish format offers added ease and versatility for nail artists who prefer brush-on application.<\/p>\n<p><strong>For Professional-Use Only.<br \/>\n10mL\/0.33oz\u00a0<\/strong><\/p>\n<\/div>\n<\/div>\n<\/div>\n<\/div>\n","protected":false},"excerpt":{"rendered":"<p><b>Viimistlus:\u00a0<\/b>Magnetiline<br \/>\n<b>Katvus:\u00a0<\/b>1\/5<\/p>\n<p>Kristallselge geel, mis on immutatud \u00fclipeente magnetiliste h\u00f5bedaosakestega. Magnetiline<br \/>\nL\u00e4bipaistev h\u00f5be muutub magneti abil pehmeks, dimensiooniliseks ja elegantseks kassisilmaefektiks \u2013 see on loodud selleks, et kanda peale mis tahes v\u00e4rvi helendava viimistluse saavutamiseks v\u00f5i kanda \u00fcksi.<br \/>\n\u00f5rn, valgustp\u00fc\u00fcdev kuma<\/p>\n<ul>\n<li>Spetsiaalselt loodud kunsti ja efektide loomiseks<\/li>\n<li>V\u00e4iksem ja s\u00e4\u00e4stlikum suurus (10 ml \/ 0,33 untsi)<\/li>\n<li>TPO-vaba, HEMA-vaba, 10-vaba, lahustivaba, l\u00f5hnavaba<\/li>\n<li>Veidi paksem konsistents (v\u00f5rreldes Luxio\u00ae v\u00e4rvigeelidega)<\/li>\n<li>EL-i n\u00f5uetele vastav valem<\/li>\n<li>\u00c4\u00e4rmiselt vastupidavad ja kauakestvad tulemused<\/li>\n<li>Ei pragune, ei kooru ega l\u00f5hene<\/li>\n<li>V\u00f5ib maha immutada Akz\u00e9ntz Soak-Off lahusega.<\/li>\n<li>Kanada toode (valmistatud Euroopa ja P\u00f5hja-Ameerika koostisosadest)<\/li>\n<\/ul>","protected":false},"featured_media":10930,"template":"","meta":[],"product_brand":[],"product_cat":[267,274,291],"product_tag":[],"class_list":{"0":"post-10924","1":"product","2":"type-product","3":"status-publish","4":"has-post-thumbnail","6":"product_cat-akzentz","7":"product_cat-gel-play","8":"product_cat-gel-play-bottle","10":"first","11":"instock","12":"taxable","13":"shipping-taxable","14":"purchasable","15":"product-type-simple"},"jetpack_sharing_enabled":true,"_links":{"self":[{"href":"https:\/\/shop.bestudio.ee\/et\/wp-json\/wp\/v2\/product\/10924","targetHints":{"allow":["GET"]}}],"collection":[{"href":"https:\/\/shop.bestudio.ee\/et\/wp-json\/wp\/v2\/product"}],"about":[{"href":"https:\/\/shop.bestudio.ee\/et\/wp-json\/wp\/v2\/types\/product"}],"wp:featuredmedia":[{"embeddable":true,"href":"https:\/\/shop.bestudio.ee\/et\/wp-json\/wp\/v2\/media\/10930"}],"wp:attachment":[{"href":"https:\/\/shop.bestudio.ee\/et\/wp-json\/wp\/v2\/media?parent=10924"}],"wp:term":[{"taxonomy":"product_brand","embeddable":true,"href":"https:\/\/shop.bestudio.ee\/et\/wp-json\/wp\/v2\/product_brand?post=10924"},{"taxonomy":"product_cat","embeddable":true,"href":"https:\/\/shop.bestudio.ee\/et\/wp-json\/wp\/v2\/product_cat?post=10924"},{"taxonomy":"product_tag","embeddable":true,"href":"https:\/\/shop.bestudio.ee\/et\/wp-json\/wp\/v2\/product_tag?post=10924"}],"curies":[{"name":"t\u00f6\u00f6leht","href":"https:\/\/api.w.org\/{rel}","templated":true}]}}