{"id":10931,"date":"2025-10-19T20:04:02","date_gmt":"2025-10-19T17:04:02","guid":{"rendered":"https:\/\/shop.bestudio.ee\/?post_type=product&#038;p=10931"},"modified":"2025-12-01T00:04:55","modified_gmt":"2025-11-30T22:04:55","slug":"luxio-aficionado-15ml-5oz","status":"publish","type":"product","link":"https:\/\/shop.bestudio.ee\/et\/toode\/luxio-aficionado-15ml-5oz\/","title":{"rendered":"LUXIO \u2013 AFICIONADO 15ml\/0,5oz"},"content":{"rendered":"<p><strong>Koostis:<\/strong> Di-HEMA trimet\u00fc\u00fclheks\u00fc\u00fcldikarbamaat, h\u00fcdroks\u00fcprop\u00fc\u00fclmetakr\u00fclaat, HEMA, h\u00fcdroks\u00fcts\u00fckloheks\u00fc\u00fclfen\u00fc\u00fclketoon, trimet\u00fc\u00fclbenso\u00fc\u00fcldifen\u00fc\u00fclfosfiinoksiid; P-h\u00fcdroks\u00fcanisool, r\u00e4nidioksiidsilikaat, [+\/-: C| 15850, C| 17200, C|19140, C|42090, C|45410, C|47005, C|60725, C|73360, C|77007, C|19140, C|42090, C|45410, C|47005, C|47005, C|60725, C|73360, C|77007, C|77266, C|77288, C|77491, C|77492, C|77499, C|77510, C|77742, C|77891]<\/p>\n<p><strong>K\u00f5venemisaeg:<\/strong> 30 sekundit LED-valguses \/ 2 minutit UV-valguses<\/p>","protected":false},"excerpt":{"rendered":"<p>Luxio on 100% puhas geel, mis on l\u00f5hnatu ja lahustivaba. See on loodud naturaalse k\u00fc\u00fcne katmiseks ja kaitsmiseks. Luxio pealekandmine on lihtne ja tagab maksimaalse kontrolli, mist\u00f5ttu on see ideaalne valik kauap\u00fcsiva geelmanik\u00fc\u00fcri v\u00f5i -pedik\u00fc\u00fcri jaoks.<\/p>\n<p>\u2022 L\u00f5hnatu<br \/>\n\u2022 100% geeli koostis<br \/>\n\u2022 Lahustivaba<br \/>\n\u2022 Ainult professionaalidele<br \/>\n\u2022 Ohutu ja lihtne peale kanda<br \/>\n\u2022 Rikkalikud, \u00fclipigmenteerunud v\u00e4rvid<br \/>\n\u2022 Kreemjas konsistents, mis on loodud t\u00e4iusliku kontrolli tagamiseks<br \/>\n\u2022 Valmistatud Kanadas ainult P\u00f5hja-Ameerika ja Euroopa koostisosadest<\/p>","protected":false},"featured_media":10933,"template":"","meta":[],"product_brand":[],"product_cat":[267,268,269],"product_tag":[],"class_list":{"0":"post-10931","1":"product","2":"type-product","3":"status-publish","4":"has-post-thumbnail","6":"product_cat-akzentz","7":"product_cat-luxio","8":"product_cat-luxio-colour","10":"first","11":"instock","12":"taxable","13":"shipping-taxable","14":"purchasable","15":"product-type-simple"},"jetpack_sharing_enabled":true,"_links":{"self":[{"href":"https:\/\/shop.bestudio.ee\/et\/wp-json\/wp\/v2\/product\/10931","targetHints":{"allow":["GET"]}}],"collection":[{"href":"https:\/\/shop.bestudio.ee\/et\/wp-json\/wp\/v2\/product"}],"about":[{"href":"https:\/\/shop.bestudio.ee\/et\/wp-json\/wp\/v2\/types\/product"}],"wp:featuredmedia":[{"embeddable":true,"href":"https:\/\/shop.bestudio.ee\/et\/wp-json\/wp\/v2\/media\/10933"}],"wp:attachment":[{"href":"https:\/\/shop.bestudio.ee\/et\/wp-json\/wp\/v2\/media?parent=10931"}],"wp:term":[{"taxonomy":"product_brand","embeddable":true,"href":"https:\/\/shop.bestudio.ee\/et\/wp-json\/wp\/v2\/product_brand?post=10931"},{"taxonomy":"product_cat","embeddable":true,"href":"https:\/\/shop.bestudio.ee\/et\/wp-json\/wp\/v2\/product_cat?post=10931"},{"taxonomy":"product_tag","embeddable":true,"href":"https:\/\/shop.bestudio.ee\/et\/wp-json\/wp\/v2\/product_tag?post=10931"}],"curies":[{"name":"t\u00f6\u00f6leht","href":"https:\/\/api.w.org\/{rel}","templated":true}]}}