{"id":10958,"date":"2025-10-19T21:03:22","date_gmt":"2025-10-19T18:03:22","guid":{"rendered":"https:\/\/shop.bestudio.ee\/?post_type=product&#038;p=10958"},"modified":"2025-12-18T16:30:41","modified_gmt":"2025-12-18T14:30:41","slug":"luxio-envy-15ml-5oz","status":"publish","type":"product","link":"https:\/\/shop.bestudio.ee\/et\/toode\/luxio-envy-15ml-5oz\/","title":{"rendered":"LUXIO \u2013 ENVY 15ml\/.5oz"},"content":{"rendered":"<div class=\"product-description rte\">\n<p class=\"p1\">Tume luuderohi, nii s\u00fcgav, et piirneb mustaga. Sellel rohelisel toonil on kollane alatoon, mis loob v\u00e4ga rikkaliku eheda rohelise ilma jahedate alatoonideta.<\/p>\n<p class=\"p1\">Envy pealekandmine on sarnane Luxio\u00ae Noiri v\u00f5i Nightfalliga. T\u00e4ieliku kuivamise tagamiseks kandke peale kaks \u00f5hukest kihti.<\/p>\n<p class=\"p1\"><span class=\"s1\"><strong>\u00d6\u00d6TURNI VARJUD TRIIVIVAD VARJU JA IHA VAHEL<\/strong>\u00a0<\/span>Kolm peaaegu musta tooni, mis paljastavad oma s\u00fcgavused \u00f6\u00f6 vaikuses. V\u00f5rgutav, tujukas ja kergelt pahaendeline \u2013 iga v\u00e4rv on iseenda sosistatud saladus: mitte kunagi ilmne, alati tuntav.<\/p>\n<\/div>\n<div class=\"social-sharing is-normal\" data-permalink=\"https:\/\/lapechenailsandacademyau.com\/products\/luxio-envy-available-now-for-pre-order\"><\/div>","protected":false},"excerpt":{"rendered":"<div class=\"woocommerce-product-details__short-description\">\n<p>Luxio on 100% puhas geel, mis on l\u00f5hnatu ja lahustivaba. See on loodud naturaalse k\u00fc\u00fcne katmiseks ja kaitsmiseks. Luxio pealekandmine on lihtne ja tagab maksimaalse kontrolli, mist\u00f5ttu on see ideaalne valik kauap\u00fcsiva geelmanik\u00fc\u00fcri v\u00f5i -pedik\u00fc\u00fcri jaoks.<\/p>\n<p>\u2022 L\u00f5hnatu<br \/>\n\u2022 100% geeli koostis<br \/>\n\u2022 Lahustivaba<br \/>\n\u2022 Ainult professionaalidele<br \/>\n\u2022 Ohutu ja lihtne peale kanda<br \/>\n\u2022 Rikkalikud, \u00fclipigmenteerunud v\u00e4rvid<br \/>\n\u2022 Kreemjas konsistents, mis on loodud t\u00e4iusliku kontrolli tagamiseks<br \/>\n\u2022 Valmistatud Kanadas ainult P\u00f5hja-Ameerika ja Euroopa koostisosadest<\/p>\n<\/div>","protected":false},"featured_media":10970,"template":"","meta":[],"product_brand":[],"product_cat":[267,301,268,269],"product_tag":[],"class_list":{"0":"post-10958","1":"product","2":"type-product","3":"status-publish","4":"has-post-thumbnail","6":"product_cat-akzentz","7":"product_cat-luxio-nocturne-winter-2025","8":"product_cat-luxio","9":"product_cat-luxio-colour","11":"first","12":"instock","13":"taxable","14":"shipping-taxable","15":"purchasable","16":"product-type-simple"},"jetpack_sharing_enabled":true,"_links":{"self":[{"href":"https:\/\/shop.bestudio.ee\/et\/wp-json\/wp\/v2\/product\/10958","targetHints":{"allow":["GET"]}}],"collection":[{"href":"https:\/\/shop.bestudio.ee\/et\/wp-json\/wp\/v2\/product"}],"about":[{"href":"https:\/\/shop.bestudio.ee\/et\/wp-json\/wp\/v2\/types\/product"}],"wp:featuredmedia":[{"embeddable":true,"href":"https:\/\/shop.bestudio.ee\/et\/wp-json\/wp\/v2\/media\/10970"}],"wp:attachment":[{"href":"https:\/\/shop.bestudio.ee\/et\/wp-json\/wp\/v2\/media?parent=10958"}],"wp:term":[{"taxonomy":"product_brand","embeddable":true,"href":"https:\/\/shop.bestudio.ee\/et\/wp-json\/wp\/v2\/product_brand?post=10958"},{"taxonomy":"product_cat","embeddable":true,"href":"https:\/\/shop.bestudio.ee\/et\/wp-json\/wp\/v2\/product_cat?post=10958"},{"taxonomy":"product_tag","embeddable":true,"href":"https:\/\/shop.bestudio.ee\/et\/wp-json\/wp\/v2\/product_tag?post=10958"}],"curies":[{"name":"t\u00f6\u00f6leht","href":"https:\/\/api.w.org\/{rel}","templated":true}]}}