{"id":10968,"date":"2025-10-19T21:00:33","date_gmt":"2025-10-19T18:00:33","guid":{"rendered":"https:\/\/shop.bestudio.ee\/?post_type=product&#038;p=10968"},"modified":"2026-01-16T20:03:13","modified_gmt":"2026-01-16T18:03:13","slug":"luxio-poison-15ml-5oz","status":"publish","type":"product","link":"https:\/\/shop.bestudio.ee\/et\/toode\/luxio-poison-15ml-5oz\/","title":{"rendered":"LUXIO \u2013 M\u00dcRK 15ml\/.5oz"},"content":{"rendered":"<p class=\"p1\">Tume violetne, mis varju vajub, selle intensiivsust r\u00f5hutab jahe alatoon. See lilla toon kannab endas k\u00fcpsete murakate k\u00fcllust, paljastades oma peaaegu musta pinna all \u00f5rna heleduse.<\/p>\n<p class=\"p1\">Poison pealekandmisel sarnaneb Luxio\u00ae Noiri v\u00f5i Nightfalliga. T\u00e4ieliku k\u00f5venemise tagamiseks kandke peale kaks \u00f5hukest kihti.<\/p>\n<p class=\"p1\"><span class=\"s1\"><strong>\u00d6\u00d6TURNI VARJUD TRIIVIVAD VARJU JA IHA VAHEL<\/strong>\u00a0<\/span>Kolm peaaegu musta tooni, mis paljastavad oma s\u00fcgavused \u00f6\u00f6 vaikuses. V\u00f5rgutav, tujukas ja kergelt kurjakuulutav \u2013 iga v\u00e4rv on iseenda sosistatud saladus: mitte kunagi ilmne, alati tunda.<\/p>","protected":false},"excerpt":{"rendered":"<p>Luxio on 100% puhas geel, mis on l\u00f5hnatu ja lahustivaba. See on loodud naturaalse k\u00fc\u00fcne katmiseks ja kaitsmiseks. Luxio pealekandmine on lihtne ja tagab maksimaalse kontrolli, mist\u00f5ttu on see ideaalne valik kauap\u00fcsiva geelmanik\u00fc\u00fcri v\u00f5i -pedik\u00fc\u00fcri jaoks.<\/p>\n<p>\u2022 L\u00f5hnatu<br \/>\n\u2022 100% geeli koostis<br \/>\n\u2022 Lahustivaba<br \/>\n\u2022 Ainult professionaalidele<br \/>\n\u2022 Ohutu ja lihtne peale kanda<br \/>\n\u2022 Rikkalikud, \u00fclipigmenteerunud v\u00e4rvid<br \/>\n\u2022 Kreemjas konsistents, mis on loodud t\u00e4iusliku kontrolli tagamiseks<br \/>\n\u2022 Valmistatud Kanadas ainult P\u00f5hja-Ameerika ja Euroopa koostisosadest<\/p>","protected":false},"featured_media":10969,"template":"","meta":[],"product_brand":[],"product_cat":[267,301,268,269],"product_tag":[],"class_list":{"0":"post-10968","1":"product","2":"type-product","3":"status-publish","4":"has-post-thumbnail","6":"product_cat-akzentz","7":"product_cat-luxio-nocturne-winter-2025","8":"product_cat-luxio","9":"product_cat-luxio-colour","11":"first","12":"instock","13":"taxable","14":"shipping-taxable","15":"purchasable","16":"product-type-simple"},"jetpack_sharing_enabled":true,"_links":{"self":[{"href":"https:\/\/shop.bestudio.ee\/et\/wp-json\/wp\/v2\/product\/10968","targetHints":{"allow":["GET"]}}],"collection":[{"href":"https:\/\/shop.bestudio.ee\/et\/wp-json\/wp\/v2\/product"}],"about":[{"href":"https:\/\/shop.bestudio.ee\/et\/wp-json\/wp\/v2\/types\/product"}],"wp:featuredmedia":[{"embeddable":true,"href":"https:\/\/shop.bestudio.ee\/et\/wp-json\/wp\/v2\/media\/10969"}],"wp:attachment":[{"href":"https:\/\/shop.bestudio.ee\/et\/wp-json\/wp\/v2\/media?parent=10968"}],"wp:term":[{"taxonomy":"product_brand","embeddable":true,"href":"https:\/\/shop.bestudio.ee\/et\/wp-json\/wp\/v2\/product_brand?post=10968"},{"taxonomy":"product_cat","embeddable":true,"href":"https:\/\/shop.bestudio.ee\/et\/wp-json\/wp\/v2\/product_cat?post=10968"},{"taxonomy":"product_tag","embeddable":true,"href":"https:\/\/shop.bestudio.ee\/et\/wp-json\/wp\/v2\/product_tag?post=10968"}],"curies":[{"name":"t\u00f6\u00f6leht","href":"https:\/\/api.w.org\/{rel}","templated":true}]}}