{"id":11005,"date":"2025-10-19T21:50:33","date_gmt":"2025-10-19T18:50:33","guid":{"rendered":"https:\/\/shop.bestudio.ee\/?post_type=product&#038;p=11005"},"modified":"2026-01-16T20:08:09","modified_gmt":"2026-01-16T18:08:09","slug":"luxio-gel-base-15ml-5oz","status":"publish","type":"product","link":"https:\/\/shop.bestudio.ee\/et\/toode\/luxio-gel-base-15ml-5oz\/","title":{"rendered":"LUXIO GEEL \u2013 ALUS 15ml\/.5oz"},"content":{"rendered":"<p><strong>Koostis:<\/strong> BIS-H\u00dcDROKS\u00dcET\u00dc\u00dcLAKR\u00dcLAAT POL\u00dc(NEOPENT\u00dc\u00dcLGL\u00dcKOOLADIPAAT)\/IPDI KOPOL\u00dcMEER, H\u00dcDROKS\u00dcPROP\u00dc\u00dcLMETAKR\u00dcLAAT, H\u00dcDROKS\u00dcTS\u00dcKLOHEKS\u00dc\u00dcLFEN\u00dc\u00dcLKETOON, ET\u00dc\u00dcLTRIMET\u00dc\u00dcLBENSOO\u00dcLFEN\u00dc\u00dcLFOSFINAAT, BIS(GL\u00dcTSER\u00dc\u00dcLDIMETAKR\u00dcLAAT)P\u00dcROMELLITAAT, P-H\u00dcDROKS\u00dcANISOOL [+\/-: C|60725]<\/p>\n<h3><strong>SOOVITATAV KASUTUS:<\/strong><\/h3>\n<ol>\n<li>P\u00e4rast k\u00fc\u00fcnte ettevalmistamist kandke naturaalsetele k\u00fc\u00fcntele \u00f5huke kontrollitud kiht. \u00c4rge laske Luxio\u00ae baasil puutuda k\u00fc\u00fcnenahkade ega \u00fcmbritseva nahaga ning toode ei tohi kerkida, mis v\u00f5ib p\u00f5hjustada \u00e4rritust.<\/li>\n<li>K\u00f5vasta 30 sekundit Akz\u00e9ntz LED-lambis. \u00c4ra p\u00fchi.<\/li>\n<li>J\u00e4tka Luxio\u00ae Colour v\u00f5i Luxio\u00ae Build v\u00e4rvidega v\u00f5i kata Luxio\u00ae Glossiga.<\/li>\n<\/ol>\n<p><strong>Ideaalne<br \/>\n<\/strong>Tavalised, painduvad v\u00f5i kahjustatud looduslikud k\u00fc\u00fcned.<\/p>\n<p><strong>Ainult professionaalseks kasutamiseks. <\/strong><\/p>\n<p><strong>15 ml \/ 0,5 untsi<\/strong><\/p>","protected":false},"excerpt":{"rendered":"<p><strong>IMMUTAMISEKS HAKKAV ALUSKARP<\/strong><\/p>\n<p>Luxio Base on soovitatav sidusgeel Luxio\u00ae toodete, n\u00e4iteks Luxio Colour ja Luxio Build, kasutamisel. Luxio Base tagab suurep\u00e4rase p\u00fcsivuse ja j\u00e4\u00e4b k\u00fc\u00fcntel elastseks.<\/p>\n<p><strong>Toote esilet\u00f5stmised\u00a0<\/strong><\/p>\n<ul>\n<li>100% Pure Gel Ethos<\/li>\n<li>TPO-vaba, HEMA-vaba, 10-vaba, lahustivaba, l\u00f5hnavaba<\/li>\n<li>Isetasanduv valem<\/li>\n<li>T\u00e4iustab k\u00fc\u00fcnepinda sujuvaks v\u00e4rvimiseks v\u00f5i pealekandmiseks<\/li>\n<li>Katab naturaalsed k\u00fc\u00fcned ja ei kahjusta neid<\/li>\n<li>Valmistatud Kanadas (Euroopa ja P\u00f5hja-Ameerika koostisosadest)<\/li>\n<\/ul>","protected":false},"featured_media":11006,"template":"","meta":[],"product_brand":[],"product_cat":[267,268,270],"product_tag":[],"class_list":{"0":"post-11005","1":"product","2":"type-product","3":"status-publish","4":"has-post-thumbnail","6":"product_cat-akzentz","7":"product_cat-luxio","8":"product_cat-luxio-base","10":"first","11":"instock","12":"taxable","13":"shipping-taxable","14":"purchasable","15":"product-type-simple"},"jetpack_sharing_enabled":true,"_links":{"self":[{"href":"https:\/\/shop.bestudio.ee\/et\/wp-json\/wp\/v2\/product\/11005","targetHints":{"allow":["GET"]}}],"collection":[{"href":"https:\/\/shop.bestudio.ee\/et\/wp-json\/wp\/v2\/product"}],"about":[{"href":"https:\/\/shop.bestudio.ee\/et\/wp-json\/wp\/v2\/types\/product"}],"wp:featuredmedia":[{"embeddable":true,"href":"https:\/\/shop.bestudio.ee\/et\/wp-json\/wp\/v2\/media\/11006"}],"wp:attachment":[{"href":"https:\/\/shop.bestudio.ee\/et\/wp-json\/wp\/v2\/media?parent=11005"}],"wp:term":[{"taxonomy":"product_brand","embeddable":true,"href":"https:\/\/shop.bestudio.ee\/et\/wp-json\/wp\/v2\/product_brand?post=11005"},{"taxonomy":"product_cat","embeddable":true,"href":"https:\/\/shop.bestudio.ee\/et\/wp-json\/wp\/v2\/product_cat?post=11005"},{"taxonomy":"product_tag","embeddable":true,"href":"https:\/\/shop.bestudio.ee\/et\/wp-json\/wp\/v2\/product_tag?post=11005"}],"curies":[{"name":"t\u00f6\u00f6leht","href":"https:\/\/api.w.org\/{rel}","templated":true}]}}