{"id":11007,"date":"2025-10-19T22:08:13","date_gmt":"2025-10-19T19:08:13","guid":{"rendered":"https:\/\/shop.bestudio.ee\/?post_type=product&#038;p=11007"},"modified":"2026-01-16T20:09:07","modified_gmt":"2026-01-16T18:09:07","slug":"matte-on-15ml-5oz","status":"publish","type":"product","link":"https:\/\/shop.bestudio.ee\/et\/toode\/matte-on-15ml-5oz\/","title":{"rendered":"MATTE-ON 15ml\/.5oz"},"content":{"rendered":"<p><strong>KOOSTISOSAD:<\/strong> BIS-HEMA POL\u00dcNEOPENT\u00dc\u00dcLGL\u00dcKOOLADIPAAT\/IPDI KOPOL\u00dcMEER, BIS-HEMA POL\u00dc(1,4-BUTAANDIOOL)-22\/IPDI KOPOL\u00dcMEER, PPG-3 GL\u00dcTSER\u00dc\u00dcLEETERDIAKR\u00dcLAAT\/ADIPAAT, NAILON-12, PPG-3 GL\u00dcTSER\u00dc\u00dcLEETERTRIAKR\u00dcLAAT, H\u00dcDRATEERITUD R\u00c4NIDIOKSIID, ET\u00dc\u00dcLTRIMET\u00dc\u00dcLBENSOO\u00dcLFEN\u00dc\u00dcLFOSFINAAT, H\u00dcDROKS\u00dcTS\u00dcKLOHEKS\u00dc\u00dcLFEN\u00dc\u00dcLKETOON, R\u00c4NIDIOKSIID, TSINKSTEARAAT<\/p>\n<h3><strong>T\u00c4HTIS M\u00c4RKUS!<\/strong><\/h3>\n<p>Enne kasutamist segada.<\/p>\n<p><strong>Ainult professionaalseks kasutamiseks.<br \/>\n15 ml \/ 0,5 untsi<\/strong><\/p>","protected":false},"excerpt":{"rendered":"<p><strong>AKZENTZ MATTE-ON UV\/LED<\/strong><\/p>\n<p>Pealislakkgeel, mida saab kanda mis tahes k\u00f5venenud geeli peale, et anda sametine matt v\u00e4limus ja tunne.<\/p>\n<div class=\"wpb_text_column wpb_content_element\">\n<div class=\"wpb_wrapper\">\n<div class=\"wpb_text_column wpb_content_element\">\n<div class=\"wpb_wrapper\">\n<p>Nagu k\u00f5ik meie geelid, on ka Matte-On 100% puhas geel, TPO-vaba, lahustivaba ning valmistatud tippkvaliteediga Euroopa ja P\u00f5hja-Ameerika koostisosadest.<\/p>\n<\/div>\n<\/div>\n<div class=\"vc_row wpb_row vc_inner vc_row-fluid vc_custom_1470351428937\">\n<div class=\"wpb_column vc_column_container vc_col-sm-6\">\n<div class=\"vc_column-inner\">\n<div class=\"wpb_wrapper\">\n<div class=\"wpb_text_column wpb_content_element\">\n<div class=\"wpb_wrapper\">\n<p>\u2022 V\u00f5ib kanda viimase pealiskihina igale k\u00f5venenud geelile<\/p>\n<p>\u2022 Lisab sametise mati v\u00e4limuse ja tunde<\/p>\n<p>\u2022 Olemasoleva geelikollektsiooni kohene kaasajastamine<\/p>\n<p>\u2022 LED-k\u00f5venemine 30 sekundit \/ UV-k\u00f5venemine 2 minutit<\/p>\n<\/div>\n<\/div>\n<\/div>\n<\/div>\n<\/div>\n<div class=\"wpb_column vc_column_container vc_col-sm-6\">\n<div class=\"vc_column-inner\">\n<div class=\"wpb_wrapper\">\n<div class=\"wpb_text_column wpb_content_element\">\n<div class=\"wpb_wrapper\">\n<p>\u2022 100% puhas geel<\/p>\n<p>\u2022 Usaldusv\u00e4\u00e4rne Akzentzi kvaliteet<\/p>\n<p>\u2022 Professionaalne toode \u2013 mitte jaem\u00fc\u00fcgitoode<\/p>\n<p>\u2022 Valmistatud Kanadas \u00fcle 20 aasta kogemusega<\/p>\n<\/div>\n<\/div>\n<\/div>\n<\/div>\n<\/div>\n<\/div>\n<\/div>\n<\/div>","protected":false},"featured_media":11008,"template":"","meta":[],"product_brand":[],"product_cat":[267,273,287],"product_tag":[],"class_list":{"0":"post-11007","1":"product","2":"type-product","3":"status-publish","4":"has-post-thumbnail","6":"product_cat-akzentz","7":"product_cat-specialty-gels","8":"product_cat-matte-on","10":"first","11":"instock","12":"taxable","13":"shipping-taxable","14":"purchasable","15":"product-type-simple"},"jetpack_sharing_enabled":true,"_links":{"self":[{"href":"https:\/\/shop.bestudio.ee\/et\/wp-json\/wp\/v2\/product\/11007","targetHints":{"allow":["GET"]}}],"collection":[{"href":"https:\/\/shop.bestudio.ee\/et\/wp-json\/wp\/v2\/product"}],"about":[{"href":"https:\/\/shop.bestudio.ee\/et\/wp-json\/wp\/v2\/types\/product"}],"wp:featuredmedia":[{"embeddable":true,"href":"https:\/\/shop.bestudio.ee\/et\/wp-json\/wp\/v2\/media\/11008"}],"wp:attachment":[{"href":"https:\/\/shop.bestudio.ee\/et\/wp-json\/wp\/v2\/media?parent=11007"}],"wp:term":[{"taxonomy":"product_brand","embeddable":true,"href":"https:\/\/shop.bestudio.ee\/et\/wp-json\/wp\/v2\/product_brand?post=11007"},{"taxonomy":"product_cat","embeddable":true,"href":"https:\/\/shop.bestudio.ee\/et\/wp-json\/wp\/v2\/product_cat?post=11007"},{"taxonomy":"product_tag","embeddable":true,"href":"https:\/\/shop.bestudio.ee\/et\/wp-json\/wp\/v2\/product_tag?post=11007"}],"curies":[{"name":"t\u00f6\u00f6leht","href":"https:\/\/api.w.org\/{rel}","templated":true}]}}