{"id":11009,"date":"2025-10-19T22:11:33","date_gmt":"2025-10-19T19:11:33","guid":{"rendered":"https:\/\/shop.bestudio.ee\/?post_type=product&#038;p=11009"},"modified":"2025-12-01T00:00:39","modified_gmt":"2025-11-30T22:00:39","slug":"luxio-gel-gloss-15ml-5oz","status":"publish","type":"product","link":"https:\/\/shop.bestudio.ee\/et\/toode\/luxio-gel-gloss-15ml-5oz\/","title":{"rendered":"LUXIO GEEL \u2013 L\u00c4IKIV 15ml\/.5oz"},"content":{"rendered":"<div class=\"woocommerce-tabs wc-tabs-wrapper\">\n<div id=\"tab-description\" class=\"woocommerce-Tabs-panel woocommerce-Tabs-panel--description panel entry-content wc-tab\" role=\"tabpanel\" aria-labelledby=\"tab-title-description\">\n<h3><strong>SOOVITATAV KASUTUS:<\/strong><\/h3>\n<ol>\n<li>P\u00e4rast Luxio\u00ae geeliprotseduuri (v\u00e4rviline, aluslakk v\u00f5i Build) l\u00f5petamist kanna k\u00fc\u00fcne keskele rikkalik kogus l\u00e4iget. L\u00fckka pintsel \u00fcles, et see kataks k\u00fc\u00fcnenaha, kuid ei puudutaks seda. Kanna liigne l\u00e4ige kergelt k\u00fc\u00fcne pinnale, kattes \u00fchtlaselt k\u00f5ik alad.<\/li>\n<li>K\u00f5vasta 30 sekundit Akz\u00e9ntz LED-lambis.<\/li>\n<li>P\u00fchkige j\u00e4\u00e4gid Akz\u00e9ntz Prep &amp; Wipe&#039;iga \u00e4ra, et paljastada s\u00e4rav ja l\u00e4ikiv pind.<\/li>\n<\/ol>\n<p><strong>Ainult professionaalseks kasutamiseks.<br \/>\n15 ml \/ 0,5 untsi<\/strong><\/p>\n<\/div>\n<\/div>","protected":false},"excerpt":{"rendered":"<p><strong>IMUTATAV PEALMINE L\u00c4IK<\/strong><\/p>\n<p>Luxio Gloss on klassikaline pealislaki valik Luxio\u00ae toodete, n\u00e4iteks Luxio Colour ja Luxio Build kasutamisel. Luxio Gloss tagab suurep\u00e4rase p\u00fcsivuse ja j\u00e4\u00e4b k\u00fc\u00fcntel elastseks. Luxio Gloss k\u00f5veneb p\u00e4rssiva kihiga, mille saab eemaldada Prep &amp; Wipe&#039;iga, et paljastada k\u00f5rgl\u00e4ikeline l\u00e4ige.<\/p>\n<h3><strong>TOOTE T\u00c4HELEPANU:<\/strong><\/h3>\n<ul>\n<li>100% puhas geel<\/li>\n<li>TPO-vaba, 10-vaba, lahustivaba, l\u00f5hnavaba<\/li>\n<li>Keskmise viskoossusega, isetasanduv valem<\/li>\n<li>Katab k\u00fc\u00fcned ideaalselt l\u00e4ikiva ja p\u00fcsiva l\u00e4ikega.<\/li>\n<li>Saab Akz\u00e9ntz Soak-Off Solutioniga kergesti maha immutada.<\/li>\n<li>Valmistatud Kanadas (Euroopa ja P\u00f5hja-Ameerika koostisosadest)<\/li>\n<\/ul>","protected":false},"featured_media":11010,"template":"","meta":[],"product_brand":[],"product_cat":[267,268,279],"product_tag":[],"class_list":{"0":"post-11009","1":"product","2":"type-product","3":"status-publish","4":"has-post-thumbnail","6":"product_cat-akzentz","7":"product_cat-luxio","8":"product_cat-luxio-gloss","10":"first","11":"instock","12":"taxable","13":"shipping-taxable","14":"purchasable","15":"product-type-simple"},"jetpack_sharing_enabled":true,"_links":{"self":[{"href":"https:\/\/shop.bestudio.ee\/et\/wp-json\/wp\/v2\/product\/11009","targetHints":{"allow":["GET"]}}],"collection":[{"href":"https:\/\/shop.bestudio.ee\/et\/wp-json\/wp\/v2\/product"}],"about":[{"href":"https:\/\/shop.bestudio.ee\/et\/wp-json\/wp\/v2\/types\/product"}],"wp:featuredmedia":[{"embeddable":true,"href":"https:\/\/shop.bestudio.ee\/et\/wp-json\/wp\/v2\/media\/11010"}],"wp:attachment":[{"href":"https:\/\/shop.bestudio.ee\/et\/wp-json\/wp\/v2\/media?parent=11009"}],"wp:term":[{"taxonomy":"product_brand","embeddable":true,"href":"https:\/\/shop.bestudio.ee\/et\/wp-json\/wp\/v2\/product_brand?post=11009"},{"taxonomy":"product_cat","embeddable":true,"href":"https:\/\/shop.bestudio.ee\/et\/wp-json\/wp\/v2\/product_cat?post=11009"},{"taxonomy":"product_tag","embeddable":true,"href":"https:\/\/shop.bestudio.ee\/et\/wp-json\/wp\/v2\/product_tag?post=11009"}],"curies":[{"name":"t\u00f6\u00f6leht","href":"https:\/\/api.w.org\/{rel}","templated":true}]}}