{"id":11011,"date":"2025-10-19T22:27:45","date_gmt":"2025-10-19T19:27:45","guid":{"rendered":"https:\/\/shop.bestudio.ee\/?post_type=product&#038;p=11011"},"modified":"2026-03-01T11:41:09","modified_gmt":"2026-03-01T09:41:09","slug":"uv-led-pro-formance-trinity-45g-1-6oz","status":"publish","type":"product","link":"https:\/\/shop.bestudio.ee\/et\/toode\/uv-led-pro-formance-trinity-45g-1-6oz\/","title":{"rendered":"UV\/LED PRO-FORMANCE TRINITY 45g\/1.6oz"},"content":{"rendered":"<p><strong>KOOSTISOSAD:<\/strong> BIS-HEMA PPG-7\/SMDI KOPOL\u00dcMEER, HEMA, BIS-HEMA POL\u00dc(1,4-BUTAANDIOOL)-22\/IPDI KOPOL\u00dcMEER, PPG-3 GL\u00dcTSER\u00dc\u00dcLEETERTRIAKR\u00dcLAAT, ET\u00dc\u00dcLTRIMET\u00dc\u00dcLBENSOO\u00dcLFEN\u00dc\u00dcLFOSFINAAT, HEMA MALEAAT, MALEIINHAPPE, P-H\u00dcDROKS\u00dcANISOOL, PENTAER\u00dcTRIT\u00dc\u00dcLTETRAMERKAPTOPROPIONAAT, R\u00c4NIDIOKSIID, [+\/-: C|60725]<\/p>\n<h3><strong>T\u00c4HTIS M\u00c4RKUS!<\/strong><\/h3>\n<p>Enne kasutamist segada.<\/p>\n<h3><strong>SOOVITATAV KASUTUS:<\/strong><\/h3>\n<ol>\n<li>P\u00e4rast k\u00fc\u00fcnte ettevalmistamist kandke peale vormid (vajadusel) ja valitud alusgeel (enamiku klientide puhul on soovitatav kasutada Adhere&#039;i). Laske 30 sekundit kuivada.<\/li>\n<li>Lihtsama pealekandmise jaoks kanna peale libisev kiht ja seej\u00e4rel lisa pikenduse v\u00f5i pealiskihi moodustamiseks suurem kogus geeli. Lase geelil iseeneslikult tasanduda ja k\u00f5veneda.<\/li>\n<li>Vormi ja viili k\u00fc\u00fcned vastavalt soovile ning viimistle seej\u00e4rel Ultra Glossi v\u00f5i Shine-Oniga veatu tulemuse saavutamiseks.<\/li>\n<\/ol>\n<p><strong>Ainult professionaalseks kasutamiseks.<\/strong><\/p>","protected":false},"excerpt":{"rendered":"<p data-start=\"80\" data-end=\"379\"><strong>PRO-FORMANCE TRINITY 3-IN-1 GEEL<\/strong><\/p>\n<p data-start=\"80\" data-end=\"379\">Meie populaarseim ehitusgeel Trinity\u2122 teeb oma nimele au oma ainulaadse koostise poolest. <em>kolm<\/em>-komponendiline valem, mis \u00fchendab endas kolme geeli v\u00f5imsuse. Toimib kui\u00a0<strong data-start=\"267\" data-end=\"295\">Alus, ehitaja ja l\u00e4ige<\/strong>Trinity lihtsustab teie rakendust, tegemata j\u00e4releandmisi tugevuse v\u00f5i ilu osas.<\/p>\n<p data-start=\"80\" data-end=\"379\">Oma \u00f5hukese viskoossusega pakub Trinity vaevata isetasandumist ja kontrolli, mist\u00f5ttu sobib see ideaalselt l\u00fchikeste skulptuuride tegemiseks, tugevdavate kihtide v\u00f5i h\u00f5lpsate t\u00e4itematerjalide jaoks. Trinity on loodud professionaalidele, kes hindavad efektiivsust ja t\u00e4iuslikkust, pakkudes pikaajalist vastupidavust veatu ja l\u00e4ikiva viimistlusega \u2013 k\u00f5ik \u00fches purgis.<\/p>\n<p><strong>\u00d5huke viskoossuse suurendaja<br \/>\n<b>Tugevus:\u00a0<\/b><\/strong>5\/5<strong><b><br \/>\nKatvus:\u00a0<\/b><\/strong>0\/5<strong><br \/>\n<b>Viskoossus:\u00a0<\/b><\/strong>1\/5<\/p>\n<h3><strong>TOOTE T\u00c4HELEPANU<\/strong><\/h3>\n<ul>\n<li data-end=\"765\" data-start=\"720\">\n<p data-end=\"765\" data-start=\"722\">3-\u00fches j\u00f5udlus: alus, ehitus ja l\u00e4ige<\/p>\n<\/li>\n<li data-end=\"765\" data-start=\"720\">\n<p data-end=\"765\" data-start=\"722\">T\u00e4pseks pealekandmiseks \u00f5huke viskoossus<\/p>\n<\/li>\n<li data-end=\"841\" data-start=\"809\">\n<p data-end=\"841\" data-start=\"811\">Suur tugevus ja vastupidavus<\/p>\n<\/li>\n<li data-end=\"870\" data-start=\"842\">\n<p data-end=\"870\" data-start=\"844\">S\u00e4rav ja p\u00fcsiv l\u00e4ige<\/p>\n<\/li>\n<li data-end=\"870\" data-start=\"842\">Kaunis katvustoon<\/li>\n<\/ul>\n<h3><strong>VALEMITEAVE<\/strong><\/h3>\n<ul>\n<li>100% puhas geel<\/li>\n<li>TPO-vaba \/ 10-vaba \/ Loomakatseteta \/ Vegan<\/li>\n<li>K\u00f5va geel (ei imendu maha)<\/li>\n<li>Ei kahjusta ega kuivata kliendi k\u00fc\u00fcsi<\/li>\n<li>Loomakatseteta ja vegan<\/li>\n<li>Valmistatud ja toodetud Kanadas 100%<\/li>\n<li>Valmistatud parimatest koostisosadest, mis p\u00e4rinevad ainult Euroopast ja P\u00f5hja-Ameerikast<\/li>\n<li>Ainult professionaalidele<\/li>\n<\/ul>\n<h3><strong>TEEMANTTUGEVUSE TEHNOLOOGIA\u2122\u00a0 <\/strong><\/h3>\n<p>Akz\u00e9ntzi eksklusiivne teemanttugevustehnoloogia (DST) sisaldab t\u00f6\u00f6stusharu juhtivat molekulaarset ristseotust, mis moodustab tugevaimad ja vastupidavaimad sidemed \u2013 tulemuseks teemantjas j\u00e4ikus, mis \u00fcletab teisi ehitusgeele.<\/p>","protected":false},"featured_media":11016,"template":"","meta":[],"product_brand":[],"product_cat":[267,272,284],"product_tag":[],"class_list":{"0":"post-11011","1":"product","2":"type-product","3":"status-publish","4":"has-post-thumbnail","6":"product_cat-akzentz","7":"product_cat-pro-formance","8":"product_cat-trinity-3-in-1","10":"first","11":"outofstock","12":"sale","13":"taxable","14":"shipping-taxable","15":"purchasable","16":"product-type-simple"},"jetpack_sharing_enabled":true,"_links":{"self":[{"href":"https:\/\/shop.bestudio.ee\/et\/wp-json\/wp\/v2\/product\/11011","targetHints":{"allow":["GET"]}}],"collection":[{"href":"https:\/\/shop.bestudio.ee\/et\/wp-json\/wp\/v2\/product"}],"about":[{"href":"https:\/\/shop.bestudio.ee\/et\/wp-json\/wp\/v2\/types\/product"}],"wp:featuredmedia":[{"embeddable":true,"href":"https:\/\/shop.bestudio.ee\/et\/wp-json\/wp\/v2\/media\/11016"}],"wp:attachment":[{"href":"https:\/\/shop.bestudio.ee\/et\/wp-json\/wp\/v2\/media?parent=11011"}],"wp:term":[{"taxonomy":"product_brand","embeddable":true,"href":"https:\/\/shop.bestudio.ee\/et\/wp-json\/wp\/v2\/product_brand?post=11011"},{"taxonomy":"product_cat","embeddable":true,"href":"https:\/\/shop.bestudio.ee\/et\/wp-json\/wp\/v2\/product_cat?post=11011"},{"taxonomy":"product_tag","embeddable":true,"href":"https:\/\/shop.bestudio.ee\/et\/wp-json\/wp\/v2\/product_tag?post=11011"}],"curies":[{"name":"t\u00f6\u00f6leht","href":"https:\/\/api.w.org\/{rel}","templated":true}]}}