{"id":11017,"date":"2025-10-19T22:32:41","date_gmt":"2025-10-19T19:32:41","guid":{"rendered":"https:\/\/shop.bestudio.ee\/?post_type=product&#038;p=11017"},"modified":"2025-12-18T16:16:57","modified_gmt":"2025-12-18T14:16:57","slug":"affixit-15ml-5oz","status":"publish","type":"product","link":"https:\/\/shop.bestudio.ee\/et\/toode\/affixit-15ml-5oz\/","title":{"rendered":"AFFIXIT 15ml\/.5oz"},"content":{"rendered":"<p><strong>Koostis:<\/strong> Et\u00fc\u00fclatsetaat, isoprop\u00fclideendifen\u00fc\u00fclbisoks\u00fch\u00fcdroks\u00fcprop\u00fc\u00fclmetakr\u00fclaat, HEMA, P-h\u00fcdroks\u00fcanisool<\/p>","protected":false},"excerpt":{"rendered":"<p>Happevaba, \u00f5rn, kuid erakordselt t\u00f5hus toode naturaalsete k\u00fc\u00fcnte kruntimiseks, et tagada toote maksimaalne nakkuvus.<\/p>\n<ul>\n<li>Happevaba kruntv\u00e4rv<\/li>\n<li>J\u00e4tab k\u00fc\u00fcneplaadile kleepuva pinna<\/li>\n<li>\u00d5hk kuivab kiiresti<\/li>\n<li>Ainult professionaalseks kasutamiseks<\/li>\n<li>Valmistatud Kanadas<\/li>\n<\/ul>\n<p><strong>KASUTAMINE:<\/strong><br \/>\nP\u00e4rast k\u00fc\u00fcnte puhastamist Prep &amp; Wipe&#039;iga kanna naturaalsetele k\u00fc\u00fcntele \u00f5huke, kontrollitud kiht. \u00c4ra lase praimeril koguneda ega \u00fcmbritsevale nahale ega k\u00fc\u00fcnenahkadele imbuda. \u00c4ra kanna praimerit rohkem kui \u00fcks kord ja kasuta korraga ainult \u00fchte t\u00fc\u00fcpi praimerit.<\/p>","protected":false},"featured_media":11018,"template":"","meta":[],"product_brand":[],"product_cat":[267,275,294],"product_tag":[],"class_list":{"0":"post-11017","1":"product","2":"type-product","3":"status-publish","4":"has-post-thumbnail","6":"product_cat-akzentz","7":"product_cat-basics","8":"product_cat-liquids","10":"first","11":"instock","12":"taxable","13":"shipping-taxable","14":"purchasable","15":"product-type-simple"},"jetpack_sharing_enabled":true,"_links":{"self":[{"href":"https:\/\/shop.bestudio.ee\/et\/wp-json\/wp\/v2\/product\/11017","targetHints":{"allow":["GET"]}}],"collection":[{"href":"https:\/\/shop.bestudio.ee\/et\/wp-json\/wp\/v2\/product"}],"about":[{"href":"https:\/\/shop.bestudio.ee\/et\/wp-json\/wp\/v2\/types\/product"}],"wp:featuredmedia":[{"embeddable":true,"href":"https:\/\/shop.bestudio.ee\/et\/wp-json\/wp\/v2\/media\/11018"}],"wp:attachment":[{"href":"https:\/\/shop.bestudio.ee\/et\/wp-json\/wp\/v2\/media?parent=11017"}],"wp:term":[{"taxonomy":"product_brand","embeddable":true,"href":"https:\/\/shop.bestudio.ee\/et\/wp-json\/wp\/v2\/product_brand?post=11017"},{"taxonomy":"product_cat","embeddable":true,"href":"https:\/\/shop.bestudio.ee\/et\/wp-json\/wp\/v2\/product_cat?post=11017"},{"taxonomy":"product_tag","embeddable":true,"href":"https:\/\/shop.bestudio.ee\/et\/wp-json\/wp\/v2\/product_tag?post=11017"}],"curies":[{"name":"t\u00f6\u00f6leht","href":"https:\/\/api.w.org\/{rel}","templated":true}]}}