{"id":11019,"date":"2025-10-19T22:42:49","date_gmt":"2025-10-19T19:42:49","guid":{"rendered":"https:\/\/shop.bestudio.ee\/?post_type=product&#038;p=11019"},"modified":"2026-02-12T22:30:46","modified_gmt":"2026-02-12T20:30:46","slug":"sure-bond-bonding-agent-15ml-5oz","status":"publish","type":"product","link":"https:\/\/shop.bestudio.ee\/et\/toode\/sure-bond-bonding-agent-15ml-5oz\/","title":{"rendered":"SURE BOND sideaine 15ml\/.5oz"},"content":{"rendered":"<p><strong>Koostis:<\/strong> Isoprop\u00fc\u00fclalkohol, but\u00fc\u00fclmetakr\u00fclaat, et\u00fc\u00fclmetakr\u00fclaat<\/p>","protected":false},"excerpt":{"rendered":"<p>SURE BOND puhastab, desinfitseerib ja kuivatab naturaalseid k\u00fc\u00fcsi. Sobib nii m\u00e4rgadele kui ka rasusele k\u00fc\u00fcntele, annab t\u00e4iendava rasvaeemalduse.<\/p>\n<ul>\n<li>\u00d5hk kuivab kiiresti<\/li>\n<li>V\u00e4ga \u00f5rn naturaalse k\u00fc\u00fcne vastu<\/li>\n<li>Mittetoksiline<\/li>\n<li>Ainult professionaalseks kasutamiseks<\/li>\n<li>Valmistatud Kanadas<\/li>\n<\/ul>\n<p><strong>KASUTAMINE:<\/strong><br \/>\nP\u00e4rast k\u00fc\u00fcnte rasva\u00e4rastust ja enne kruntv\u00e4rvi pealekandmist kandke naturaalsetele k\u00fc\u00fcntele \u00f5huke kiht.<\/p>","protected":false},"featured_media":11020,"template":"","meta":[],"product_brand":[],"product_cat":[267,275,294],"product_tag":[],"class_list":{"0":"post-11019","1":"product","2":"type-product","3":"status-publish","4":"has-post-thumbnail","6":"product_cat-akzentz","7":"product_cat-basics","8":"product_cat-liquids","10":"first","11":"instock","12":"taxable","13":"shipping-taxable","14":"purchasable","15":"product-type-simple"},"jetpack_sharing_enabled":true,"_links":{"self":[{"href":"https:\/\/shop.bestudio.ee\/et\/wp-json\/wp\/v2\/product\/11019","targetHints":{"allow":["GET"]}}],"collection":[{"href":"https:\/\/shop.bestudio.ee\/et\/wp-json\/wp\/v2\/product"}],"about":[{"href":"https:\/\/shop.bestudio.ee\/et\/wp-json\/wp\/v2\/types\/product"}],"wp:featuredmedia":[{"embeddable":true,"href":"https:\/\/shop.bestudio.ee\/et\/wp-json\/wp\/v2\/media\/11020"}],"wp:attachment":[{"href":"https:\/\/shop.bestudio.ee\/et\/wp-json\/wp\/v2\/media?parent=11019"}],"wp:term":[{"taxonomy":"product_brand","embeddable":true,"href":"https:\/\/shop.bestudio.ee\/et\/wp-json\/wp\/v2\/product_brand?post=11019"},{"taxonomy":"product_cat","embeddable":true,"href":"https:\/\/shop.bestudio.ee\/et\/wp-json\/wp\/v2\/product_cat?post=11019"},{"taxonomy":"product_tag","embeddable":true,"href":"https:\/\/shop.bestudio.ee\/et\/wp-json\/wp\/v2\/product_tag?post=11019"}],"curies":[{"name":"t\u00f6\u00f6leht","href":"https:\/\/api.w.org\/{rel}","templated":true}]}}