{"id":11052,"date":"2025-12-11T23:47:14","date_gmt":"2025-12-11T21:47:14","guid":{"rendered":"https:\/\/shop.bestudio.ee\/?post_type=product&#038;p=11052"},"modified":"2026-02-12T22:27:35","modified_gmt":"2026-02-12T20:27:35","slug":"uv-led-pro-formance-trinity-shades-sc1-45g-1-6oz","status":"publish","type":"product","link":"https:\/\/shop.bestudio.ee\/et\/toode\/uv-led-pro-formance-trinity-shades-sc1-45g-1-6oz\/","title":{"rendered":"UV\/LED PRO-FORMANCE TRINITY SHADES SC1 45g\/1.6oz"},"content":{"rendered":"<ul>\n<li>100% puhas geel<\/li>\n<li>TPO-vaba \/ HEMA-vaba \/ 10-vaba \/ Loomakatseteta \/ Vegan<\/li>\n<li>K\u00f5va geel (ei imendu maha)<\/li>\n<li>Ei kahjusta ega kuivata kliendi k\u00fc\u00fcsi<\/li>\n<li>Loomakatseteta ja vegan<\/li>\n<li>Valmistatud ja toodetud Kanadas 100%<\/li>\n<li>Valmistatud parimatest koostisosadest, mis p\u00e4rinevad ainult Euroopast ja P\u00f5hja-Ameerikast<\/li>\n<li>Ainult professionaalidele<\/li>\n<\/ul>\n<p>Akz\u00e9ntzi eksklusiivne teemanttugevustehnoloogia (DST) sisaldab t\u00f6\u00f6stusharu juhtivat molekulaarset ristseotust, mis moodustab tugevaimad ja vastupidavaimad sidemed \u2013 tulemuseks teemantjas j\u00e4ikus, mis \u00fcletab teisi ehitusgeele.<\/p>\n<ol>\n<li>P\u00e4rast k\u00fc\u00fcnte ettevalmistamist kandke peale vormid (vajadusel) ja valitud alusgeel (enamiku klientide puhul on soovitatav kasutada Adhere&#039;i). Laske 30 sekundit kuivada.<\/li>\n<li>Lihtsama pealekandmise jaoks kanna peale libisev kiht ja seej\u00e4rel lisa pikenduse v\u00f5i pealiskihi moodustamiseks suurem kogus geeli. Lase geelil iseeneslikult tasanduda ja k\u00f5veneda.<\/li>\n<li>Vormi ja viili k\u00fc\u00fcned vastavalt soovile ning viimistle seej\u00e4rel Ultra Glossi v\u00f5i Shine-Oniga veatu tulemuse saavutamiseks.<\/li>\n<\/ol>\n<p><strong>Ainult professionaalseks kasutamiseks.<\/strong><\/p>","protected":false},"excerpt":{"rendered":"<p data-end=\"379\" data-start=\"80\">Sama koostisega nagu meie populaarseim ehitusgeel Trinity\u2122, aga saadaval erinevates loomuliku katvusega toonides. Trinity teeb oma nimele au oma ainulaadse koostisega.\u00a0<em>kolm<\/em>-komponendiline valem, mis \u00fchendab endas kolme geeli v\u00f5imsuse. Toimib kui <strong data-end=\"295\" data-start=\"267\">Alus, ehitaja ja l\u00e4ige<\/strong>Trinity lihtsustab teie rakendust, tegemata j\u00e4releandmisi tugevuse v\u00f5i ilu osas.<\/p>\n<p data-end=\"692\" data-start=\"381\">SC1 (Shades Cool N\u00ba1) on v\u00e4ga hele, peaaegu valge-roosa katvusgeel jaheda alatooniga.<\/p>\n<p><strong>\u00d5huke viskoossuse suurendaja<br \/>\n<b>Tugevus: <\/b><\/strong>5\/5<strong><b><br \/>\nKatvus:\u00a0<\/b><\/strong>4\/5<strong><br \/>\n<b>Viskoossus:\u00a0<\/b><\/strong>1\/\/5<\/p>\n<p>&nbsp;<\/p>\n<ul>\n<li data-start=\"720\" data-end=\"765\">\n<p data-start=\"722\" data-end=\"765\">3-\u00fches j\u00f5udlus: alus, ehitus ja l\u00e4ige<\/p>\n<\/li>\n<li data-start=\"720\" data-end=\"765\">\n<p data-start=\"722\" data-end=\"765\">T\u00e4pseks pealekandmiseks \u00f5huke viskoossus<\/p>\n<\/li>\n<li data-start=\"809\" data-end=\"841\">\n<p data-start=\"811\" data-end=\"841\">Suur tugevus ja vastupidavus<\/p>\n<\/li>\n<li data-start=\"842\" data-end=\"870\">\n<p data-start=\"844\" data-end=\"870\">S\u00e4rav ja p\u00fcsiv l\u00e4ige<\/p>\n<\/li>\n<li data-start=\"842\" data-end=\"870\">Kaunis katvustoon<\/li>\n<\/ul>","protected":false},"featured_media":11054,"template":"","meta":[],"product_brand":[],"product_cat":[267,272,284],"product_tag":[],"class_list":{"0":"post-11052","1":"product","2":"type-product","3":"status-publish","4":"has-post-thumbnail","6":"product_cat-akzentz","7":"product_cat-pro-formance","8":"product_cat-trinity-3-in-1","10":"first","11":"instock","12":"taxable","13":"shipping-taxable","14":"purchasable","15":"product-type-simple"},"jetpack_sharing_enabled":true,"_links":{"self":[{"href":"https:\/\/shop.bestudio.ee\/et\/wp-json\/wp\/v2\/product\/11052","targetHints":{"allow":["GET"]}}],"collection":[{"href":"https:\/\/shop.bestudio.ee\/et\/wp-json\/wp\/v2\/product"}],"about":[{"href":"https:\/\/shop.bestudio.ee\/et\/wp-json\/wp\/v2\/types\/product"}],"wp:featuredmedia":[{"embeddable":true,"href":"https:\/\/shop.bestudio.ee\/et\/wp-json\/wp\/v2\/media\/11054"}],"wp:attachment":[{"href":"https:\/\/shop.bestudio.ee\/et\/wp-json\/wp\/v2\/media?parent=11052"}],"wp:term":[{"taxonomy":"product_brand","embeddable":true,"href":"https:\/\/shop.bestudio.ee\/et\/wp-json\/wp\/v2\/product_brand?post=11052"},{"taxonomy":"product_cat","embeddable":true,"href":"https:\/\/shop.bestudio.ee\/et\/wp-json\/wp\/v2\/product_cat?post=11052"},{"taxonomy":"product_tag","embeddable":true,"href":"https:\/\/shop.bestudio.ee\/et\/wp-json\/wp\/v2\/product_tag?post=11052"}],"curies":[{"name":"t\u00f6\u00f6leht","href":"https:\/\/api.w.org\/{rel}","templated":true}]}}