{"id":11060,"date":"2025-12-12T00:04:54","date_gmt":"2025-12-11T22:04:54","guid":{"rendered":"https:\/\/shop.bestudio.ee\/?post_type=product&#038;p=11060"},"modified":"2025-12-18T16:18:22","modified_gmt":"2025-12-18T14:18:22","slug":"prescription-base-super-bond-all-new","status":"publish","type":"product","link":"https:\/\/shop.bestudio.ee\/et\/toode\/prescription-base-super-bond-all-new\/","title":{"rendered":"PRESCRIPTION BASE\u2122 SUPER-BOND (T\u00c4IESTI UUS)"},"content":{"rendered":"<ol>\n<li>P\u00e4rast ettevalmistust kandke naturaalsetele k\u00fc\u00fcntele \u00f5huke kontrollitud kiht. \u00c4rge laske Super-Bondil puutuda kokku k\u00fc\u00fcnenahkade ega \u00fcmbritseva nahaga.<\/li>\n<li>K\u00f5venda 30 sekundit Akz\u00e9ntz LED-lambis. P\u00e4rast k\u00f5venemist \u00e4ra p\u00fchi.<\/li>\n<li>J\u00e4tka oma geeliprotseduuriga nagu tavaliselt.<\/li>\n<\/ol>\n<p>Eemalda kas ettevaatliku viilimise teel v\u00f5i Akz\u00e9ntz Soak-Off geelieemaldajaga.<\/p>\n<ul>\n<li>100% Pure Gel\u2122<\/li>\n<li>TPO- ja HEMA-vaba, 10-vaba*<\/li>\n<li>Lahustivaba (mitte kuivav)<\/li>\n<li>Sisaldab biop\u00f5hist monomeeri<\/li>\n<li>T\u00e4iesti vaba tugevatest l\u00f5hnadest<\/li>\n<li>Loomakatseteta ja vegan<\/li>\n<li>Valmistatud ainult Euroopast ja P\u00f5hja-Ameerikast p\u00e4rit toorainetest<\/li>\n<\/ul>\n<p>10-tasuta t\u00e4hendab, et see ei sisalda:<\/p>\n<p><em>Formaldeh\u00fc\u00fcd, tolueen, parabeenid, kamper, formaldeh\u00fc\u00fcdvaik, dibut\u00fc\u00fclftalaat (DBP), ks\u00fcleen, ftalaadid, trifen\u00fc\u00fclfosfaat (TPHP), tert-but\u00fc\u00fclh\u00fcdroperoksiid (TBHP), et\u00fc\u00fcltos\u00fc\u00fclamiid)\u00a0<\/em><\/p>\n<p>&nbsp;<\/p>","protected":false},"excerpt":{"rendered":"<p>Super-Bond on loodud asendama teie tavalist baasgeeli (Luxio Base, Pro-Formance Adhere, Options Base v\u00f5i Options Opti-Bond), et pikendada p\u00fcsivust klientidel, kellel esineb \u00e4\u00e4rmuslikke p\u00fcsivusprobleeme, n\u00e4iteks k\u00fc\u00fcne kergitamist ja eraldumist. Super-Bond on eriti kasulik klientidele, kellel on niisked v\u00f5i \u201e\u00f5lised\u201c k\u00fc\u00fcneplaadid.<\/p>\n<p>Super-Bond sisaldab hoolikalt l\u00e4bim\u00f5eldud kontsentratsiooni <strong>Akr\u00fc\u00fclhape<\/strong> et suurendada haardumist k\u00f5ige \u00e4\u00e4rmuslikumatel juhtudel, kui k\u00fc\u00fcned on kergitatud, ja s\u00e4ilitada naturaalsete k\u00fc\u00fcnte tervist. Kasutades ainulaadset <strong>m\u00e4nnipuu komponentidest saadud biop\u00f5hine monomeer, <\/strong>Super-Bondil on iseloomulik vaigulaadne l\u00f5hn \u2013 see on iseloomulik selle looduslikule p\u00e4ritolule.<\/p>\n<p>15 ml \/ 0,5 untsi<\/p>\n<ul>\n<li>Maksimaalne haarduvus probleemide korral t\u00f5stmisel\/kinnihoidmisel<\/li>\n<li>Lihtne kasutada, keskmise viskoossusega (sarnane Luxio baasil valmistatud tootega)<\/li>\n<li>Isetasanduv sileda ja \u00fchtlase pinna saavutamiseks<\/li>\n<li>Katab looduslikud k\u00fc\u00fcned kaitsva kihina<\/li>\n<li>J\u00e4ik, tugev koostis<\/li>\n<li>Ainult professionaalseks kasutamiseks<\/li>\n<li>Valmistatud Kanadas<\/li>\n<\/ul>\n<p>Kasutage Akz\u00e9ntz geeli asemel Prescription Base Super-Bondi standardse aluslaki asemel j\u00e4rgmistel juhtudel:<\/p>\n<ul>\n<li>Klient, kes kogeb \u00e4\u00e4rmist t\u00f5stmist<\/li>\n<li>Klient, kellel on niisked v\u00f5i \u201e\u00f5lised\u201c k\u00e4ed\/k\u00fc\u00fcneplaadid<\/li>\n<li>Klient kogeb h\u00fcperhidroosi<\/li>\n<\/ul>\n<p>&nbsp;<\/p>","protected":false},"featured_media":11064,"template":"","meta":[],"product_brand":[],"product_cat":[267,302],"product_tag":[],"class_list":{"0":"post-11060","1":"product","2":"type-product","3":"status-publish","4":"has-post-thumbnail","6":"product_cat-akzentz","7":"product_cat-prescription-base","9":"first","10":"instock","11":"sale","12":"taxable","13":"shipping-taxable","14":"purchasable","15":"product-type-simple"},"jetpack_sharing_enabled":true,"_links":{"self":[{"href":"https:\/\/shop.bestudio.ee\/et\/wp-json\/wp\/v2\/product\/11060","targetHints":{"allow":["GET"]}}],"collection":[{"href":"https:\/\/shop.bestudio.ee\/et\/wp-json\/wp\/v2\/product"}],"about":[{"href":"https:\/\/shop.bestudio.ee\/et\/wp-json\/wp\/v2\/types\/product"}],"wp:featuredmedia":[{"embeddable":true,"href":"https:\/\/shop.bestudio.ee\/et\/wp-json\/wp\/v2\/media\/11064"}],"wp:attachment":[{"href":"https:\/\/shop.bestudio.ee\/et\/wp-json\/wp\/v2\/media?parent=11060"}],"wp:term":[{"taxonomy":"product_brand","embeddable":true,"href":"https:\/\/shop.bestudio.ee\/et\/wp-json\/wp\/v2\/product_brand?post=11060"},{"taxonomy":"product_cat","embeddable":true,"href":"https:\/\/shop.bestudio.ee\/et\/wp-json\/wp\/v2\/product_cat?post=11060"},{"taxonomy":"product_tag","embeddable":true,"href":"https:\/\/shop.bestudio.ee\/et\/wp-json\/wp\/v2\/product_tag?post=11060"}],"curies":[{"name":"t\u00f6\u00f6leht","href":"https:\/\/api.w.org\/{rel}","templated":true}]}}