{"id":11066,"date":"2025-12-12T00:15:11","date_gmt":"2025-12-11T22:15:11","guid":{"rendered":"https:\/\/shop.bestudio.ee\/?post_type=product&#038;p=11066"},"modified":"2025-12-18T16:17:53","modified_gmt":"2025-12-18T14:17:53","slug":"luxio-nail-cuticle-oil-tube","status":"publish","type":"product","link":"https:\/\/shop.bestudio.ee\/et\/toode\/luxio-nail-cuticle-oil-tube\/","title":{"rendered":"LUXIO\u00ae K\u00dc\u00dcNE- JA K\u00dc\u00dcNENAHA\u00d5LI TUUB"},"content":{"rendered":"<ul>\n<li>Aprikoosi\u00f5li \u2013 silub, parandab ja tugevdab k\u00fc\u00fcsi<\/li>\n<li>Jojoba\u00f5li \u2013 sarnaneb naha rasuga, niisutab nahka ja k\u00fc\u00fcsi s\u00fcgavuti.<\/li>\n<li>Inca Inchi \u00f5li \u2013 rikas oomega-3-rasvhapete ja antioks\u00fcdantide poolest<span class=\"Apple-converted-space\">\u00a0<\/span><\/li>\n<li><span class=\"Apple-converted-space\">Rosmariini ekstrakt \u2013 v\u00f5imas antioks\u00fcdant antiseptiliste ja p\u00f5letikuvastaste omadustega<\/span><\/li>\n<li><span class=\"Apple-converted-space\">Greibi eeterlik \u00f5li \u2013 kerge ja v\u00e4rskendav l\u00f5hn antimikroobsete omadustega\u00a0<\/span><\/li>\n<li>E-vitamiin \u2013 antioks\u00fcdant, mis aitab kaitsta rakke oks\u00fcdatiivsete kahjustuste eest<\/li>\n<\/ul>\n<p>&nbsp;<\/p>\n<p><span class=\"a_GcMg font-feature-liga-off font-feature-clig-off font-feature-calt-off text-decoration-none text-strikethrough-none\">Prunus Armeniaca (aprikoos) tuuma\u00f5li, Simmondsia Chinensis (jojoba) seemne\u00f5li, r\u00e4nidioksiiddimetikoonsil\u00fclaat, Plukenetia <\/span><span class=\"a_GcMg font-feature-liga-off font-feature-clig-off font-feature-calt-off text-decoration-none text-strikethrough-none\">Volubilis seemne\u00f5li, Citrus Paradisi (roosa greibi) koore\u00f5li, Helianthus Annuus (p\u00e4evalille) seemne\u00f5li, Olea Europaea (oliivi\u00f5li) puuvilja\u00f5li, Rosmarinus Officinalis (rosmariini) lehtede ekstrakt, tokoferool, <\/span><span class=\"a_GcMg font-feature-liga-off font-feature-clig-off font-feature-calt-off text-decoration-none text-strikethrough-none\">Limoneen<\/span><\/p>","protected":false},"excerpt":{"rendered":"<p>Meie uuendusliku, s\u00fcgavniisutavate \u00f5lide \u2013 aprikoosi, jojoba, inka inchi, p\u00e4evalille ja oliivi\u00f5li \u2013 paksema geelilaadse konsistentsiga segu toimib harmoonias rosmariinilehe ja greibi looduslikult aktiivsete ekstraktidega. Iga koostisosa valiti v\u00e4lja selle t\u00f5estatud niisutava toime t\u00f5ttu ning koos loovad need kerge ja ergutava aroomi. Luxio\u00ae Signature Spa l\u00f5hn on aktiivsete taimede loomulik tulemus.<\/p>\n<p>Saadaval kuldsete aktsentidega mattvalges tuubis, mis on lekkekindel ja sobib ideaalselt jaem\u00fc\u00fcgiartikliks teie klientidele. Ideaalne suurus kaasaskandmiseks, sobib h\u00e4sti k\u00e4ekotti v\u00f5i taskusse, muutes niisutatud k\u00fc\u00fcned ja k\u00fc\u00fcnenahad igap\u00e4evaseks rituaaliks.<\/p>\n<p><strong>Suurus: <\/strong>7,5 ml \/ 0,25 fl oz<\/p>\n<ul>\n<li>100% Looduslikud koostisosad \/ Vegan \/ Loomakatseteta<\/li>\n<li>Kiirelt imenduv ja rasvavaba<\/li>\n<li>P\u00f5letikuvastane<span class=\"Apple-converted-space\">\u00a0<\/span><\/li>\n<li>Taastab epidermise<span class=\"Apple-converted-space\">\u00a0<\/span><\/li>\n<li>S\u00e4ilitab naha lipiidide tasakaalu<\/li>\n<li>Pehmendab ja niisutab nahka s\u00fcgavuti<span class=\"Apple-converted-space\">\u00a0<\/span><\/li>\n<li>Valmistatud Kanadas (Euroopa ja P\u00f5hja-Ameerika koostisosadest)<\/li>\n<\/ul>","protected":false},"featured_media":11073,"template":"","meta":[],"product_brand":[],"product_cat":[267,303],"product_tag":[],"class_list":{"0":"post-11066","1":"product","2":"type-product","3":"status-publish","4":"has-post-thumbnail","6":"product_cat-akzentz","7":"product_cat-luxio-spa","9":"first","10":"instock","11":"sale","12":"taxable","13":"shipping-taxable","14":"purchasable","15":"product-type-simple"},"jetpack_sharing_enabled":true,"_links":{"self":[{"href":"https:\/\/shop.bestudio.ee\/et\/wp-json\/wp\/v2\/product\/11066","targetHints":{"allow":["GET"]}}],"collection":[{"href":"https:\/\/shop.bestudio.ee\/et\/wp-json\/wp\/v2\/product"}],"about":[{"href":"https:\/\/shop.bestudio.ee\/et\/wp-json\/wp\/v2\/types\/product"}],"wp:featuredmedia":[{"embeddable":true,"href":"https:\/\/shop.bestudio.ee\/et\/wp-json\/wp\/v2\/media\/11073"}],"wp:attachment":[{"href":"https:\/\/shop.bestudio.ee\/et\/wp-json\/wp\/v2\/media?parent=11066"}],"wp:term":[{"taxonomy":"product_brand","embeddable":true,"href":"https:\/\/shop.bestudio.ee\/et\/wp-json\/wp\/v2\/product_brand?post=11066"},{"taxonomy":"product_cat","embeddable":true,"href":"https:\/\/shop.bestudio.ee\/et\/wp-json\/wp\/v2\/product_cat?post=11066"},{"taxonomy":"product_tag","embeddable":true,"href":"https:\/\/shop.bestudio.ee\/et\/wp-json\/wp\/v2\/product_tag?post=11066"}],"curies":[{"name":"t\u00f6\u00f6leht","href":"https:\/\/api.w.org\/{rel}","templated":true}]}}