{"id":11083,"date":"2025-12-12T00:28:39","date_gmt":"2025-12-11T22:28:39","guid":{"rendered":"https:\/\/shop.bestudio.ee\/?post_type=product&#038;p=11083"},"modified":"2025-12-18T16:18:37","modified_gmt":"2025-12-18T14:18:37","slug":"prescription-base-x-bond-for-compromised-nails","status":"publish","type":"product","link":"https:\/\/shop.bestudio.ee\/et\/toode\/prescription-base-x-bond-for-compromised-nails\/","title":{"rendered":"PRESCRIPTION BASE\u2122 X-BOND (KAHJUSTATUD K\u00dc\u00dcNTEDE JAOKS)"},"content":{"rendered":"<ol>\n<li>P\u00e4rast ettevalmistust kandke naturaalsetele k\u00fc\u00fcntele \u00f5huke kontrollitud kiht. \u00c4rge laske X-Bondil puutuda kokku k\u00fc\u00fcnenahkade ega \u00fcmbritseva nahaga.<\/li>\n<li>K\u00f5venda 30 sekundit Akz\u00e9ntz LED-lambis. P\u00e4rast k\u00f5venemist \u00e4ra p\u00fchi.<\/li>\n<li>J\u00e4tka oma geeliprotseduuriga nagu tavaliselt.<\/li>\n<\/ol>\n<p>Eemalda kas ettevaatliku viilimise teel v\u00f5i Akz\u00e9ntz Soak-Off geelieemaldajaga.<\/p>\n<ul>\n<li>100% Pure Gel\u2122<\/li>\n<li>TPO- ja HEMA-vaba, 10-vaba*<\/li>\n<li>Lahustivaba (mitte kuivav)<\/li>\n<li>T\u00e4iesti vaba tugevatest l\u00f5hnadest<\/li>\n<li>Loomakatseteta ja vegan<\/li>\n<li>Valmistatud ainult Euroopast ja P\u00f5hja-Ameerikast p\u00e4rit toorainetest<\/li>\n<\/ul>\n<p>10-tasuta t\u00e4hendab, et see ei sisalda:<\/p>\n<p><em>Formaldeh\u00fc\u00fcd, tolueen, parabeenid, kamper, formaldeh\u00fc\u00fcdvaik, dibut\u00fc\u00fclftalaat (DBP), ks\u00fcleen, ftalaadid, trifen\u00fc\u00fclfosfaat (TPHP), tert-but\u00fc\u00fclh\u00fcdroperoksiid (TBHP), et\u00fc\u00fcltos\u00fc\u00fclamiid)\u00a0<\/em><\/p>","protected":false},"excerpt":{"rendered":"<p>X-Bond on loodud asendama teie tavalist baasgeeli (Luxio Base, Pro-Formance Adhere, Options Base v\u00f5i Options Opti-Bond), et pikendada p\u00fcsivust klientidel, kellel esineb p\u00fcsivusprobleeme, n\u00e4iteks kergitus. X-Bond on eriti kasulik klientidele, kellel on \u00f5hukesed, \u00fcleliia t\u00e4idetud v\u00f5i kahjustatud (\u00fclehappestunud) k\u00fc\u00fcned.\u00a0<strong><\/p>\n<p><\/strong>Prescription Base X-Bond on X-Bondi uuendatud versioon v\u00e4rske v\u00e4limusega, n\u00fc\u00fcd TPO-vaba ja HEMA-vaba.<\/p>\n<p>15 ml \/ 0,5 untsi<\/p>\n<ul>\n<li>Maksimaalne nakkuvus \u00f5hukeste\/kahjustatud k\u00fc\u00fcnte jaoks<\/li>\n<li>\u00d5hukese vedelikulaadne viskoossus, m\u00f5eldud pealekandmiseks \u00fche v\u00e4ga \u00f5hukese kihina<\/li>\n<li>Sisaldab spetsiifilisi adhesiooni aktivaatoreid, mis seonduvad purunenud keratiiniga<\/li>\n<li>Paindlik koostis<\/li>\n<li>Ainult professionaalseks kasutamiseks<\/li>\n<li>Valmistatud Kanadas<\/li>\n<\/ul>\n<p>Kasutage Prescription Base X-Bondi mis tahes Akz\u00e9ntz geeliga standardse aluslaki asemel j\u00e4rgmistel juhtudel:<\/p>\n<ul>\n<li>Klient, kes kogeb t\u00f5stmist<\/li>\n<li>Kliendi k\u00fc\u00fcned on \u00f5hukesed\/paindlikud<\/li>\n<li>Klient, kelle k\u00fc\u00fcned on \u00fclepakutud ja\/v\u00f5i \u00fclehappelised<\/li>\n<li>Klient, kelle k\u00fc\u00fcntel on valged laigud<\/li>\n<\/ul>","protected":false},"featured_media":11087,"template":"","meta":[],"product_brand":[],"product_cat":[267,302],"product_tag":[],"class_list":{"0":"post-11083","1":"product","2":"type-product","3":"status-publish","4":"has-post-thumbnail","6":"product_cat-akzentz","7":"product_cat-prescription-base","9":"first","10":"instock","11":"sale","12":"taxable","13":"shipping-taxable","14":"purchasable","15":"product-type-simple"},"jetpack_sharing_enabled":true,"_links":{"self":[{"href":"https:\/\/shop.bestudio.ee\/et\/wp-json\/wp\/v2\/product\/11083","targetHints":{"allow":["GET"]}}],"collection":[{"href":"https:\/\/shop.bestudio.ee\/et\/wp-json\/wp\/v2\/product"}],"about":[{"href":"https:\/\/shop.bestudio.ee\/et\/wp-json\/wp\/v2\/types\/product"}],"wp:featuredmedia":[{"embeddable":true,"href":"https:\/\/shop.bestudio.ee\/et\/wp-json\/wp\/v2\/media\/11087"}],"wp:attachment":[{"href":"https:\/\/shop.bestudio.ee\/et\/wp-json\/wp\/v2\/media?parent=11083"}],"wp:term":[{"taxonomy":"product_brand","embeddable":true,"href":"https:\/\/shop.bestudio.ee\/et\/wp-json\/wp\/v2\/product_brand?post=11083"},{"taxonomy":"product_cat","embeddable":true,"href":"https:\/\/shop.bestudio.ee\/et\/wp-json\/wp\/v2\/product_cat?post=11083"},{"taxonomy":"product_tag","embeddable":true,"href":"https:\/\/shop.bestudio.ee\/et\/wp-json\/wp\/v2\/product_tag?post=11083"}],"curies":[{"name":"t\u00f6\u00f6leht","href":"https:\/\/api.w.org\/{rel}","templated":true}]}}