{"id":11088,"date":"2025-12-12T00:55:53","date_gmt":"2025-12-11T22:55:53","guid":{"rendered":"https:\/\/shop.bestudio.ee\/?post_type=product&#038;p=11088"},"modified":"2025-12-18T00:21:33","modified_gmt":"2025-12-17T22:21:33","slug":"vanilla-shimmer-lotion","status":"publish","type":"product","link":"https:\/\/shop.bestudio.ee\/et\/toode\/vanilla-shimmer-lotion\/","title":{"rendered":"Dadi VANILLI L\u00c4IKIV KREEM, 236ml"},"content":{"rendered":"<p><span class=\"s1\"><strong>M\u00e4rkimisv\u00e4\u00e4rsed koostisosad:<\/strong><b><br \/>\n<\/b><\/span><span class=\"s1\">Naturaalne vaniljel\u00f5hn<br \/>\n<\/span><span class=\"s1\">H\u00fcaluroonhape<br \/>\n<\/span><span class=\"s1\">Allontoin<br \/>\n<\/span><span class=\"s1\">Pantenool<br \/>\n<\/span><span class=\"s1\">Tokoferool (looduslik E-vitamiin)<\/span><\/p>\n<p><span class=\"s1\"><strong>Juhised:<\/strong><b><br \/>\n<\/b><\/span><span class=\"s1\">Kanna k\u00e4tele ja kehale vastavalt soovile, et saavutada sile nahk, niiskuse s\u00e4ilimine ja vaniljeaktsendiga s\u00e4rav s\u00e4ra.<\/span><\/p>\n<h4><strong><span class=\"im\">Vanilla Shimmer kreem on sulfaadi-, parabeenide- ja kunstlike v\u00e4rvainetevaba!<\/span><\/strong><\/h4>\n<p><span class=\"im\"><strong>Suurused<\/strong><b><br \/>\n<\/b><\/span>236 ml \/ 8 fl oz<\/p>","protected":false},"excerpt":{"rendered":"<p><strong>Mis on Vanilla Shimmer kreem?<br \/>\n<\/strong><span class=\"s1\">Kiirelt imenduv, rasvavaba, niisutav k\u00e4te- ja kehakreem, mis p\u00f5hineb auhinnatud luksuslikul isakreemil kuldse l\u00e4ikega.<br \/>\nvaniljeaktsent t\u00e4iusliku p\u00fchades\u00e4ra saavutamiseks. <\/span><\/p>\n<p><strong>Kasutusalad?<br \/>\n<\/strong><span class=\"s1\">Et anda nahale s\u00e4ra ja lisada p\u00fchadele l\u00f5busust.<\/span><\/p>","protected":false},"featured_media":11089,"template":"","meta":[],"product_brand":[],"product_cat":[52,56],"product_tag":[],"class_list":{"0":"post-11088","1":"product","2":"type-product","3":"status-publish","4":"has-post-thumbnail","6":"product_cat-famous-names","7":"product_cat-dadi-lotion","9":"first","10":"instock","11":"taxable","12":"shipping-taxable","13":"purchasable","14":"product-type-simple"},"jetpack_sharing_enabled":true,"_links":{"self":[{"href":"https:\/\/shop.bestudio.ee\/et\/wp-json\/wp\/v2\/product\/11088","targetHints":{"allow":["GET"]}}],"collection":[{"href":"https:\/\/shop.bestudio.ee\/et\/wp-json\/wp\/v2\/product"}],"about":[{"href":"https:\/\/shop.bestudio.ee\/et\/wp-json\/wp\/v2\/types\/product"}],"wp:featuredmedia":[{"embeddable":true,"href":"https:\/\/shop.bestudio.ee\/et\/wp-json\/wp\/v2\/media\/11089"}],"wp:attachment":[{"href":"https:\/\/shop.bestudio.ee\/et\/wp-json\/wp\/v2\/media?parent=11088"}],"wp:term":[{"taxonomy":"product_brand","embeddable":true,"href":"https:\/\/shop.bestudio.ee\/et\/wp-json\/wp\/v2\/product_brand?post=11088"},{"taxonomy":"product_cat","embeddable":true,"href":"https:\/\/shop.bestudio.ee\/et\/wp-json\/wp\/v2\/product_cat?post=11088"},{"taxonomy":"product_tag","embeddable":true,"href":"https:\/\/shop.bestudio.ee\/et\/wp-json\/wp\/v2\/product_tag?post=11088"}],"curies":[{"name":"t\u00f6\u00f6leht","href":"https:\/\/api.w.org\/{rel}","templated":true}]}}