{"id":11090,"date":"2025-12-12T00:59:11","date_gmt":"2025-12-11T22:59:11","guid":{"rendered":"https:\/\/shop.bestudio.ee\/?post_type=product&#038;p=11090"},"modified":"2025-12-18T00:18:57","modified_gmt":"2025-12-17T22:18:57","slug":"dadi-scrub-935g","status":"publish","type":"product","link":"https:\/\/shop.bestudio.ee\/et\/toode\/dadi-scrub-935g\/","title":{"rendered":"DADI&#039; KOORIJ 935g"},"content":{"rendered":"<p><strong>M\u00e4rkimisv\u00e4\u00e4rsed koostisosad<\/strong><br \/>\nSool<br \/>\nSuhkur<br \/>\nPimsskivi koorimine<br \/>\nKookos\u00f5li<br \/>\nSafloori\u00f5li<br \/>\nDadi \u00f5list p\u00e4rit \u00f5lid<\/p>\n<p><strong>Juhised<\/strong><b><br \/>\n<\/b>Kanna Dadi&#039; koorijat niisketele k\u00e4tele, jalgadele v\u00f5i kehale. Masseeri sisse. P\u00e4rast kahte koorimislaine (suhkur, seej\u00e4rel sool) loputa sooja veega. L\u00f5peta auhinnatud Dadi&#039; \u00f5li ja\/v\u00f5i luksusliku Dadi kreemiga.<\/p>\n<p><b><\/b>Dadi&#039; Scrub ei sisalda sulfaate, parabeene ega kunstlikke v\u00e4rvaineid.<\/p>\n<p><strong>Suurused<br \/>\n<\/strong>935 g \/ 33 untsi<\/p>","protected":false},"excerpt":{"rendered":"<p><strong>Mis on Dadi&#039; Scrub?<\/strong><b><br \/>\n<\/b>Pehme ja luksuslik kooriv ning niisutav k\u00e4te-, jalgade- ja kehakoorija, millel on sama aroom nagu auhinnatud Dadi&#039; \u00f5lil.<\/p>\n<p><strong>Mida see teeb?<\/strong><b><br \/>\n<\/b>Silub, koorib ja hooldab, j\u00e4ttes teie k\u00e4ed, jalad ja naha pehmeks, niisutatuks ja noorendatuks.<\/p>","protected":false},"featured_media":11091,"template":"","meta":[],"product_brand":[],"product_cat":[52,63],"product_tag":[],"class_list":{"0":"post-11090","1":"product","2":"type-product","3":"status-publish","4":"has-post-thumbnail","6":"product_cat-famous-names","7":"product_cat-dadi-scrub","9":"first","10":"instock","11":"taxable","12":"shipping-taxable","13":"purchasable","14":"product-type-simple"},"jetpack_sharing_enabled":true,"_links":{"self":[{"href":"https:\/\/shop.bestudio.ee\/et\/wp-json\/wp\/v2\/product\/11090","targetHints":{"allow":["GET"]}}],"collection":[{"href":"https:\/\/shop.bestudio.ee\/et\/wp-json\/wp\/v2\/product"}],"about":[{"href":"https:\/\/shop.bestudio.ee\/et\/wp-json\/wp\/v2\/types\/product"}],"wp:featuredmedia":[{"embeddable":true,"href":"https:\/\/shop.bestudio.ee\/et\/wp-json\/wp\/v2\/media\/11091"}],"wp:attachment":[{"href":"https:\/\/shop.bestudio.ee\/et\/wp-json\/wp\/v2\/media?parent=11090"}],"wp:term":[{"taxonomy":"product_brand","embeddable":true,"href":"https:\/\/shop.bestudio.ee\/et\/wp-json\/wp\/v2\/product_brand?post=11090"},{"taxonomy":"product_cat","embeddable":true,"href":"https:\/\/shop.bestudio.ee\/et\/wp-json\/wp\/v2\/product_cat?post=11090"},{"taxonomy":"product_tag","embeddable":true,"href":"https:\/\/shop.bestudio.ee\/et\/wp-json\/wp\/v2\/product_tag?post=11090"}],"curies":[{"name":"t\u00f6\u00f6leht","href":"https:\/\/api.w.org\/{rel}","templated":true}]}}