{"id":11093,"date":"2025-12-18T00:50:10","date_gmt":"2025-12-17T22:50:10","guid":{"rendered":"https:\/\/shop.bestudio.ee\/?post_type=product&#038;p=11093"},"modified":"2026-01-18T18:10:04","modified_gmt":"2026-01-18T16:10:04","slug":"uv-led-pro-formance-adhere-7g-25oz","status":"publish","type":"product","link":"https:\/\/shop.bestudio.ee\/et\/toode\/uv-led-pro-formance-adhere-7g-25oz\/","title":{"rendered":"UV\/LED PRO-FORMANCE ADHERE 7g\/.25oz"},"content":{"rendered":"<p>P\u00e4rast k\u00fc\u00fcne ettevalmistamist ja vajadusel kruntv\u00e4rvi kasutamist kandke naturaalsetele k\u00fc\u00fcntele \u00f5huke, kontrollitud kiht. K\u00f5vendage 30 sekundit Akz\u00e9ntz LED-lambis.<\/p>\n<p>Ainult professionaalseks kasutamiseks.<br \/>\n7 g \/ 0,25 untsi<\/p>","protected":false},"excerpt":{"rendered":"<p><span class=\"OYPEnA font-feature-liga-off font-feature-clig-off font-feature-calt-off text-decoration-none text-strikethrough-none\">Adhere on revolutsiooniline liimimismeetod<\/span><span class=\"OYPEnA font-feature-liga-off font-feature-clig-off font-feature-calt-off text-decoration-none text-strikethrough-none\"> geel \u2013 see on k\u00f5va geelvalem ja seda saab peale kanda erakordselt \u00f5hukese kihina, et saavutada kauneid \u00f5hukesi t\u00e4iustusi. Adhere tagab teiste k\u00f5vade geelidega t\u00f6\u00f6tamisel suurep\u00e4rase nakkuvuse ja j\u00e4tab ideaalselt sileda pinna mis tahes pealekandmiseks. <\/span><span class=\"OYPEnA font-feature-liga-off font-feature-clig-off font-feature-calt-off text-decoration-none text-strikethrough-none\">Pro-Formance\u2122 ehitusgeel. Pro-Formance\u2122 seeria geelidega t\u00f6\u00f6tamisel on soovitatav aluskiht Adhere.<\/span><\/p>\n<ul>\n<li><span class=\"OYPEnA font-feature-liga-off font-feature-clig-off font-feature-calt-off text-decoration-none text-strikethrough-none\">V\u00e4ga vastupidav<\/span><\/li>\n<li><span class=\"OYPEnA font-feature-liga-off font-feature-clig-off font-feature-calt-off text-decoration-none text-strikethrough-none\">K\u00f5va geeli valem \u2013 <em>ei imbu maha<\/em><\/span><\/li>\n<li><span class=\"OYPEnA font-feature-liga-off font-feature-clig-off font-feature-calt-off text-decoration-none text-strikethrough-none\">Lihtsalt juhitav rakendus<\/span><\/li>\n<li><span class=\"OYPEnA font-feature-liga-off font-feature-clig-off font-feature-calt-off text-decoration-none text-strikethrough-none\">Tugev haarduvus<\/span><\/li>\n<li><span class=\"OYPEnA font-feature-liga-off font-feature-clig-off font-feature-calt-off text-decoration-none text-strikethrough-none\">Spetsiaalselt v\u00e4lja t\u00f6\u00f6tatud kasutamiseks Pro-Formance\u2122 geelidega<\/span><\/li>\n<li><span class=\"OYPEnA\">Lahustitele h\u00e4vimatu<\/span><\/li>\n<li><span class=\"OYPEnA\">TPO-vaba, HEMA-vaba, 10-vaba, lahustivaba, l\u00f5hnavaba<\/span><\/li>\n<\/ul>","protected":false},"featured_media":11096,"template":"","meta":[],"product_brand":[],"product_cat":[267,272,285],"product_tag":[],"class_list":{"0":"post-11093","1":"product","2":"type-product","3":"status-publish","4":"has-post-thumbnail","6":"product_cat-akzentz","7":"product_cat-pro-formance","8":"product_cat-base-gloss","10":"first","11":"outofstock","12":"taxable","13":"shipping-taxable","14":"purchasable","15":"product-type-simple"},"jetpack_sharing_enabled":true,"_links":{"self":[{"href":"https:\/\/shop.bestudio.ee\/et\/wp-json\/wp\/v2\/product\/11093","targetHints":{"allow":["GET"]}}],"collection":[{"href":"https:\/\/shop.bestudio.ee\/et\/wp-json\/wp\/v2\/product"}],"about":[{"href":"https:\/\/shop.bestudio.ee\/et\/wp-json\/wp\/v2\/types\/product"}],"wp:featuredmedia":[{"embeddable":true,"href":"https:\/\/shop.bestudio.ee\/et\/wp-json\/wp\/v2\/media\/11096"}],"wp:attachment":[{"href":"https:\/\/shop.bestudio.ee\/et\/wp-json\/wp\/v2\/media?parent=11093"}],"wp:term":[{"taxonomy":"product_brand","embeddable":true,"href":"https:\/\/shop.bestudio.ee\/et\/wp-json\/wp\/v2\/product_brand?post=11093"},{"taxonomy":"product_cat","embeddable":true,"href":"https:\/\/shop.bestudio.ee\/et\/wp-json\/wp\/v2\/product_cat?post=11093"},{"taxonomy":"product_tag","embeddable":true,"href":"https:\/\/shop.bestudio.ee\/et\/wp-json\/wp\/v2\/product_tag?post=11093"}],"curies":[{"name":"t\u00f6\u00f6leht","href":"https:\/\/api.w.org\/{rel}","templated":true}]}}