{"id":11154,"date":"2026-01-16T23:37:06","date_gmt":"2026-01-16T21:37:06","guid":{"rendered":"https:\/\/shop.bestudio.ee\/?post_type=product&#038;p=11154"},"modified":"2026-01-16T23:37:06","modified_gmt":"2026-01-16T21:37:06","slug":"premium-oval-brush-111","status":"publish","type":"product","link":"https:\/\/shop.bestudio.ee\/et\/toode\/premium-oval-brush-111\/","title":{"rendered":"ESMAKASSILINE OVAALNE HARI #111"},"content":{"rendered":"","protected":false},"excerpt":{"rendered":"<p><strong>111 pintsel<br \/>\n<\/strong><\/p>\n<p>Luksuslik naturaalsetest harjastest pintsel koonilise ovaalse kujuga. Annab kindla, kuid paindliku kontrolli, sobib ideaalselt k\u00fc\u00fcnenahkade ja k\u00fclgseinte \u00fcmbruse pintsliga t\u00f6\u00f6tamiseks. Selle \u00f5huke ja lame kuju tagab suurep\u00e4rase maksimaalse kontrolli nii skulptuuride loomisel kui ka v\u00e4rvigeeli pealekandmisel. Metallist korpus ja kork.<\/p>\n<p>11 mm hari. Kork kaasas.<\/p>","protected":false},"featured_media":11157,"template":"","meta":[],"product_brand":[],"product_cat":[267,275,295],"product_tag":[],"class_list":{"0":"post-11154","1":"product","2":"type-product","3":"status-publish","4":"has-post-thumbnail","6":"product_cat-akzentz","7":"product_cat-basics","8":"product_cat-brushes","10":"first","11":"instock","12":"taxable","13":"shipping-taxable","14":"purchasable","15":"product-type-simple"},"jetpack_sharing_enabled":true,"_links":{"self":[{"href":"https:\/\/shop.bestudio.ee\/et\/wp-json\/wp\/v2\/product\/11154","targetHints":{"allow":["GET"]}}],"collection":[{"href":"https:\/\/shop.bestudio.ee\/et\/wp-json\/wp\/v2\/product"}],"about":[{"href":"https:\/\/shop.bestudio.ee\/et\/wp-json\/wp\/v2\/types\/product"}],"wp:featuredmedia":[{"embeddable":true,"href":"https:\/\/shop.bestudio.ee\/et\/wp-json\/wp\/v2\/media\/11157"}],"wp:attachment":[{"href":"https:\/\/shop.bestudio.ee\/et\/wp-json\/wp\/v2\/media?parent=11154"}],"wp:term":[{"taxonomy":"product_brand","embeddable":true,"href":"https:\/\/shop.bestudio.ee\/et\/wp-json\/wp\/v2\/product_brand?post=11154"},{"taxonomy":"product_cat","embeddable":true,"href":"https:\/\/shop.bestudio.ee\/et\/wp-json\/wp\/v2\/product_cat?post=11154"},{"taxonomy":"product_tag","embeddable":true,"href":"https:\/\/shop.bestudio.ee\/et\/wp-json\/wp\/v2\/product_tag?post=11154"}],"curies":[{"name":"t\u00f6\u00f6leht","href":"https:\/\/api.w.org\/{rel}","templated":true}]}}