{"id":11184,"date":"2026-02-01T18:51:12","date_gmt":"2026-02-01T16:51:12","guid":{"rendered":"https:\/\/shop.bestudio.ee\/?post_type=product&#038;p=11184"},"modified":"2026-02-01T19:27:25","modified_gmt":"2026-02-01T17:27:25","slug":"899-uv-gel-polish-makear-8ml","status":"publish","type":"product","link":"https:\/\/shop.bestudio.ee\/et\/toode\/899-uv-gel-polish-makear-8ml\/","title":{"rendered":"899 UV-geellaki valmistaja, 8ml"},"content":{"rendered":"<div class=\"longdescription__tab__content --use --active\" data-name=\"Features &amp; specifications\">\n<h3><strong>Omadused ja spetsifikatsioonid<\/strong><\/h3>\n<ul>\n<li><strong>J\u00e4rjepidevus:<\/strong> keskmise paksusega<\/li>\n<li><strong>Viimistlus:<\/strong> \u201cV\u00e4lgatuse\u201d \/ \u201ckuuvalguse\u201d osakesed (suurenenud s\u00e4ra tugevas valguses)<\/li>\n<li><strong>Ohutus:<\/strong> HEMA-vaba<\/li>\n<li><strong>Valem:<\/strong> vegan<\/li>\n<li><strong>Pakend:<\/strong> pappkarp, biolagunev<\/li>\n<li><strong>K\u00f5venemisaeg:<\/strong> 30\/60 sekundit 48W LED-lambis<\/li>\n<li><strong>Maht:<\/strong> 8 ml<\/li>\n<\/ul>\n<div class=\"longdescription__tab__content --use --active\" data-name=\"How to use\">\n<h3><strong>Kuidas kasutada<\/strong><\/h3>\n<ol>\n<li>Kandke h\u00fcbriidalus, nt. <a href=\"https:\/\/makear.pl\/pl\/products\/kera-base-wzmacniajaca-baza-keratynowa-hemafree-1238.html\" target=\"_blank\" rel=\"noopener\"><strong>Kera alus<\/strong><\/a> v\u00f5i <a href=\"https:\/\/makear.pl\/pl\/products\/rubber-base-clear-137.html\" target=\"_blank\" rel=\"noopener\"><strong>Kummist alus<\/strong><\/a>, ettevalmistatud ja deh\u00fcdreeritud k\u00fc\u00fcneplaadile.<\/li>\n<li>Kanna kuivanud alusele \u00f5huke kiht Makear geellakki. T\u00e4ieliku efekti saavutamiseks kasuta kahte \u00f5hukest kihti, k\u00f5vendades kumbagi 48W LED-lambi all 30\u201360 sekundit.<\/li>\n<li>L\u00f5peta soeng h\u00fcbriidse pealislakiga, nt. <a href=\"https:\/\/makear.pl\/pl\/products\/top-no-wipe-hard-glass-8ml-964.html\" target=\"_blank\" rel=\"noopener\"><strong>\u00dclemine p\u00fchkimisvaba k\u00f5va klaas<\/strong><\/a>, ja ravi.<\/li>\n<\/ol>\n<div class=\"longdescription__tab__content --use --active\" data-name=\"Ingredients (INCI)\">\n<h3><strong>Koostisosad (INCI)<\/strong><\/h3>\n<p>Akr\u00fclaatide kopol\u00fcmeer \u2013 25133-97-5, 2-(2-h\u00fcdroks\u00fcetoks\u00fc)et\u00fc\u00fclakr\u00fclaat \u2013 13533-05-6, et\u00fc\u00fcl(2,4,6-trimet\u00fc\u00fclbenso\u00fc\u00fcl)fen\u00fc\u00fclfosfinaat \u2013 84434-11-7, 1-h\u00fcdroks\u00fcts\u00fckloheks\u00fc\u00fclfen\u00fc\u00fclketoon \u2013 947-19-3, r\u00e4nidioksiidi dimet\u00fc\u00fclsil\u00fclaat \u2013 68611-44-9<\/p>\n<div class=\"longdescription__tab__content --use --active\" data-name=\"Precautions\">\n<h3><strong>Ettevaatusabin\u00f5ud<\/strong><\/h3>\n<p>Toode on m\u00f5eldud ainult professionaalseks kasutamiseks. V\u00e4ltida kokkupuudet naha ja silmadega. Enne kasutamist lugege hoolikalt juhiseid. V\u00f5ib p\u00f5hjustada allergilist reaktsiooni. Hoida lastele k\u00e4ttesaamatus kohas. \u00c4rrituse ilmnemisel l\u00f5petage kasutamine ja p\u00f6\u00f6rduge arsti poole.<\/p>\n<\/div>\n<\/div>\n<\/div>\n<\/div>","protected":false},"excerpt":{"rendered":"<div class=\"longdescription__tab__content --description --active\" data-name=\"Description &amp; application\">\n<h2><strong>Makear geellakid \u2013 kauap\u00fcsivad v\u00e4rvid, lihtne pealekandmine ja t\u00f5estatud koostis<\/strong><\/h2>\n<p>Makeari geellakid on ideaalne valik neile, kes otsivad vastupidavust, tugevat katvust ja lihtsat pealekandmist. T\u00e4nu keskmise paksusega konsistentsile on pealekandmine lihtne; lakk ei valgu k\u00fc\u00fcnenahkadele ja tasandub \u00fchtlaselt.<\/p>\n<p>K\u00f5ik Makeari geellakid on <strong>HEMA TASUTA<\/strong>, mis t\u00e4hendab, et need ei sisalda koostisosi, mida k\u00f5ige sagedamini seostatakse allergiatega. Makear pakub <strong>\u00fcle 300 tooni<\/strong> geellakkidest, mis on loodud stilistide ja klientidega, kes hindavad kvaliteeti ja ohutust.<\/p>\n<p>The <strong>Makear geellakk kuuvalguse (v\u00e4lgatuse) efektiga<\/strong> on v\u00e4rvi ja s\u00e4rava l\u00e4ike kombinatsioon. Miljonid lakis h\u00f5ljuvad osakesed peegeldavad \u00f5rnalt valgust, luues iga k\u00e4eliigutusega \u00f5rna l\u00e4ike efekti. P\u00e4evavalguses n\u00e4eb see peen v\u00e4lja ja kunstlikus valguses v\u00f5i v\u00e4lgus paljastab intensiivse kuma.<\/p>\n<p>See on ideaalne valik, kui soovid oma stiilile lisada modernset iseloomu ja v\u00e4rskust, s\u00e4ilitades samal ajal \u00f5rna ja elegantse v\u00e4limuse. Flash-efekt muudab manik\u00fc\u00fcri kergeks, kuid pilkup\u00fc\u00fcdvaks.<\/p>\n<h3><strong>Miks valivad stilistid Makear geellakke?<\/strong><\/h3>\n<ul>\n<li><strong>Manik\u00fc\u00fcri vastupidavus<\/strong> mitu n\u00e4dalat ilma hakkimiseta<\/li>\n<li><strong>K\u00f5rge pigmentatsioon<\/strong> \u2013 hea katvus juba esimesest kihist alates<\/li>\n<li><strong>HEMA-vaba koostis<\/strong> \u2013 sobib ka tundlikule nahale<\/li>\n<li><strong>Vegan koostis<\/strong><\/li>\n<li><strong>Lihtne pealekandmine<\/strong> \u2013 ei ulatu k\u00fc\u00fcnenahka \u00fcle, tasandub \u00fchtlaselt<\/li>\n<li><strong>\u00dcle 300 v\u00e4rvi<\/strong> pakkumises<\/li>\n<li><strong>T\u00e4ppishari<\/strong> k\u00fc\u00fcnenahkade \u00fcmbruse t\u00f6\u00f6tlemiseks<\/li>\n<\/ul>\n<\/div>","protected":false},"featured_media":11188,"template":"","meta":[],"product_brand":[],"product_cat":[116,131,304,218,305],"product_tag":[],"class_list":{"0":"post-11184","1":"product","2":"type-product","3":"status-publish","4":"has-post-thumbnail","6":"product_cat-makear","7":"product_cat-gel-polishes-makear","8":"product_cat-moonlight","9":"product_cat-nail-gel-polishes","10":"product_cat-moonlight-nail-gel-polishes","12":"first","13":"instock","14":"taxable","15":"shipping-taxable","16":"purchasable","17":"product-type-simple"},"jetpack_sharing_enabled":true,"_links":{"self":[{"href":"https:\/\/shop.bestudio.ee\/et\/wp-json\/wp\/v2\/product\/11184","targetHints":{"allow":["GET"]}}],"collection":[{"href":"https:\/\/shop.bestudio.ee\/et\/wp-json\/wp\/v2\/product"}],"about":[{"href":"https:\/\/shop.bestudio.ee\/et\/wp-json\/wp\/v2\/types\/product"}],"wp:featuredmedia":[{"embeddable":true,"href":"https:\/\/shop.bestudio.ee\/et\/wp-json\/wp\/v2\/media\/11188"}],"wp:attachment":[{"href":"https:\/\/shop.bestudio.ee\/et\/wp-json\/wp\/v2\/media?parent=11184"}],"wp:term":[{"taxonomy":"product_brand","embeddable":true,"href":"https:\/\/shop.bestudio.ee\/et\/wp-json\/wp\/v2\/product_brand?post=11184"},{"taxonomy":"product_cat","embeddable":true,"href":"https:\/\/shop.bestudio.ee\/et\/wp-json\/wp\/v2\/product_cat?post=11184"},{"taxonomy":"product_tag","embeddable":true,"href":"https:\/\/shop.bestudio.ee\/et\/wp-json\/wp\/v2\/product_tag?post=11184"}],"curies":[{"name":"t\u00f6\u00f6leht","href":"https:\/\/api.w.org\/{rel}","templated":true}]}}