{"id":11234,"date":"2026-03-29T12:58:24","date_gmt":"2026-03-29T09:58:24","guid":{"rendered":"https:\/\/shop.bestudio.ee\/?post_type=product&#038;p=11234"},"modified":"2026-03-29T12:58:24","modified_gmt":"2026-03-29T09:58:24","slug":"rebuild-natural-14ml","status":"publish","type":"product","link":"https:\/\/shop.bestudio.ee\/et\/toode\/rebuild-natural-14ml\/","title":{"rendered":"ReBuild Natural, 14ml"},"content":{"rendered":"<h4 class=\"seGZY9w oKkksZn---typography-11-runningText oKkksZn---priority-7-primary _HOcyB x4nptw sxbtulv ftb6e2\" aria-hidden=\"false\" data-hook=\"info-section-title\">Aktiivsed koostisosad:<\/h4>\n<div class=\"aecizt ciGGdC QfrfFD cell\" data-hook=\"collapse-info-minus-icon\">K\u00fc\u00fcneplaadi niisutamine: Hibisk on rikas taimse lima poolest, mis s\u00e4ilitab niiskust ning aitab v\u00e4ltida kuivust ja rabedust.<\/div>\n<div class=\"rah-static rah-static--height-auto\" aria-hidden=\"false\">\n<div class=\"ulKuLk QfrfFD cell\">\n<div class=\"zp8uy2\" data-hook=\"info-section-description\">\n<p>Lillehapped stimuleerivad keratiinikihi uuenemist, muutes k\u00fc\u00fcned tihedamaks ja vastupidavamaks l\u00f5henemisele.<\/p>\n<p>Looduslikud happed siluvad \u00f5rnalt k\u00fc\u00fcne mikroreljeefi ja pehmendavad servade n\u00e4htavust. Neil on kerge heledamaks muutev toime, mis aitab v\u00e4ltida k\u00fc\u00fcnte kollasust pigmentide v\u00f5i v\u00e4liste tegurite t\u00f5ttu.<\/p>\n<p>K\u00f5rge antioks\u00fcdantide sisaldus kaitseb k\u00fc\u00fcsi oks\u00fcdatiivse stressi ja agressiivsete keskkonnam\u00f5jude eest.<\/p>\n<\/div>\n<\/div>\n<\/div>\n<h4 class=\"seGZY9w oKkksZn---typography-11-runningText oKkksZn---priority-7-primary _HOcyB x4nptw sxbtulv ftb6e2\" aria-hidden=\"false\" data-hook=\"info-section-title\"><strong>Kasutamine:<\/strong><\/h4>\n<div class=\"rah-static rah-static--height-auto\" aria-hidden=\"false\">\n<div>\n<div class=\"ulKuLk QfrfFD cell\">\n<div class=\"zp8uy2\" data-hook=\"info-section-description\">\n<div>\n<p>Aluslakina: 1 kiht k\u00fc\u00fcnelaki alla<\/p>\n<p>Hooldusrutiini osana: 2 kihti n\u00e4dalas \u2013 2 kihti \u2013 eemaldamine iga kihti vahel \u2013 kasutage 2 v\u00f5i 3 n\u00e4dala jooksul<\/p>\n<p>T\u00e4iusliku v\u00e4rvi ja h\u00e4gususe efekti saavutamiseks: 2 kihti<\/p>\n<\/div>\n<\/div>\n<\/div>\n<\/div>\n<\/div>\n<h4 class=\"seGZY9w oKkksZn---typography-11-runningText oKkksZn---priority-7-primary _HOcyB x4nptw sxbtulv ftb6e2\" aria-hidden=\"false\" data-hook=\"info-section-title\"><strong>Maht:<\/strong><\/h4>\n<div class=\"rah-static rah-static--height-auto\" aria-hidden=\"false\">\n<div>\n<div class=\"ulKuLk QfrfFD cell\">\n<div class=\"zp8uy2\" data-hook=\"info-section-description\">\n<p>14 ml<\/p>\n<\/div>\n<\/div>\n<\/div>\n<\/div>","protected":false},"excerpt":{"rendered":"<p>See on ideaalne segu k\u00fc\u00fcnehooldusvahendist, aluslakist ja neutraalsest peitekreemist h\u00e4gustava efektiga.<\/p>\n<div>\n<p>Bioaktiivne taastav koostis sisaldab ainulaadset k\u00fc\u00fcnele kasulike f\u00fctokemikaalide, antioks\u00fcdantide ja tervislike lillehapete kompleksi, mis parandab k\u00fc\u00fcne struktuuri p\u00f5hjalikult. Nutri-PLEX kompleks soodustab pehmete ja aeglaselt kasvavate k\u00fc\u00fcnte tervet kasvu. Selle valgustpeegeldav ja talkivaba koostis h\u00e4gustab koheselt kortse ja eba\u00fchtlast tooni, luues sileda ja filtreeritud pinna, mida saab kanda nii \u00fcksi kui ka laki all.<\/p>\n<div>\n<p>100% TALKIVABA. Nutikas koostis, mis peegeldab valgust, h\u00e4gustab koheselt ebat\u00e4iused ja loob k\u00fc\u00fcntele sileda l\u00f5uendi.<\/p>\n<ul>\n<li>Toodet ei ole loomadel testitud<\/li>\n<li>Vegan<\/li>\n<li>Valmistatud Itaalias<\/li>\n<\/ul>\n<\/div>\n<\/div>","protected":false},"featured_media":11235,"template":"","meta":[],"product_brand":[],"product_cat":[99,97,98],"product_tag":[],"class_list":{"0":"post-11234","1":"product","2":"type-product","3":"status-publish","4":"has-post-thumbnail","6":"product_cat-straderm","7":"product_cat-personal-use","8":"product_cat-professional-use","10":"first","11":"instock","12":"taxable","13":"shipping-taxable","14":"purchasable","15":"product-type-simple"},"jetpack_sharing_enabled":true,"_links":{"self":[{"href":"https:\/\/shop.bestudio.ee\/et\/wp-json\/wp\/v2\/product\/11234","targetHints":{"allow":["GET"]}}],"collection":[{"href":"https:\/\/shop.bestudio.ee\/et\/wp-json\/wp\/v2\/product"}],"about":[{"href":"https:\/\/shop.bestudio.ee\/et\/wp-json\/wp\/v2\/types\/product"}],"wp:featuredmedia":[{"embeddable":true,"href":"https:\/\/shop.bestudio.ee\/et\/wp-json\/wp\/v2\/media\/11235"}],"wp:attachment":[{"href":"https:\/\/shop.bestudio.ee\/et\/wp-json\/wp\/v2\/media?parent=11234"}],"wp:term":[{"taxonomy":"product_brand","embeddable":true,"href":"https:\/\/shop.bestudio.ee\/et\/wp-json\/wp\/v2\/product_brand?post=11234"},{"taxonomy":"product_cat","embeddable":true,"href":"https:\/\/shop.bestudio.ee\/et\/wp-json\/wp\/v2\/product_cat?post=11234"},{"taxonomy":"product_tag","embeddable":true,"href":"https:\/\/shop.bestudio.ee\/et\/wp-json\/wp\/v2\/product_tag?post=11234"}],"curies":[{"name":"t\u00f6\u00f6leht","href":"https:\/\/api.w.org\/{rel}","templated":true}]}}