{"id":11259,"date":"2026-03-29T20:11:14","date_gmt":"2026-03-29T17:11:14","guid":{"rendered":"https:\/\/shop.bestudio.ee\/?post_type=product&#038;p=11259"},"modified":"2026-03-29T20:11:14","modified_gmt":"2026-03-29T17:11:14","slug":"luxio-energy-tpo-free","status":"publish","type":"product","link":"https:\/\/shop.bestudio.ee\/et\/toode\/luxio-energy-tpo-free\/","title":{"rendered":"LUXIO\u00ae ENERGY (TPO-VABA)"},"content":{"rendered":"<h3 class=\"station-tabs-tabtitle\"><span id=\"station-tabs-tab_ht-i0-t31\" class=\"station-tabs-tab is-active\" tabindex=\"0\" role=\"button\" aria-controls=\"station-tabs-tabpanel_ht-i0-t31\" data-slug=\"application\" aria-expanded=\"true\"><span class=\"station-tabs-tabtext\">Rakendus:<\/span><\/span><\/h3>\n<div id=\"station-tabs-tabpanel_ht-i0-t31\" class=\"station-tabs-tabpanel is-active\" role=\"region\" aria-labelledby=\"station-tabs-tab_ht-i0-t31\" aria-hidden=\"false\">\n<div class=\"station-tabs-tabcontent\">\n<p><strong>1. samm: K\u00fc\u00fcnte ettevalmistamine<\/strong><br \/>\nAlusta naturaalsete k\u00fc\u00fcnte p\u00f5hjalikust ettevalmistamisest: puhasta Akz\u00e9ntz Prep &amp; Wipe&#039;iga, l\u00fckka k\u00fc\u00fcnenahad tagasi v\u00f5i eemalda need ja poleeri k\u00fc\u00fcneplaati, eemaldades kogu l\u00e4ike. Soovitame kasutada 180-teralist viili.<\/p>\n<p><strong>2. samm: baasrakendus<\/strong><br \/>\nKanna k\u00fc\u00fcne keskele \u00f5huke ja \u00fchtlane kiht Luxio\u00ae Base&#039;i, l\u00fckates pintslit ettevaatlikult k\u00fc\u00fcnenahani seda puudutamata. Silu baasi kerge k\u00e4ega vaba serva suunas, tagades k\u00fc\u00fcneplaadi t\u00e4ieliku katvuse. Lase 30 sekundit k\u00f5veneda.<\/p>\n<p><strong>3. samm: v\u00e4rvi pealekandmine<\/strong><br \/>\nVali soovitud Luxio\u00ae v\u00e4rv. Kasutades sama tehnikat, kanna v\u00e4rv peale, l\u00fckates pintslit k\u00fc\u00fcnenaha poole ja t\u00f5mmates seda \u00fchtlaselt k\u00fc\u00fcnele alla. Lase 30 sekundit kuivada.<\/p>\n<p><strong>4. samm: Teine v\u00e4rvikiht<\/strong><br \/>\nTeise kihi v\u00e4rvimiseks korrake v\u00e4rvi pealekandmise protsessi. Edasij\u00f5udnud k\u00fc\u00fcnekunstnikele soovitame t\u00e4iusliku tulemuse saavutamiseks kasutada peent laineripintslit, et kanda v\u00e4rv k\u00fc\u00fcnenahale v\u00f5imalikult l\u00e4hedale, ilma et see sellega kokku puutuks. Laske 30 sekundit kuivada.<\/p>\n<p><strong>5. samm: l\u00f5peta<\/strong><br \/>\nL\u00f5peta teenus kauakestva l\u00e4ikiva viimistluse saavutamiseks Luxio\u00ae Glossi pealekandmisega. Lase 30 sekundit kuivada ja seej\u00e4rel eemalda kleepuv kiht Akz\u00e9ntz Prep &amp; Wipe&#039;iga. Kui eelistad mittenakkuvat pealispinda, kasuta Akz\u00e9ntz Shine-On&#039;i. Mati efekti saab saavutada ka Akz\u00e9ntz Matte-On&#039;iga.<\/p>\n<\/div>\n<h3 class=\"station-tabs-tabtitle\"><span id=\"station-tabs-tab_ht-i0-t35\" class=\"station-tabs-tab is-active\" tabindex=\"0\" role=\"button\" aria-controls=\"station-tabs-tabpanel_ht-i0-t35\" data-slug=\"removal\" aria-expanded=\"true\"><span class=\"station-tabs-tabtext\">Eemaldamine:<\/span><\/span><\/h3>\n<div id=\"station-tabs-tabpanel_ht-i0-t35\" class=\"station-tabs-tabpanel is-active\" role=\"region\" aria-labelledby=\"station-tabs-tab_ht-i0-t35\" aria-hidden=\"false\">\n<div class=\"station-tabs-tabcontent\">\n<p>Eemalda kas ettevaatliku viilimise teel v\u00f5i Akz\u00e9ntz Soak-Off geelieemaldajaga.<\/p>\n<\/div>\n<h3 class=\"station-tabs-tabtitle\"><span id=\"station-tabs-tab_ht-i0-t39\" class=\"station-tabs-tab is-active\" tabindex=\"0\" role=\"button\" aria-controls=\"station-tabs-tabpanel_ht-i0-t39\" data-slug=\"formula-information\" aria-expanded=\"true\"><span class=\"station-tabs-tabtext\">Valemi teave:<\/span><\/span><\/h3>\n<div id=\"station-tabs-tabpanel_ht-i0-t39\" class=\"station-tabs-tabpanel is-active\" role=\"region\" aria-labelledby=\"station-tabs-tab_ht-i0-t39\" aria-hidden=\"false\">\n<div class=\"station-tabs-tabcontent\">\n<ul>\n<li>100% Pure Gel\u2122<\/li>\n<li>TPO-vaba, HEMA-vaba, 10-vaba, lahustivaba, l\u00f5hnavaba<\/li>\n<li>Loomakatseteta ja vegan<\/li>\n<li>Valmistatud ainult Euroopast ja P\u00f5hja-Ameerikast p\u00e4rit toorainetest<\/li>\n<\/ul>\n<\/div>\n<\/div>\n<\/div>\n<\/div>","protected":false},"excerpt":{"rendered":"<h1 class=\"station-tabs-tabtitle\"><span id=\"station-tabs-tab_ht-i0-t19\" class=\"station-tabs-tab is-active\" tabindex=\"0\" role=\"button\" aria-controls=\"station-tabs-tabpanel_ht-i0-t19\" data-slug=\"about-luxio%C2%AE\" aria-expanded=\"true\"><span class=\"station-tabs-tabtext\">Luxio\u00ae kohta\u00a0<\/span><\/span><\/h1>\n<div id=\"station-tabs-tabpanel_ht-i0-t19\" class=\"station-tabs-tabpanel is-active\" role=\"region\" aria-labelledby=\"station-tabs-tab_ht-i0-t19\" aria-hidden=\"false\">\n<div class=\"station-tabs-tabcontent\">\n<p><em>Puhas luksus.<\/em> K\u00f5ige n\u00f5udlikumatele professionaalidele loodud Luxio pakub ideaalselt kontrollitud pealekandmist \u2013 selle kreemjas tekstuur jaotub minimaalse pingutusega siledaks ja \u00fchtlaseks pinnale.<\/p>\n<p>Selle tuumaks on meie 100% Pure Gel\u2122 tehnoloogia. See on vaba karmidest lahustitest ja valmistatud hoolikalt valitud toorainetest Euroopast ja P\u00f5hja-Ameerikast, pakkudes tugevust ilma j\u00e4ikuseta, paindlikkust ilma kompromissideta ja vastupidavat (3+ n\u00e4dalat), mis austab looduslike k\u00fc\u00fcnte tervist ja ilu.<\/p>\n<p>Pigmendid (EL-i poolt heaks kiidetud ja hoolikalt valitud) annavad v\u00e4rvipuhtuse ja l\u00e4bipaistmatuse, mis tundub nii tahtlik kui ka pingutuseta \u2013 olenemata sellest, kas toon on l\u00e4bipaistev v\u00f5i t\u00e4ielikult l\u00e4bipaistmatu. Tulemuseks on kauap\u00fcsiv ja mugav kate, mis toetab k\u00fc\u00fcnt.<\/p>\n<p>Luxio\u00ae on s\u00fcsteem, mis on loodud professionaalidele, kes hindavad j\u00e4rjepidevust, t\u00e4psust ja kontrolli.<\/p>\n<h1 class=\"station-tabs-tabtitle\"><span id=\"station-tabs-tab_ht-i0-t13\" class=\"station-tabs-tab is-active\" tabindex=\"0\" role=\"button\" aria-controls=\"station-tabs-tabpanel_ht-i0-t13\" data-slug=\"product-highlights\" aria-expanded=\"true\"><span class=\"station-tabs-tabtext\">Toote esilet\u00f5stmised\u00a0<\/span><\/span><\/h1>\n<div id=\"station-tabs-tabpanel_ht-i0-t13\" class=\"station-tabs-tabpanel is-active\" role=\"region\" aria-labelledby=\"station-tabs-tab_ht-i0-t13\" aria-hidden=\"false\">\n<div class=\"station-tabs-tabcontent\">\n<ul>\n<li>Lihtne kasutada<\/li>\n<li>Mittekahanev<\/li>\n<li>Isetasanduv sileda ja \u00fchtlase pinna saavutamiseks<\/li>\n<li>\u00dchtlane katvus<\/li>\n<li>Katab looduslikud k\u00fc\u00fcned kaitsva kihina<\/li>\n<li>Paindlik koostis<\/li>\n<li>T\u00e4iesti l\u00f5hnatu<\/li>\n<li>Ainult professionaalseks kasutamiseks<\/li>\n<li>Valmistatud Kanadas<\/li>\n<\/ul>\n<p><b>Viimistlus:\u00a0<\/b>Pooll\u00e4bipaistmatu<br \/>\n<b>Katvus: <\/b>4\/5<\/p>\n<p>Energy on ergas ja efektne oran\u017e toon, mida pehmendab \u00f5rn valge varjund, mis hajutab selle heledust. T\u00e4iesti l\u00e4bipaistmatu ja sujuvalt pealekantav v\u00e4rv tundub pigem helendav kui intensiivne, luues moodsa, pehmendatud oran\u017ei ja iseloomuliku kvaliteedi. Ere, kuid tasakaalustatud Energy annab k\u00fc\u00fcnele julge v\u00e4rvi ja ootamatu kerguse.<\/p>\n<\/div>\n<\/div>\n<\/div>\n<\/div>","protected":false},"featured_media":11265,"template":"","meta":[],"product_brand":[],"product_cat":[307,267],"product_tag":[],"class_list":{"0":"post-11259","1":"product","2":"type-product","3":"status-publish","4":"has-post-thumbnail","6":"product_cat-luxio-s-s-26-late-checkout","7":"product_cat-akzentz","9":"first","10":"instock","11":"taxable","12":"shipping-taxable","13":"purchasable","14":"product-type-simple"},"jetpack_sharing_enabled":true,"_links":{"self":[{"href":"https:\/\/shop.bestudio.ee\/et\/wp-json\/wp\/v2\/product\/11259","targetHints":{"allow":["GET"]}}],"collection":[{"href":"https:\/\/shop.bestudio.ee\/et\/wp-json\/wp\/v2\/product"}],"about":[{"href":"https:\/\/shop.bestudio.ee\/et\/wp-json\/wp\/v2\/types\/product"}],"wp:featuredmedia":[{"embeddable":true,"href":"https:\/\/shop.bestudio.ee\/et\/wp-json\/wp\/v2\/media\/11265"}],"wp:attachment":[{"href":"https:\/\/shop.bestudio.ee\/et\/wp-json\/wp\/v2\/media?parent=11259"}],"wp:term":[{"taxonomy":"product_brand","embeddable":true,"href":"https:\/\/shop.bestudio.ee\/et\/wp-json\/wp\/v2\/product_brand?post=11259"},{"taxonomy":"product_cat","embeddable":true,"href":"https:\/\/shop.bestudio.ee\/et\/wp-json\/wp\/v2\/product_cat?post=11259"},{"taxonomy":"product_tag","embeddable":true,"href":"https:\/\/shop.bestudio.ee\/et\/wp-json\/wp\/v2\/product_tag?post=11259"}],"curies":[{"name":"t\u00f6\u00f6leht","href":"https:\/\/api.w.org\/{rel}","templated":true}]}}