{"id":1424,"date":"2019-02-11T12:58:22","date_gmt":"2019-02-11T12:58:22","guid":{"rendered":"https:\/\/pood.desolbeauty.ee\/?post_type=product&#038;p=1424"},"modified":"2023-11-01T17:08:54","modified_gmt":"2023-11-01T17:08:54","slug":"provocater-pink-stardust-glitterpulber","status":"publish","type":"product","link":"https:\/\/shop.bestudio.ee\/et\/toode\/provocater-pink-stardust-glitterpulber\/","title":{"rendered":"Provocater Pink Stardust s\u00e4rapuuder"},"content":{"rendered":"<p>3 g,<\/p>\n<p>1066,66\u20ac\/1KG<\/p>\n<p>K\u00dcLMUMISE VALMISTAMINE \u2013 LIHTSALT EFEKTIIVNE MANIK\u00dc\u00dcRI LIIKUMINE<\/p>\n<p>K\u00fc\u00fcnte s\u00e4rapuudrid on kaunis ja \u00fclimalt efektne s\u00e4raornament. Nende peamine eelis on see, et neid on isegi v\u00e4ga lihtne kasutada. K\u00f5ik, mida pead tegema, on pritsida s\u00e4rapuuder korralikult \u00f5ietolmuga ja seej\u00e4rel h\u00f5\u00f5ruda see k\u00fc\u00fcnepinnale. Erinevalt maalitud mustritest, mis alati ei \u00f5nnestu, sobivad Provocateur k\u00fc\u00fcnelakid suurep\u00e4raselt kergeks pealekandmiseks ja m\u00f5neks hetkeks mugavaks v\u00e4limuseks. Nail art \u00f5ietolm on universaalne ornament, mis t\u00f6\u00f6tab peaaegu iga k\u00fc\u00fcnelaki peal ja n\u00e4eb igal naisel v\u00e4lja t\u00e4iesti erinev.<\/p>\n<p>KUIDAS S\u00c4RKEPULBER KAHJUSTAB?<\/p>\n<p>Meie s\u00e4rapulbreid saab h\u00f5\u00f5ruda v\u00f5i puistata k\u00f5vastunud h\u00fcbriidv\u00e4rvina (dispersioon). Seej\u00e4rel eemaldad pehme harjaga \u00fcleliigse \u00f5ietolmu ja l\u00f5puks katab kogu pealmise ja tehtud! Teie k\u00fc\u00fcned on juba originaalsed ja ainulaadsed. K\u00fc\u00fcnte s\u00e4rapuudrid Provocater k\u00fc\u00fcned r\u00f5\u00f5mustavad teie s\u00f5pru ja k\u00f6idavad meeste t\u00e4helepanu.<\/p>\n<p>S\u00c4REPULBER = PIIRATUD V\u00d5IMALUSED<\/p>\n<p>K\u00fc\u00fcnte efektid, mida saate meie \u00f5ietolmuga luua, on t\u00f5eliselt l\u00f5putud. Saate kombineerida erinevaid \u00f5ietolmu ja luua oma ainulaadse ja originaalse kombinatsiooni, t\u00e4nu millele saate alati oma kaunite h\u00fcbriididega silma paista.<\/p>\n<p>LISAVALMISTAMINE TULEB NAELATA<\/p>\n<p>Kuidas muuta tavalisele lakiv\u00e4rvile eriline s\u00e4ra? Kasutage selleks \u00fcht meie \u00f5ietolmust. Vapustavad efektid, t\u00e4pid, peegeldavad kaunilt valgust. Meie pakkumisest leiate muu hulgas efekte kullale ja mitmev\u00e4rvilistele v\u00e4rvidele. Kas eelistate t\u00e4histaevast? Meil on teile staatiline efekt kolmes trendikas toonis: teemant (valge), galaxy (eresinine) ja roosa (roosa). Teie k\u00fc\u00fcned n\u00e4evad v\u00e4lja nagu t\u00e4hetolmuga triibutatud tolm.<\/p>\n<p>Rafineeritud elegantsi austajatele oleme valmistanud kuldse \u00f5ietolmu Golden Glossi, mis annab igale stiliseerimisele luksust. Seda \u00f5ietolmu saab kasutada erinevates p\u00f5hiv\u00e4rvides ja anda neile kuldse s\u00e4ra. Kui kuld ei ole teie v\u00e4rv, pange peegelpilt. Sel hooajal on moes k\u00fc\u00fcnepeegel, mille loote metallklaasi efekti kasutades.<\/p>\n<p>Kas sa oled aukuninganna? Proovige kindlasti kahte meie \u00f5ietolmu: Holo Effect ehk hologrammk\u00fc\u00fcned ja Opal Powder Effect, mis muudab tooni nagu kameeleon. K\u00fc\u00fcnte holograafilisi efekte saab vastavalt soovile muuta. V\u00e4ike holo aktsent v\u00f5i t\u00e4ielik katvus.<\/p>\n<p>Valige efekt ja looge oma stilisatsioon!<\/p>","protected":false},"excerpt":{"rendered":"<p>STARDUST liin on h\u00e4mmastav \u00f5ietolm, t\u00e4nu millele saate lehel kauni ja p\u00fcsiva efekti. Kui rakendate Diamond Stardust efekti, s\u00e4ravad teie k\u00fc\u00fcned miljoni v\u00e4ikese h\u00f5bedase t\u00e4pikesega, mis peegeldavad valgust. Efekt pole kunagi olnud nii k\u00fcllastunud ja elegantne. Laske end ahvatleda.<\/p>\n<p>Anna oma k\u00fc\u00fcntele ainulaadne iseloom!<\/p>","protected":false},"featured_media":1425,"template":"","meta":[],"product_brand":[],"product_cat":[229,74],"product_tag":[215,214],"class_list":{"0":"post-1424","1":"product","2":"type-product","3":"status-publish","4":"has-post-thumbnail","6":"product_cat-nail-art","7":"product_cat-pearl-and-glitter-powders","8":"product_tag-kuunte-kunsti-pulber","9":"product_tag-nail-art-powder","11":"first","12":"instock","13":"sale","14":"taxable","15":"shipping-taxable","16":"purchasable","17":"product-type-simple"},"jetpack_sharing_enabled":true,"_links":{"self":[{"href":"https:\/\/shop.bestudio.ee\/et\/wp-json\/wp\/v2\/product\/1424","targetHints":{"allow":["GET"]}}],"collection":[{"href":"https:\/\/shop.bestudio.ee\/et\/wp-json\/wp\/v2\/product"}],"about":[{"href":"https:\/\/shop.bestudio.ee\/et\/wp-json\/wp\/v2\/types\/product"}],"wp:featuredmedia":[{"embeddable":true,"href":"https:\/\/shop.bestudio.ee\/et\/wp-json\/wp\/v2\/media\/1425"}],"wp:attachment":[{"href":"https:\/\/shop.bestudio.ee\/et\/wp-json\/wp\/v2\/media?parent=1424"}],"wp:term":[{"taxonomy":"product_brand","embeddable":true,"href":"https:\/\/shop.bestudio.ee\/et\/wp-json\/wp\/v2\/product_brand?post=1424"},{"taxonomy":"product_cat","embeddable":true,"href":"https:\/\/shop.bestudio.ee\/et\/wp-json\/wp\/v2\/product_cat?post=1424"},{"taxonomy":"product_tag","embeddable":true,"href":"https:\/\/shop.bestudio.ee\/et\/wp-json\/wp\/v2\/product_tag?post=1424"}],"curies":[{"name":"t\u00f6\u00f6leht","href":"https:\/\/api.w.org\/{rel}","templated":true}]}}