{"id":465,"date":"2017-02-19T15:13:58","date_gmt":"2017-02-19T15:13:58","guid":{"rendered":"http:\/\/pood.desolbeauty.ee\/?post_type=product&#038;p=465"},"modified":"2026-03-05T11:07:47","modified_gmt":"2026-03-05T09:07:47","slug":"dadi-oil-kuunehooldusoli-15ml","status":"publish","type":"product","link":"https:\/\/shop.bestudio.ee\/et\/toode\/dadi-oil-kuunehooldusoli-15ml\/","title":{"rendered":"DADI OIL k\u00fc\u00fcnehooldus\u00f5li, 14,3ml"},"content":{"rendered":"","protected":false},"excerpt":{"rendered":"<p>ETTEVAATUST PROFESSIONAALIDE HINDADEGA \u2013 PALUN LOGI SISSE!<\/p>\n<p>DADI&#039; OIL\u2122 K\u00dc\u00dcNEHOOLDUS\u00d5LI ON 95% ORGAANILINE<br \/>\nDadi&#039; Oil\u2122 on sertifitseeritud orgaaniliste \u00f5lide segu, mis muudab k\u00fc\u00fcneplaadi elastseks, vastupidavaks ning annab sellele loomuliku ja tervisliku l\u00e4ike. Dadi&#039; Oil\u2122 imendub kiiresti ja ei j\u00e4ta k\u00fc\u00fcneplaadi pinda \u00f5liseks, lisaks on tootel uskumatult meeldiv l\u00f5hn.<br \/>\nSuurimad eelised<br \/>\n\u2013 Segu koosneb 21 looduslikust eeterlikust \u00f5list, sealhulgas erinevad tsitruselised, vanilje, bergamot, rosmariin, sidrunhein, avokaado, lavendel, jojoba jt.<br \/>\n\u2013 Parandab k\u00fc\u00fcnte vastupidavust, elastsust, loomulikku l\u00e4iget, ei lase neil murduda ning soodustab naha ja k\u00fc\u00fcnenaha niisutamist.<br \/>\n\u2013 Pikk s\u00e4ilivusaeg, mis samas ei kahjusta toote kasulikke omadusi \u2013 teenib sind viimse tilgani!<br \/>\nHuvitavaid fakte<br \/>\n\u2013 Ameerika mainekas erialaajakiri Nail Pro Magazine nimetas Dadi&#039; Oil\u2122 \u00f5li 2012. aasta parimaks uudistooteks ja parimaks k\u00fc\u00fcnenahahooldustooteks.<br \/>\n\u2013 Dadi&#039; Oil\u2122 k\u00fc\u00fcne\u00f5li looja on Jim Nordstrom, kelle juhtimisel loodi CND-s ka kuulus Solar Oil\u2122. Toote kuulus nimi Dadi&#039; Oil\u2122 on Jimi t\u00fctre Nicky Nordstromi autor.<br \/>\n\u2013 \u00dclej\u00e4\u00e4nud 5% toote koostisest on looduslik E-vitamiin (tokoferool).<br \/>\n\u2013 Pakendil olev t\u00e4hekombinatsioon IMOSSN koosneb fraasi In Memory Of Stuart S. Nordstrom esit\u00e4htedest. Stuart Nordstrom oli Jimi isa, Creative Nail Designi (n\u00fc\u00fcd CND) asutaja. Dadi&#039; Oil\u2122 t\u00f6\u00f6tas v\u00e4lja Jim Nordstrom. Ta on ka kuulsa k\u00fc\u00fcnte ja k\u00fc\u00fcnenaha hoolduseks m\u00f5eldud Solar Oil\u2122 looja. P\u00e4rast CND-st lahkumist asutas Jim oma ettev\u00f5tte Famous Names, mis t\u00f5i turule uue p\u00f5lvkonna k\u00fc\u00fcnehooldustoodete sarja. Tuntuimad neist on Dadi&#039; Oil\u2122 \u00f5li ja revolutsiooniline k\u00fc\u00fcnte tugevdamise s\u00fcsteem IBX.<\/p>","protected":false},"featured_media":9376,"template":"","meta":[],"product_brand":[],"product_cat":[52,54,234,235,244,246],"product_tag":[199,201,200,198],"class_list":{"0":"post-465","1":"product","2":"type-product","3":"status-publish","4":"has-post-thumbnail","6":"product_cat-famous-names","7":"product_cat-dadi-oil","8":"product_cat-homecare-products","9":"product_cat-nail-oil","10":"product_cat-pedicure","11":"product_cat-homecare-products-pedicure","12":"product_tag-kuuntele","13":"product_tag-nails","14":"product_tag-oil-for-cuticles","15":"product_tag-oli-kuunenahale","17":"first","18":"instock","19":"sale","20":"taxable","21":"shipping-taxable","22":"purchasable","23":"product-type-simple"},"jetpack_sharing_enabled":true,"_links":{"self":[{"href":"https:\/\/shop.bestudio.ee\/et\/wp-json\/wp\/v2\/product\/465","targetHints":{"allow":["GET"]}}],"collection":[{"href":"https:\/\/shop.bestudio.ee\/et\/wp-json\/wp\/v2\/product"}],"about":[{"href":"https:\/\/shop.bestudio.ee\/et\/wp-json\/wp\/v2\/types\/product"}],"wp:featuredmedia":[{"embeddable":true,"href":"https:\/\/shop.bestudio.ee\/et\/wp-json\/wp\/v2\/media\/9376"}],"wp:attachment":[{"href":"https:\/\/shop.bestudio.ee\/et\/wp-json\/wp\/v2\/media?parent=465"}],"wp:term":[{"taxonomy":"product_brand","embeddable":true,"href":"https:\/\/shop.bestudio.ee\/et\/wp-json\/wp\/v2\/product_brand?post=465"},{"taxonomy":"product_cat","embeddable":true,"href":"https:\/\/shop.bestudio.ee\/et\/wp-json\/wp\/v2\/product_cat?post=465"},{"taxonomy":"product_tag","embeddable":true,"href":"https:\/\/shop.bestudio.ee\/et\/wp-json\/wp\/v2\/product_tag?post=465"}],"curies":[{"name":"t\u00f6\u00f6leht","href":"https:\/\/api.w.org\/{rel}","templated":true}]}}