{"id":477,"date":"2017-02-19T15:32:39","date_gmt":"2017-02-19T15:32:39","guid":{"rendered":"http:\/\/pood.desolbeauty.ee\/?post_type=product&#038;p=477"},"modified":"2025-12-18T16:33:19","modified_gmt":"2025-12-18T14:33:19","slug":"luxury-dadi-kreem","status":"publish","type":"product","link":"https:\/\/shop.bestudio.ee\/et\/toode\/luxury-dadi-kreem\/","title":{"rendered":"Luksuslik DADI losjoon, 916 ML"},"content":{"rendered":"<p>Suurus:<\/p>\n<p>916 ml<\/p>\n<p>&nbsp;<\/p>","protected":false},"excerpt":{"rendered":"<p>ETTEVAATUST PROFESSIONAALSETE HINNADELE \u2013 PALUN LOGI SISSE!<\/p>\n<p>Orgaanilistest ainetest koosnev kreem on m\u00f5eldud kogu kehale.<\/p>\n<p>Imendub kiiresti ja j\u00e4tmata rasvaseid j\u00e4lgi. L\u00f5pptulemus j\u00e4tab naha pehmeks, niisutatuks ja l\u00e4ikivaks.<\/p>\n<p>Kreem sisaldab avokaado ja jojoba ekstrakti, oliivi\u00f5li ja looduslikku E-vitamiini.<\/p>","protected":false},"featured_media":478,"template":"","meta":[],"product_brand":[],"product_cat":[52,56,234,236,244,246],"product_tag":[183,184,185,101],"class_list":{"0":"post-477","1":"product","2":"type-product","3":"status-publish","4":"has-post-thumbnail","6":"product_cat-famous-names","7":"product_cat-dadi-lotion","8":"product_cat-homecare-products","9":"product_cat-lotion-cream","10":"product_cat-pedicure","11":"product_cat-homecare-products-pedicure","12":"product_tag-cream","13":"product_tag-kreem","14":"product_tag-losjoon","15":"product_tag-lotion","17":"first","18":"instock","19":"taxable","20":"shipping-taxable","21":"purchasable","22":"product-type-simple"},"jetpack_sharing_enabled":true,"_links":{"self":[{"href":"https:\/\/shop.bestudio.ee\/et\/wp-json\/wp\/v2\/product\/477","targetHints":{"allow":["GET"]}}],"collection":[{"href":"https:\/\/shop.bestudio.ee\/et\/wp-json\/wp\/v2\/product"}],"about":[{"href":"https:\/\/shop.bestudio.ee\/et\/wp-json\/wp\/v2\/types\/product"}],"wp:featuredmedia":[{"embeddable":true,"href":"https:\/\/shop.bestudio.ee\/et\/wp-json\/wp\/v2\/media\/478"}],"wp:attachment":[{"href":"https:\/\/shop.bestudio.ee\/et\/wp-json\/wp\/v2\/media?parent=477"}],"wp:term":[{"taxonomy":"product_brand","embeddable":true,"href":"https:\/\/shop.bestudio.ee\/et\/wp-json\/wp\/v2\/product_brand?post=477"},{"taxonomy":"product_cat","embeddable":true,"href":"https:\/\/shop.bestudio.ee\/et\/wp-json\/wp\/v2\/product_cat?post=477"},{"taxonomy":"product_tag","embeddable":true,"href":"https:\/\/shop.bestudio.ee\/et\/wp-json\/wp\/v2\/product_tag?post=477"}],"curies":[{"name":"t\u00f6\u00f6leht","href":"https:\/\/api.w.org\/{rel}","templated":true}]}}