{"id":4855,"date":"2019-11-08T13:49:41","date_gmt":"2019-11-08T13:49:41","guid":{"rendered":"https:\/\/pood.desolbeauty.ee\/?post_type=product&#038;p=4855"},"modified":"2025-12-01T00:32:10","modified_gmt":"2025-11-30T22:32:10","slug":"dadi-lip-balm-huulepalsam","status":"publish","type":"product","link":"https:\/\/shop.bestudio.ee\/et\/toode\/dadi-lip-balm-huulepalsam\/","title":{"rendered":"DADI huulepalsam"},"content":{"rendered":"<p>3,75 g<\/p>","protected":false},"excerpt":{"rendered":"<p>ETTEVAATUST PROFESSIONAARI HINNAGA \u2013 LOGI SISSE!<\/p>\n<p>Dadi huulepalsam on t\u00e4iesti loomulik, kauap\u00fcsiv huulepalsam.<\/p>\n<p>See rahustab ja niisutab koheselt kuivi, l\u00f5henenud huuli.<\/p>\n<p>Dadi huulepalsami koostis: mesilasvaha, kookos\u00f5li, kakaov\u00f5i ja Dadi \u00f5li\u00f5lid.<\/p>\n<p>Ei sisalda parabeene ega petrooleumi.<\/p>","protected":false},"featured_media":4856,"template":"","meta":[],"product_brand":[],"product_cat":[52,85,234,240],"product_tag":[181,182],"class_list":{"0":"post-4855","1":"product","2":"type-product","3":"status-publish","4":"has-post-thumbnail","6":"product_cat-famous-names","7":"product_cat-dadi-lip-balm","8":"product_cat-homecare-products","9":"product_cat-lip-balm","10":"product_tag-huulepalsam","11":"product_tag-lip-balm","13":"first","14":"instock","15":"taxable","16":"shipping-taxable","17":"purchasable","18":"product-type-simple"},"jetpack_sharing_enabled":true,"_links":{"self":[{"href":"https:\/\/shop.bestudio.ee\/et\/wp-json\/wp\/v2\/product\/4855","targetHints":{"allow":["GET"]}}],"collection":[{"href":"https:\/\/shop.bestudio.ee\/et\/wp-json\/wp\/v2\/product"}],"about":[{"href":"https:\/\/shop.bestudio.ee\/et\/wp-json\/wp\/v2\/types\/product"}],"wp:featuredmedia":[{"embeddable":true,"href":"https:\/\/shop.bestudio.ee\/et\/wp-json\/wp\/v2\/media\/4856"}],"wp:attachment":[{"href":"https:\/\/shop.bestudio.ee\/et\/wp-json\/wp\/v2\/media?parent=4855"}],"wp:term":[{"taxonomy":"product_brand","embeddable":true,"href":"https:\/\/shop.bestudio.ee\/et\/wp-json\/wp\/v2\/product_brand?post=4855"},{"taxonomy":"product_cat","embeddable":true,"href":"https:\/\/shop.bestudio.ee\/et\/wp-json\/wp\/v2\/product_cat?post=4855"},{"taxonomy":"product_tag","embeddable":true,"href":"https:\/\/shop.bestudio.ee\/et\/wp-json\/wp\/v2\/product_tag?post=4855"}],"curies":[{"name":"t\u00f6\u00f6leht","href":"https:\/\/api.w.org\/{rel}","templated":true}]}}